{"id":27460,"date":"2026-02-04T03:21:56","date_gmt":"2026-02-04T00:21:56","guid":{"rendered":"https:\/\/a-pant.ee\/product\/telefon-samsung-galaxy-z-flip-4-512-8gb\/"},"modified":"2026-02-22T12:32:03","modified_gmt":"2026-02-22T09:32:03","slug":"telefon-samsung-galaxy-z-flip-4-512-8gb-korobka-kabel","status":"publish","type":"product","link":"https:\/\/a-pant.ee\/ru\/product\/telefon-samsung-galaxy-z-flip-4-512-8gb-korobka-kabel\/","title":{"rendered":"\u0422\u0435\u043b\u0435\u0444\u043e\u043d Samsung Galaxy Z Flip 4 512\/8GB + \u041a\u043e\u0440\u043e\u0431\u043a\u0430 + \u041a\u0430\u0431\u0435\u043b\u044c"},"content":{"rendered":"\n<p> Telefon Samsung Galaxy Z Flip 4 512\/8GB + Karp + Juhe\u00a0, heas seisu- ja t\u00f6\u00f6korras! <\/p><p> KIRJELDUS <\/p><ul><li> Ekraan: <ul><li> Peamine: 6.7&#8243;, Dynamic AMOLED 2X, resolutsioon 2640 x 1080 pikslit (FHD+), v\u00e4rskendussagedus 120 Hz <\/li><li> V\u00e4line: 1.9&#8243;, Super AMOLED, resolutsioon 260 x 512 pikslit <\/li><\/ul><\/li><li> Protsessor:\u00a0Qualcomm Snapdragon 8+ Gen 1 (8-tuumaline) <\/li><li> M\u00e4lu: <ul><li> Sisemine: 512 GB <\/li><li> RAM: 8 GB <\/li><\/ul><\/li><li> Kaamerad: <ul><li> Tagumine (topelt): <ul><li> 12 MP (p\u00f5hiobjektiiv, f\/1.8, optiline stabilisatsioon) <\/li><li> 12 MP (\u00fclilainurkobjektiiv, f\/2.2) <\/li><\/ul><\/li><li> Esikaamera: 10 MP (f\/2.4) <\/li><\/ul><\/li><li> Aku: <ul><li> Maht: 3700 mAh <\/li><li> Kiirlaadimine: 25 W <\/li><li> Juhtmevaba laadimine: 15 W <\/li><li> Tagurpidi laadimine: 4.5 W <\/li><\/ul><\/li><li> Operatsioonis\u00fcsteem:\u00a0Android 12 koos One UI 4.1 kasutajaliidesega <\/li><li> V\u00f5rgutugi:\u00a05G, 4G LTE <\/li><li> Disain: <ul><li> Materjalid: alumiinium ja klaas (Corning Gorilla Glass Victus+) <\/li><li> Kokkupandav mehhanism: kompaktne vorm <\/li><li> Veekindlus: IPX8 (lubatud kuni 1,5 m s\u00fcgavusel 30 minutit) <\/li><\/ul><\/li><li> Biomeetria:\u00a0K\u00fclgmine s\u00f5rmej\u00e4ljelugeja, n\u00e4otuvastus <\/li><li> \u00dchendused: <ul><li> Bluetooth 5.2 <\/li><li> NFC <\/li><li> Wi-Fi 6 <\/li><li> USB-C <\/li><\/ul><\/li><li> M\u00f5\u00f5tmed (lahtiv\u00f5etult):\u00a0165.2 x 71.9 x 6.9 mm <\/li><li> Kaal:\u00a0187 g <\/li><li><\/li><\/ul>\n","protected":false},"excerpt":{"rendered":"<p>Telefon Samsung Galaxy Z Flip 4 512\/8GB + Karp + Juhe\u00a0, heas seisu- ja t\u00f6\u00f6korras! KIRJELDUS Ekraan: Peamine: 6.7&#8243;, Dynamic AMOLED 2X, resolutsioon 2640 x 1080 pikslit (FHD+), v\u00e4rskendussagedus 120 Hz V\u00e4line: 1.9&#8243;, Super AMOLED, resolutsioon 260 x 512 pikslit Protsessor:\u00a0Qualcomm Snapdragon 8+ Gen 1 (8-tuumaline) M\u00e4lu: Sisemine: 512 GB RAM: 8 GB Kaamerad: Tagumine [&hellip;]<\/p>\n","protected":false},"featured_media":27461,"comment_status":"closed","ping_status":"closed","template":"","meta":{"inline_featured_image":false},"product_brand":[],"product_cat":[171],"product_tag":[],"class_list":{"0":"post-27460","1":"product","2":"type-product","3":"status-publish","4":"has-post-thumbnail","6":"product_cat-mobilnye-telefony","7":"pa_asukoht-mustamae","8":"pa_seisukord-ispolzovano","10":"first","11":"outofstock","12":"taxable","13":"shipping-taxable","14":"purchasable","15":"product-type-simple"},"_links":{"self":[{"href":"https:\/\/a-pant.ee\/ru\/wp-json\/wp\/v2\/product\/27460","targetHints":{"allow":["GET"]}}],"collection":[{"href":"https:\/\/a-pant.ee\/ru\/wp-json\/wp\/v2\/product"}],"about":[{"href":"https:\/\/a-pant.ee\/ru\/wp-json\/wp\/v2\/types\/product"}],"replies":[{"embeddable":true,"href":"https:\/\/a-pant.ee\/ru\/wp-json\/wp\/v2\/comments?post=27460"}],"wp:featuredmedia":[{"embeddable":true,"href":"https:\/\/a-pant.ee\/ru\/wp-json\/wp\/v2\/media\/27461"}],"wp:attachment":[{"href":"https:\/\/a-pant.ee\/ru\/wp-json\/wp\/v2\/media?parent=27460"}],"wp:term":[{"taxonomy":"product_brand","embeddable":true,"href":"https:\/\/a-pant.ee\/ru\/wp-json\/wp\/v2\/product_brand?post=27460"},{"taxonomy":"product_cat","embeddable":true,"href":"https:\/\/a-pant.ee\/ru\/wp-json\/wp\/v2\/product_cat?post=27460"},{"taxonomy":"product_tag","embeddable":true,"href":"https:\/\/a-pant.ee\/ru\/wp-json\/wp\/v2\/product_tag?post=27460"}],"curies":[{"name":"wp","href":"https:\/\/api.w.org\/{rel}","templated":true}]}}