{"id":27453,"date":"2026-02-04T03:21:56","date_gmt":"2026-02-04T00:21:56","guid":{"rendered":"https:\/\/a-pant.ee\/product\/benzinovyy-trimmer-alpina-tr-250\/"},"modified":"2026-02-22T12:32:02","modified_gmt":"2026-02-22T09:32:02","slug":"benzinovyj-trimmer-alpina-tr-250-2","status":"publish","type":"product","link":"https:\/\/a-pant.ee\/ru\/product\/benzinovyj-trimmer-alpina-tr-250-2\/","title":{"rendered":"\u0411\u0435\u043d\u0437\u0438\u043d\u043e\u0432\u044b\u0439 \u0442\u0440\u0438\u043c\u043c\u0435\u0440 Alpina TR 250"},"content":{"rendered":"\n<p> Bensiinimurutrimmer Alpina TR 250\u00a0, heas seisu- ja t\u00f6\u00f6korras! <\/p><p> KIRJELDUS <\/p><p> Alpina TR 250 J rohutrimmeril on 25,4 cm3 bensiinimootor. <br \/> V\u00f5ll on poolitatav, et s\u00e4\u00e4sta hoiuruumi, kui seda ei kasutata, ja h\u00f5lbustada selle transportimist. <br \/> TR 250 J-l on \u00fche silmuse k\u00e4epide ja uuenduslik kaherealine Tap &amp; Go pea, mis vabastab j\u00f5hvi kiiresti, lihtsalt koputades seda maapinnale. <br \/> L\u00f5ikelaius 38 cm. <\/p>\n","protected":false},"excerpt":{"rendered":"<p>Bensiinimurutrimmer Alpina TR 250\u00a0, heas seisu- ja t\u00f6\u00f6korras! KIRJELDUS Alpina TR 250 J rohutrimmeril on 25,4 cm3 bensiinimootor. V\u00f5ll on poolitatav, et s\u00e4\u00e4sta hoiuruumi, kui seda ei kasutata, ja h\u00f5lbustada selle transportimist. TR 250 J-l on \u00fche silmuse k\u00e4epide ja uuenduslik kaherealine Tap &amp; Go pea, mis vabastab j\u00f5hvi kiiresti, lihtsalt koputades seda maapinnale. L\u00f5ikelaius [&hellip;]<\/p>\n","protected":false},"featured_media":27454,"comment_status":"closed","ping_status":"closed","template":"","meta":{"inline_featured_image":false},"product_brand":[],"product_cat":[220],"product_tag":[],"class_list":{"0":"post-27453","1":"product","2":"type-product","3":"status-publish","4":"has-post-thumbnail","6":"product_cat-sadovye-instrumenty","7":"product_shipping_class-oversize","8":"pa_asukoht-lasnamae","9":"pa_seisukord-ispolzovano","11":"first","12":"instock","13":"taxable","14":"shipping-taxable","15":"purchasable","16":"product-type-simple"},"_links":{"self":[{"href":"https:\/\/a-pant.ee\/ru\/wp-json\/wp\/v2\/product\/27453","targetHints":{"allow":["GET"]}}],"collection":[{"href":"https:\/\/a-pant.ee\/ru\/wp-json\/wp\/v2\/product"}],"about":[{"href":"https:\/\/a-pant.ee\/ru\/wp-json\/wp\/v2\/types\/product"}],"replies":[{"embeddable":true,"href":"https:\/\/a-pant.ee\/ru\/wp-json\/wp\/v2\/comments?post=27453"}],"wp:featuredmedia":[{"embeddable":true,"href":"https:\/\/a-pant.ee\/ru\/wp-json\/wp\/v2\/media\/27454"}],"wp:attachment":[{"href":"https:\/\/a-pant.ee\/ru\/wp-json\/wp\/v2\/media?parent=27453"}],"wp:term":[{"taxonomy":"product_brand","embeddable":true,"href":"https:\/\/a-pant.ee\/ru\/wp-json\/wp\/v2\/product_brand?post=27453"},{"taxonomy":"product_cat","embeddable":true,"href":"https:\/\/a-pant.ee\/ru\/wp-json\/wp\/v2\/product_cat?post=27453"},{"taxonomy":"product_tag","embeddable":true,"href":"https:\/\/a-pant.ee\/ru\/wp-json\/wp\/v2\/product_tag?post=27453"}],"curies":[{"name":"wp","href":"https:\/\/api.w.org\/{rel}","templated":true}]}}