{"id":27421,"date":"2026-02-04T03:21:56","date_gmt":"2026-02-04T00:21:56","guid":{"rendered":"https:\/\/a-pant.ee\/product\/renovator-fein-afmt12qsl-ak-25ah\/"},"modified":"2026-02-22T12:32:02","modified_gmt":"2026-02-22T09:32:02","slug":"renovator-fein-afmt12qsl-ak-25ach-2sht-zaryadka-nasadki","status":"publish","type":"product","link":"https:\/\/a-pant.ee\/ru\/product\/renovator-fein-afmt12qsl-ak-25ach-2sht-zaryadka-nasadki\/","title":{"rendered":"\u0420\u0435\u043d\u043e\u0432\u0430\u0442\u043e\u0440 Fein AFMT12Q(SL) + \u0430\u043a. 2,5\u0410\u0447 2\u0448\u0442 + \u0437\u0430\u0440\u044f\u0434\u043a\u0430 + \u043d\u0430\u0441\u0430\u0434\u043a\u0438"},"content":{"rendered":"\n<p> Renovator Ferm AFMT12Q(SL) + aku 2,5Ah(ilma laadija)\u00a0, heas seisu- ja t\u00f6\u00f6korras! <\/p><p> KIRJELDUS <\/p><p> Mootori t\u00fc\u00fcp: harjatud <\/p><p> Elekter. kiiruse reguleerimine Jah <\/p><p> V\u00f5nkenurk 3 kraadi <\/p><p> OIS \u00fchenduse t\u00fc\u00fcp <\/p><p> Aku t\u00fc\u00fcp Li-lon <\/p><p> Aku mahutavus 2,5 Ah <\/p><p> Pinge 12V <\/p><p> Taustvalgus puudub <\/p><p> Vibreeriv k\u00e4epide puudub <\/p><p> Majapidamistoodete klass <\/p><p> V\u00f5nkesagedus 19000 kol\/min <\/p><p> Puudub \u00fchendus tolmuimejaga <\/p><p> Pehme k\u00e4ivitus nr <\/p><p> Konstantse kiiruse hoidmine koormuse nr <\/p><p> Kaasas olevate patareide arv: 1 <\/p><p> Aku toiteallikas <\/p>\n","protected":false},"excerpt":{"rendered":"<p>Renovator Ferm AFMT12Q(SL) + aku 2,5Ah(ilma laadija)\u00a0, heas seisu- ja t\u00f6\u00f6korras! KIRJELDUS Mootori t\u00fc\u00fcp: harjatud Elekter. kiiruse reguleerimine Jah V\u00f5nkenurk 3 kraadi OIS \u00fchenduse t\u00fc\u00fcp Aku t\u00fc\u00fcp Li-lon Aku mahutavus 2,5 Ah Pinge 12V Taustvalgus puudub Vibreeriv k\u00e4epide puudub Majapidamistoodete klass V\u00f5nkesagedus 19000 kol\/min Puudub \u00fchendus tolmuimejaga Pehme k\u00e4ivitus nr Konstantse kiiruse hoidmine koormuse nr [&hellip;]<\/p>\n","protected":false},"featured_media":27422,"comment_status":"closed","ping_status":"open","template":"","meta":{"inline_featured_image":false},"product_brand":[],"product_cat":[247],"product_tag":[],"class_list":{"0":"post-27421","1":"product","2":"type-product","3":"status-publish","4":"has-post-thumbnail","6":"product_cat-universalnye-instrumenty","7":"pa_asukoht-lasnamae","8":"pa_seisukord-ispolzovano","10":"first","11":"outofstock","12":"taxable","13":"shipping-taxable","14":"purchasable","15":"product-type-simple"},"_links":{"self":[{"href":"https:\/\/a-pant.ee\/ru\/wp-json\/wp\/v2\/product\/27421","targetHints":{"allow":["GET"]}}],"collection":[{"href":"https:\/\/a-pant.ee\/ru\/wp-json\/wp\/v2\/product"}],"about":[{"href":"https:\/\/a-pant.ee\/ru\/wp-json\/wp\/v2\/types\/product"}],"replies":[{"embeddable":true,"href":"https:\/\/a-pant.ee\/ru\/wp-json\/wp\/v2\/comments?post=27421"}],"wp:featuredmedia":[{"embeddable":true,"href":"https:\/\/a-pant.ee\/ru\/wp-json\/wp\/v2\/media\/27422"}],"wp:attachment":[{"href":"https:\/\/a-pant.ee\/ru\/wp-json\/wp\/v2\/media?parent=27421"}],"wp:term":[{"taxonomy":"product_brand","embeddable":true,"href":"https:\/\/a-pant.ee\/ru\/wp-json\/wp\/v2\/product_brand?post=27421"},{"taxonomy":"product_cat","embeddable":true,"href":"https:\/\/a-pant.ee\/ru\/wp-json\/wp\/v2\/product_cat?post=27421"},{"taxonomy":"product_tag","embeddable":true,"href":"https:\/\/a-pant.ee\/ru\/wp-json\/wp\/v2\/product_tag?post=27421"}],"curies":[{"name":"wp","href":"https:\/\/api.w.org\/{rel}","templated":true}]}}