{"id":27413,"date":"2026-02-04T03:21:56","date_gmt":"2026-02-04T00:21:56","guid":{"rendered":"https:\/\/a-pant.ee\/product\/perforator-edward-rh-l0118-akumulator\/"},"modified":"2026-02-22T12:32:01","modified_gmt":"2026-02-22T09:32:01","slug":"perforator-edward-rh-l0118-aku-20ach-aku-40ach-zaryadka","status":"publish","type":"product","link":"https:\/\/a-pant.ee\/ru\/product\/perforator-edward-rh-l0118-aku-20ach-aku-40ach-zaryadka\/","title":{"rendered":"\u041f\u0435\u0440\u0444\u043e\u0440\u0430\u0442\u043e\u0440 Edward RH-L0118 + \u0410\u043a\u0443 2,0\u0410\u0447 + \u0430\u043a\u0443 4,0\u0410\u0447 + \u0417\u0430\u0440\u044f\u0434\u043a\u0430"},"content":{"rendered":"\n<p> Puurvasar Edward RH-L0118 + Aku 2,0Ah + aku 4,0Ah + Laadija\u00a0, heas seisu- ja t\u00f6\u00f6korras! <\/p><p> KIRJELDUS <\/p><p> K\u00f5rgus (cm) <br \/> 20 <br \/> Pikkus (cm) <br \/> 32 <br \/> Seadme kaal (kg) <br \/> 2.3 <\/p><p> p\u00f6\u00f6ret\/min <br \/> 0-1500 <\/p>\n","protected":false},"excerpt":{"rendered":"<p>Puurvasar Edward RH-L0118 + Aku 2,0Ah + aku 4,0Ah + Laadija\u00a0, heas seisu- ja t\u00f6\u00f6korras! KIRJELDUS K\u00f5rgus (cm) 20 Pikkus (cm) 32 Seadme kaal (kg) 2.3 p\u00f6\u00f6ret\/min 0-1500<\/p>\n","protected":false},"featured_media":27414,"comment_status":"closed","ping_status":"open","template":"","meta":{"inline_featured_image":false},"product_brand":[],"product_cat":[239],"product_tag":[],"class_list":{"0":"post-27413","1":"product","2":"type-product","3":"status-publish","4":"has-post-thumbnail","6":"product_cat-perforatory-i-dreli","7":"pa_asukoht-lasnamae","8":"pa_seisukord-ispolzovano","10":"first","11":"instock","12":"taxable","13":"shipping-taxable","14":"purchasable","15":"product-type-simple"},"_links":{"self":[{"href":"https:\/\/a-pant.ee\/ru\/wp-json\/wp\/v2\/product\/27413","targetHints":{"allow":["GET"]}}],"collection":[{"href":"https:\/\/a-pant.ee\/ru\/wp-json\/wp\/v2\/product"}],"about":[{"href":"https:\/\/a-pant.ee\/ru\/wp-json\/wp\/v2\/types\/product"}],"replies":[{"embeddable":true,"href":"https:\/\/a-pant.ee\/ru\/wp-json\/wp\/v2\/comments?post=27413"}],"wp:featuredmedia":[{"embeddable":true,"href":"https:\/\/a-pant.ee\/ru\/wp-json\/wp\/v2\/media\/27414"}],"wp:attachment":[{"href":"https:\/\/a-pant.ee\/ru\/wp-json\/wp\/v2\/media?parent=27413"}],"wp:term":[{"taxonomy":"product_brand","embeddable":true,"href":"https:\/\/a-pant.ee\/ru\/wp-json\/wp\/v2\/product_brand?post=27413"},{"taxonomy":"product_cat","embeddable":true,"href":"https:\/\/a-pant.ee\/ru\/wp-json\/wp\/v2\/product_cat?post=27413"},{"taxonomy":"product_tag","embeddable":true,"href":"https:\/\/a-pant.ee\/ru\/wp-json\/wp\/v2\/product_tag?post=27413"}],"curies":[{"name":"wp","href":"https:\/\/api.w.org\/{rel}","templated":true}]}}