{"id":27398,"date":"2026-02-04T03:21:56","date_gmt":"2026-02-04T00:21:56","guid":{"rendered":"https:\/\/a-pant.ee\/product\/akudrel-bosch-grs-18v-28\/"},"modified":"2026-02-22T12:32:01","modified_gmt":"2026-02-22T09:32:01","slug":"akudrel-bosch-grs-18v-28-aku-60ach-zaryadka","status":"publish","type":"product","link":"https:\/\/a-pant.ee\/ru\/product\/akudrel-bosch-grs-18v-28-aku-60ach-zaryadka\/","title":{"rendered":"\u0410\u043a\u0443\u0434\u0440\u0435\u043b\u044c Bosch GRS 18V-28 + \u0410\u043a\u0443 6,0\u0410\u0447 + \u0417\u0430\u0440\u044f\u0434\u043a\u0430"},"content":{"rendered":"\n<p> Akutrell Bosch GRS 18V-28 + Aku 6,0Ah + Laadija\u00a0, heas seisu- ja t\u00f6\u00f6korras! <\/p><p> KIRJELDUS <\/p><p> Toitumine: <br \/> Akust <br \/> Kiirus: <br \/> 2 <br \/> Maksimaalne t\u00fchik\u00e4igu kiirus: <br \/> 1900 p\u00f6\u00f6ret minutis <br \/> Maksimaalne p\u00f6\u00f6rdemoment: <br \/> 63 Nm <br \/> Padruni t\u00fc\u00fcp: <br \/> Kiirvabastus <br \/> Padruni l\u00e4bim\u00f5\u00f5t: <br \/> 1,5-13 mm <br \/> Maksimaalne puuri l\u00e4bim\u00f5\u00f5t <br \/> Puu: <br \/> 38 mm <br \/> Metall: <br \/> 13 mm <br \/> Omadused ja funktsioonid <br \/> Tagurpidi: <br \/> S\u00f6\u00f6 <br \/> Aku <br \/> Aku t\u00fc\u00fcp: <br \/> Liitium-ioon <br \/> Aku pinge: <br \/> 18 V <\/p>\n","protected":false},"excerpt":{"rendered":"<p>Akutrell Bosch GRS 18V-28 + Aku 6,0Ah + Laadija\u00a0, heas seisu- ja t\u00f6\u00f6korras! KIRJELDUS Toitumine: Akust Kiirus: 2 Maksimaalne t\u00fchik\u00e4igu kiirus: 1900 p\u00f6\u00f6ret minutis Maksimaalne p\u00f6\u00f6rdemoment: 63 Nm Padruni t\u00fc\u00fcp: Kiirvabastus Padruni l\u00e4bim\u00f5\u00f5t: 1,5-13 mm Maksimaalne puuri l\u00e4bim\u00f5\u00f5t Puu: 38 mm Metall: 13 mm Omadused ja funktsioonid Tagurpidi: S\u00f6\u00f6 Aku Aku t\u00fc\u00fcp: Liitium-ioon Aku pinge: [&hellip;]<\/p>\n","protected":false},"featured_media":27399,"comment_status":"closed","ping_status":"open","template":"","meta":{"inline_featured_image":false},"product_brand":[],"product_cat":[221],"product_tag":[],"class_list":{"0":"post-27398","1":"product","2":"type-product","3":"status-publish","4":"has-post-thumbnail","6":"product_cat-akkumulyatornye-dreli","7":"pa_asukoht-lasnamae","8":"pa_seisukord-ispolzovano","10":"first","11":"instock","12":"taxable","13":"shipping-taxable","14":"purchasable","15":"product-type-simple"},"_links":{"self":[{"href":"https:\/\/a-pant.ee\/ru\/wp-json\/wp\/v2\/product\/27398","targetHints":{"allow":["GET"]}}],"collection":[{"href":"https:\/\/a-pant.ee\/ru\/wp-json\/wp\/v2\/product"}],"about":[{"href":"https:\/\/a-pant.ee\/ru\/wp-json\/wp\/v2\/types\/product"}],"replies":[{"embeddable":true,"href":"https:\/\/a-pant.ee\/ru\/wp-json\/wp\/v2\/comments?post=27398"}],"wp:featuredmedia":[{"embeddable":true,"href":"https:\/\/a-pant.ee\/ru\/wp-json\/wp\/v2\/media\/27399"}],"wp:attachment":[{"href":"https:\/\/a-pant.ee\/ru\/wp-json\/wp\/v2\/media?parent=27398"}],"wp:term":[{"taxonomy":"product_brand","embeddable":true,"href":"https:\/\/a-pant.ee\/ru\/wp-json\/wp\/v2\/product_brand?post=27398"},{"taxonomy":"product_cat","embeddable":true,"href":"https:\/\/a-pant.ee\/ru\/wp-json\/wp\/v2\/product_cat?post=27398"},{"taxonomy":"product_tag","embeddable":true,"href":"https:\/\/a-pant.ee\/ru\/wp-json\/wp\/v2\/product_tag?post=27398"}],"curies":[{"name":"wp","href":"https:\/\/api.w.org\/{rel}","templated":true}]}}