{"id":27376,"date":"2026-02-04T03:21:56","date_gmt":"2026-02-04T00:21:56","guid":{"rendered":"https:\/\/a-pant.ee\/product\/listoduy-alpina-abl-27v-meshok-truby-korobka\/"},"modified":"2026-02-22T12:32:00","modified_gmt":"2026-02-22T09:32:00","slug":"listoduj-alpina-abl-27v-meshok-truby-korobka","status":"publish","type":"product","link":"https:\/\/a-pant.ee\/ru\/product\/listoduj-alpina-abl-27v-meshok-truby-korobka\/","title":{"rendered":"\u041b\u0438\u0441\u0442\u043e\u0434\u0443\u0439 Alpina ABL 27V + \u041c\u0435\u0448\u043e\u043a + \u0422\u0440\u0443\u0431\u044b + \u041a\u043e\u0440\u043e\u0431\u043a\u0430"},"content":{"rendered":"\n<p> Lehepuhur Alpina ABL 27V + Kott + Torud + Karp, heas seisu- ja t\u00f6\u00f6korras! <\/p><p> KIRJELDUS <\/p><ul><li> Seadme t\u00fc\u00fcp:\u00a0K\u00e4sitsi juhitav bensiinimootoriga lehtpuhur, millel on puhumis-, imemis- ja jahvatusfunktsioonid. <\/li><li> Mootor: <ul><li> T\u00fc\u00fcp: 2-taktiline bensiinimootor. <\/li><li> Mahutavus: 27,6 cm\u00b3. <\/li><li> V\u00f5imsus: 1,1 hj (800 W). <\/li><li> Maksimaalsed p\u00f6\u00f6red: 8300 p\/min. <\/li><li> K\u00fctusepaagi maht: 0,45 l. <\/li><\/ul><\/li><li> Tootlikkus: <ul><li> Maksimaalne \u00f5huvoolu kiirus: 260 km\/h. <\/li><li> \u00d5huvool (puhumine): 10,2 m\u00b3\/min. <\/li><\/ul><\/li><li> Pr\u00fcgikogumismahutavus: <ul><li> Maht: 55 l. <\/li><\/ul><\/li><li> M\u00fcra tase:\u00a094 dB. <\/li><li> M\u00f5\u00f5dud:\u00a0127,5 x 45,2 x 44 cm. <\/li><li> Kaal:\u00a06 kg. <\/li><li> Erip\u00e4rad: <ul><li> Kompaktne ja kerge disain mugavaks kasutamiseks. <\/li><li> Puhumise, imemise ja jahvatamise funktsioonid t\u00f5husaks koristamiseks. <\/li><li> K\u00f5rge tootlikkus ja v\u00f5imas mootor kiireks t\u00f6\u00f6ks. <\/li><\/ul><\/li><\/ul>\n","protected":false},"excerpt":{"rendered":"<p>Lehepuhur Alpina ABL 27V + Kott + Torud + Karp, heas seisu- ja t\u00f6\u00f6korras! KIRJELDUS Seadme t\u00fc\u00fcp:\u00a0K\u00e4sitsi juhitav bensiinimootoriga lehtpuhur, millel on puhumis-, imemis- ja jahvatusfunktsioonid. Mootor: T\u00fc\u00fcp: 2-taktiline bensiinimootor. Mahutavus: 27,6 cm\u00b3. V\u00f5imsus: 1,1 hj (800 W). Maksimaalsed p\u00f6\u00f6red: 8300 p\/min. K\u00fctusepaagi maht: 0,45 l. Tootlikkus: Maksimaalne \u00f5huvoolu kiirus: 260 km\/h. \u00d5huvool (puhumine): 10,2 [&hellip;]<\/p>\n","protected":false},"featured_media":27377,"comment_status":"closed","ping_status":"closed","template":"","meta":{"inline_featured_image":false},"product_brand":[],"product_cat":[220],"product_tag":[],"class_list":{"0":"post-27376","1":"product","2":"type-product","3":"status-publish","4":"has-post-thumbnail","6":"product_cat-sadovye-instrumenty","7":"product_shipping_class-oversize","8":"pa_asukoht-mustamae","9":"pa_seisukord-ispolzovano","11":"first","12":"instock","13":"taxable","14":"shipping-taxable","15":"purchasable","16":"product-type-simple"},"_links":{"self":[{"href":"https:\/\/a-pant.ee\/ru\/wp-json\/wp\/v2\/product\/27376","targetHints":{"allow":["GET"]}}],"collection":[{"href":"https:\/\/a-pant.ee\/ru\/wp-json\/wp\/v2\/product"}],"about":[{"href":"https:\/\/a-pant.ee\/ru\/wp-json\/wp\/v2\/types\/product"}],"replies":[{"embeddable":true,"href":"https:\/\/a-pant.ee\/ru\/wp-json\/wp\/v2\/comments?post=27376"}],"wp:featuredmedia":[{"embeddable":true,"href":"https:\/\/a-pant.ee\/ru\/wp-json\/wp\/v2\/media\/27377"}],"wp:attachment":[{"href":"https:\/\/a-pant.ee\/ru\/wp-json\/wp\/v2\/media?parent=27376"}],"wp:term":[{"taxonomy":"product_brand","embeddable":true,"href":"https:\/\/a-pant.ee\/ru\/wp-json\/wp\/v2\/product_brand?post=27376"},{"taxonomy":"product_cat","embeddable":true,"href":"https:\/\/a-pant.ee\/ru\/wp-json\/wp\/v2\/product_cat?post=27376"},{"taxonomy":"product_tag","embeddable":true,"href":"https:\/\/a-pant.ee\/ru\/wp-json\/wp\/v2\/product_tag?post=27376"}],"curies":[{"name":"wp","href":"https:\/\/api.w.org\/{rel}","templated":true}]}}