{"id":27370,"date":"2026-02-04T03:21:56","date_gmt":"2026-02-04T00:21:56","guid":{"rendered":"https:\/\/a-pant.ee\/product\/gvozdostrel-paslode-im90-akum-3sht\/"},"modified":"2026-02-22T12:32:00","modified_gmt":"2026-02-22T09:32:00","slug":"akkumulyator-gaz-gvozdostrel-paslode-im90-akum-3sht-bolona","status":"publish","type":"product","link":"https:\/\/a-pant.ee\/ru\/product\/akkumulyator-gaz-gvozdostrel-paslode-im90-akum-3sht-bolona\/","title":{"rendered":"\u0410\u043a\u043a\u0443\u043c\u0443\u043b\u044f\u0442\u043e\u0440\/\u0413\u0430\u0437 \u0413\u0432\u043e\u0437\u0434\u043e\u0441\u0442\u0440\u0435\u043b Paslode IM90+\u0410\u043a\u0443\u043c+ 3\u0448\u0442 \u0411\u043e\u043b\u043e\u043d\u0430+"},"content":{"rendered":"\n<p> Aku\/Gaasi Naelap\u00fcstol Paslode IM90+Aku+Baloonid 3tk+LaadiJa+Kohver, heas seisu- ja t\u00f6\u00f6korras! <\/p><p> KIRJELDUS <\/p><p> Laske energia 105 J <br \/> Lameda peaga naelad pikkusega 50\u201390 mm (siledad ja soonega) <br \/> Aku t\u00fc\u00fcp NiMh &#8212; 1,5 Ah &#8212; 6V DC Autonoomia: <br \/> Aku mahutavus 4000 lasku <br \/> Gaasiballooni t\u00f6\u00f6maht 1250 lasku <br \/> Kaal koos akuga 3,7 kg <br \/> L\u00fchikese salve mahutavus 37 naela <br \/> Pika salve mahutavus 74 naela <br \/> Tulekiirus 2 kuni 3 naela sekundis <\/p>\n","protected":false},"excerpt":{"rendered":"<p>Aku\/Gaasi Naelap\u00fcstol Paslode IM90+Aku+Baloonid 3tk+LaadiJa+Kohver, heas seisu- ja t\u00f6\u00f6korras! KIRJELDUS Laske energia 105 J Lameda peaga naelad pikkusega 50\u201390 mm (siledad ja soonega) Aku t\u00fc\u00fcp NiMh &#8212; 1,5 Ah &#8212; 6V DC Autonoomia: Aku mahutavus 4000 lasku Gaasiballooni t\u00f6\u00f6maht 1250 lasku Kaal koos akuga 3,7 kg L\u00fchikese salve mahutavus 37 naela Pika salve mahutavus 74 [&hellip;]<\/p>\n","protected":false},"featured_media":27371,"comment_status":"closed","ping_status":"open","template":"","meta":{"inline_featured_image":false},"product_brand":[],"product_cat":[224],"product_tag":[],"class_list":{"0":"post-27370","1":"product","2":"type-product","3":"status-publish","4":"has-post-thumbnail","6":"product_cat-gazovye-pistolety","7":"pa_asukoht-mustamae","8":"pa_seisukord-ispolzovano","10":"first","11":"instock","12":"taxable","13":"shipping-taxable","14":"purchasable","15":"product-type-simple"},"_links":{"self":[{"href":"https:\/\/a-pant.ee\/ru\/wp-json\/wp\/v2\/product\/27370","targetHints":{"allow":["GET"]}}],"collection":[{"href":"https:\/\/a-pant.ee\/ru\/wp-json\/wp\/v2\/product"}],"about":[{"href":"https:\/\/a-pant.ee\/ru\/wp-json\/wp\/v2\/types\/product"}],"replies":[{"embeddable":true,"href":"https:\/\/a-pant.ee\/ru\/wp-json\/wp\/v2\/comments?post=27370"}],"wp:featuredmedia":[{"embeddable":true,"href":"https:\/\/a-pant.ee\/ru\/wp-json\/wp\/v2\/media\/27371"}],"wp:attachment":[{"href":"https:\/\/a-pant.ee\/ru\/wp-json\/wp\/v2\/media?parent=27370"}],"wp:term":[{"taxonomy":"product_brand","embeddable":true,"href":"https:\/\/a-pant.ee\/ru\/wp-json\/wp\/v2\/product_brand?post=27370"},{"taxonomy":"product_cat","embeddable":true,"href":"https:\/\/a-pant.ee\/ru\/wp-json\/wp\/v2\/product_cat?post=27370"},{"taxonomy":"product_tag","embeddable":true,"href":"https:\/\/a-pant.ee\/ru\/wp-json\/wp\/v2\/product_tag?post=27370"}],"curies":[{"name":"wp","href":"https:\/\/api.w.org\/{rel}","templated":true}]}}