{"id":27362,"date":"2026-02-04T03:18:21","date_gmt":"2026-02-04T00:18:21","guid":{"rendered":"https:\/\/a-pant.ee\/product\/umnye-chasy-amazfit-gts-e2-zaryadka\/"},"modified":"2026-02-22T12:32:06","modified_gmt":"2026-02-22T09:32:06","slug":"umnye-chasy-amazfit-gts-e2-zaryadka","status":"publish","type":"product","link":"https:\/\/a-pant.ee\/ru\/product\/umnye-chasy-amazfit-gts-e2-zaryadka\/","title":{"rendered":"\u0423\u043c\u043d\u044b\u0435 \u0447\u0430\u0441\u044b Amazfit GTS e2 + \u0437\u0430\u0440\u044f\u0434\u043a\u0430"},"content":{"rendered":"\n<p> M\u00fc\u00fcakse\u00a0Nutikell Amazfit GTS e2 + laadija, heas seisu- ja t\u00f6\u00f6korras! <\/p><p> KIRJELDUS <\/p><p><br \/> 1,65&#8243; 348 \u00d7 442 AMOLED ekraan <br \/> Aktiivsuse ja tervise j\u00e4lgimine <br \/> Nutiteavitused otse randmel <br \/> 90 treeningre\u017eiimi &amp; t\u00e4pne pulsiandur <br \/> Aku kestab keskmiselt 14 p\u00e4eva j\u00e4rjest <\/p>\n","protected":false},"excerpt":{"rendered":"<p>M\u00fc\u00fcakse\u00a0Nutikell Amazfit GTS e2 + laadija, heas seisu- ja t\u00f6\u00f6korras! KIRJELDUS 1,65&#8243; 348 \u00d7 442 AMOLED ekraan Aktiivsuse ja tervise j\u00e4lgimine Nutiteavitused otse randmel 90 treeningre\u017eiimi &amp; t\u00e4pne pulsiandur Aku kestab keskmiselt 14 p\u00e4eva j\u00e4rjest<\/p>\n","protected":false},"featured_media":27363,"comment_status":"closed","ping_status":"open","template":"","meta":{"inline_featured_image":false},"product_brand":[],"product_cat":[176],"product_tag":[],"class_list":{"0":"post-27362","1":"product","2":"type-product","3":"status-publish","4":"has-post-thumbnail","6":"product_cat-smart-chasy","7":"pa_asukoht-mustamae","8":"pa_seisukord-ispolzovano","10":"first","11":"instock","12":"taxable","13":"shipping-taxable","14":"purchasable","15":"product-type-simple"},"_links":{"self":[{"href":"https:\/\/a-pant.ee\/ru\/wp-json\/wp\/v2\/product\/27362","targetHints":{"allow":["GET"]}}],"collection":[{"href":"https:\/\/a-pant.ee\/ru\/wp-json\/wp\/v2\/product"}],"about":[{"href":"https:\/\/a-pant.ee\/ru\/wp-json\/wp\/v2\/types\/product"}],"replies":[{"embeddable":true,"href":"https:\/\/a-pant.ee\/ru\/wp-json\/wp\/v2\/comments?post=27362"}],"wp:featuredmedia":[{"embeddable":true,"href":"https:\/\/a-pant.ee\/ru\/wp-json\/wp\/v2\/media\/27363"}],"wp:attachment":[{"href":"https:\/\/a-pant.ee\/ru\/wp-json\/wp\/v2\/media?parent=27362"}],"wp:term":[{"taxonomy":"product_brand","embeddable":true,"href":"https:\/\/a-pant.ee\/ru\/wp-json\/wp\/v2\/product_brand?post=27362"},{"taxonomy":"product_cat","embeddable":true,"href":"https:\/\/a-pant.ee\/ru\/wp-json\/wp\/v2\/product_cat?post=27362"},{"taxonomy":"product_tag","embeddable":true,"href":"https:\/\/a-pant.ee\/ru\/wp-json\/wp\/v2\/product_tag?post=27362"}],"curies":[{"name":"wp","href":"https:\/\/api.w.org\/{rel}","templated":true}]}}