{"id":27350,"date":"2026-02-04T03:18:21","date_gmt":"2026-02-04T00:18:21","guid":{"rendered":"https:\/\/a-pant.ee\/product\/akkumulyatornyy-trimmer-husqvarna-115il\/"},"modified":"2026-02-22T12:32:06","modified_gmt":"2026-02-22T09:32:06","slug":"akkumulyatornyj-trimmer-husqvarna-115il-bez-akkumulyatora","status":"publish","type":"product","link":"https:\/\/a-pant.ee\/ru\/product\/akkumulyatornyj-trimmer-husqvarna-115il-bez-akkumulyatora\/","title":{"rendered":"\u0410\u043a\u043a\u0443\u043c\u0443\u043b\u044f\u0442\u043e\u0440\u043d\u044b\u0439 \u0442\u0440\u0438\u043c\u043c\u0435\u0440 Husqvarna 115iL (\u0431\u0435\u0437 \u0430\u043a\u043a\u0443\u043c\u0443\u043b\u044f\u0442\u043e\u0440\u0430)"},"content":{"rendered":"\n<p> Akutrimmer Husqvarna 115iL (ilma aku)\u00a0, heas seisu- ja t\u00f6\u00f6korras! <\/p><p> KIRJELDUS <\/p><p> Husqvarna 115iL on kerge, mugav ja h\u00f5lpsalt kasutatav \u00fclipopulaarne akutoitel trimmer. Sobib ideaalselt muruservade ja v\u00e4iksemate, k\u00f5rgema muruga pindade trimmimiseks. K\u00e4ep\u00e4rane s\u00f5rmistik ohutuks ja mugavaks k\u00e4ivitamiseks-seiskamiseks, v\u00f5lli saab pikendada vastavalt kasutaja kasvule ning samuti on reguleeritav ka k\u00e4epideme k\u00f5rgus. Mugav hoiustada ja transportida. Madal m\u00fcratase v\u00f5imaldab t\u00f6\u00f6tada elurajoonides naabreid h\u00e4irimata. <\/p>\n","protected":false},"excerpt":{"rendered":"<p>Akutrimmer Husqvarna 115iL (ilma aku)\u00a0, heas seisu- ja t\u00f6\u00f6korras! KIRJELDUS Husqvarna 115iL on kerge, mugav ja h\u00f5lpsalt kasutatav \u00fclipopulaarne akutoitel trimmer. Sobib ideaalselt muruservade ja v\u00e4iksemate, k\u00f5rgema muruga pindade trimmimiseks. K\u00e4ep\u00e4rane s\u00f5rmistik ohutuks ja mugavaks k\u00e4ivitamiseks-seiskamiseks, v\u00f5lli saab pikendada vastavalt kasutaja kasvule ning samuti on reguleeritav ka k\u00e4epideme k\u00f5rgus. Mugav hoiustada ja transportida. Madal m\u00fcratase [&hellip;]<\/p>\n","protected":false},"featured_media":27351,"comment_status":"closed","ping_status":"closed","template":"","meta":{"inline_featured_image":false},"product_brand":[],"product_cat":[220],"product_tag":[],"class_list":{"0":"post-27350","1":"product","2":"type-product","3":"status-publish","4":"has-post-thumbnail","6":"product_cat-sadovye-instrumenty","7":"product_shipping_class-oversize","8":"pa_asukoht-lasnamae","9":"pa_seisukord-ispolzovano","11":"first","12":"instock","13":"taxable","14":"shipping-taxable","15":"purchasable","16":"product-type-simple"},"_links":{"self":[{"href":"https:\/\/a-pant.ee\/ru\/wp-json\/wp\/v2\/product\/27350","targetHints":{"allow":["GET"]}}],"collection":[{"href":"https:\/\/a-pant.ee\/ru\/wp-json\/wp\/v2\/product"}],"about":[{"href":"https:\/\/a-pant.ee\/ru\/wp-json\/wp\/v2\/types\/product"}],"replies":[{"embeddable":true,"href":"https:\/\/a-pant.ee\/ru\/wp-json\/wp\/v2\/comments?post=27350"}],"wp:featuredmedia":[{"embeddable":true,"href":"https:\/\/a-pant.ee\/ru\/wp-json\/wp\/v2\/media\/27351"}],"wp:attachment":[{"href":"https:\/\/a-pant.ee\/ru\/wp-json\/wp\/v2\/media?parent=27350"}],"wp:term":[{"taxonomy":"product_brand","embeddable":true,"href":"https:\/\/a-pant.ee\/ru\/wp-json\/wp\/v2\/product_brand?post=27350"},{"taxonomy":"product_cat","embeddable":true,"href":"https:\/\/a-pant.ee\/ru\/wp-json\/wp\/v2\/product_cat?post=27350"},{"taxonomy":"product_tag","embeddable":true,"href":"https:\/\/a-pant.ee\/ru\/wp-json\/wp\/v2\/product_tag?post=27350"}],"curies":[{"name":"wp","href":"https:\/\/api.w.org\/{rel}","templated":true}]}}