{"id":27342,"date":"2026-02-04T03:18:21","date_gmt":"2026-02-04T00:18:21","guid":{"rendered":"https:\/\/a-pant.ee\/product\/besprovodnoy-kommunikator-peiker-ceecoach-2\/"},"modified":"2026-02-22T12:32:06","modified_gmt":"2026-02-22T09:32:06","slug":"besprovodnoj-kommunikator-racziya-peiker-cee-ceecoach-2","status":"publish","type":"product","link":"https:\/\/a-pant.ee\/ru\/product\/besprovodnoj-kommunikator-racziya-peiker-cee-ceecoach-2\/","title":{"rendered":"\u0411\u0435\u0441\u043f\u0440\u043e\u0432\u043e\u0434\u043d\u043e\u0439 \u043a\u043e\u043c\u043c\u0443\u043d\u0438\u043a\u0430\u0442\u043e\u0440-\u0440\u0430\u0446\u0438\u044f Peiker\/cee Ceecoach 2"},"content":{"rendered":"\n<p> Juhtmeta kommunikaator-raadisaatja Peiker\/cee Ceecoach 2\u00a0, heas seisu- ja t\u00f6\u00f6korras! <\/p><p> KIRJELDUS <\/p><p> \u00dchenduse t\u00fc\u00fcp traadita <br \/> Tootja \u200ePeiker <br \/> Kauba mudelinumber \u200e200-0206EU <br \/> Toote m\u00f5\u00f5dud \u200e192 x 159,99 x 850,01 cm; 45 g <\/p>\n","protected":false},"excerpt":{"rendered":"<p>Juhtmeta kommunikaator-raadisaatja Peiker\/cee Ceecoach 2\u00a0, heas seisu- ja t\u00f6\u00f6korras! KIRJELDUS \u00dchenduse t\u00fc\u00fcp traadita Tootja \u200ePeiker Kauba mudelinumber \u200e200-0206EU Toote m\u00f5\u00f5dud \u200e192 x 159,99 x 850,01 cm; 45 g<\/p>\n","protected":false},"featured_media":27343,"comment_status":"closed","ping_status":"open","template":"","meta":{"inline_featured_image":false},"product_brand":[],"product_cat":[162],"product_tag":[],"class_list":{"0":"post-27342","1":"product","2":"type-product","3":"status-publish","4":"has-post-thumbnail","6":"product_cat-elektronika-drugoe","7":"pa_asukoht-lasnamae","8":"pa_seisukord-ispolzovano","10":"first","11":"instock","12":"taxable","13":"shipping-taxable","14":"purchasable","15":"product-type-simple"},"_links":{"self":[{"href":"https:\/\/a-pant.ee\/ru\/wp-json\/wp\/v2\/product\/27342","targetHints":{"allow":["GET"]}}],"collection":[{"href":"https:\/\/a-pant.ee\/ru\/wp-json\/wp\/v2\/product"}],"about":[{"href":"https:\/\/a-pant.ee\/ru\/wp-json\/wp\/v2\/types\/product"}],"replies":[{"embeddable":true,"href":"https:\/\/a-pant.ee\/ru\/wp-json\/wp\/v2\/comments?post=27342"}],"wp:featuredmedia":[{"embeddable":true,"href":"https:\/\/a-pant.ee\/ru\/wp-json\/wp\/v2\/media\/27343"}],"wp:attachment":[{"href":"https:\/\/a-pant.ee\/ru\/wp-json\/wp\/v2\/media?parent=27342"}],"wp:term":[{"taxonomy":"product_brand","embeddable":true,"href":"https:\/\/a-pant.ee\/ru\/wp-json\/wp\/v2\/product_brand?post=27342"},{"taxonomy":"product_cat","embeddable":true,"href":"https:\/\/a-pant.ee\/ru\/wp-json\/wp\/v2\/product_cat?post=27342"},{"taxonomy":"product_tag","embeddable":true,"href":"https:\/\/a-pant.ee\/ru\/wp-json\/wp\/v2\/product_tag?post=27342"}],"curies":[{"name":"wp","href":"https:\/\/api.w.org\/{rel}","templated":true}]}}