{"id":27329,"date":"2026-02-04T03:18:21","date_gmt":"2026-02-04T00:18:21","guid":{"rendered":"https:\/\/a-pant.ee\/product\/akudrel-dewalt-dcd709-2-akum-5-0ah\/"},"modified":"2026-02-22T12:32:05","modified_gmt":"2026-02-22T09:32:05","slug":"akudrel-dewalt-dcd709-2-akum-5-0ah-zaryadka-kejs","status":"publish","type":"product","link":"https:\/\/a-pant.ee\/ru\/product\/akudrel-dewalt-dcd709-2-akum-5-0ah-zaryadka-kejs\/","title":{"rendered":"\u0410\u043a\u0443\u0434\u0440\u0435\u043b\u044c Dewalt DCD709 + 2 \u0410\u043a\u0443\u043c 5.0Ah + \u0417\u0430\u0440\u044f\u0434\u043a\u0430 + \u041a\u0435\u0439\u0441"},"content":{"rendered":"\n<p> Akutrell Dewalt DCD709 + 2 Akud 5.0Ah + Laadija + Kohver N\u00e4gu UUS, heas seisu- ja t\u00f6\u00f6korras! <\/p><p> KIRJELDUS <\/p><p> T\u00f6\u00f6riistaklass T\u00f6\u00f6stuslik <\/p><p> L\u00f6\u00f6gisagedus, l\u00f6\u00f6ki\/min 7650 <\/p><p> P\u00f6\u00f6rlemiskiirus, rpm 1650 <\/p><p> Maksimaalne ava l\u00e4bim\u00f5\u00f5t metallis, mm 13 <\/p><p> Maksimaalne augu l\u00e4bim\u00f5\u00f5t puidus, mm 30 <\/p>\n","protected":false},"excerpt":{"rendered":"<p>Akutrell Dewalt DCD709 + 2 Akud 5.0Ah + Laadija + Kohver N\u00e4gu UUS, heas seisu- ja t\u00f6\u00f6korras! KIRJELDUS T\u00f6\u00f6riistaklass T\u00f6\u00f6stuslik L\u00f6\u00f6gisagedus, l\u00f6\u00f6ki\/min 7650 P\u00f6\u00f6rlemiskiirus, rpm 1650 Maksimaalne ava l\u00e4bim\u00f5\u00f5t metallis, mm 13 Maksimaalne augu l\u00e4bim\u00f5\u00f5t puidus, mm 30<\/p>\n","protected":false},"featured_media":27330,"comment_status":"closed","ping_status":"open","template":"","meta":{"inline_featured_image":false},"product_brand":[],"product_cat":[221],"product_tag":[],"class_list":{"0":"post-27329","1":"product","2":"type-product","3":"status-publish","4":"has-post-thumbnail","6":"product_cat-akkumulyatornye-dreli","7":"pa_asukoht-mustamae","8":"pa_seisukord-ispolzovano","10":"first","11":"instock","12":"taxable","13":"shipping-taxable","14":"purchasable","15":"product-type-simple"},"_links":{"self":[{"href":"https:\/\/a-pant.ee\/ru\/wp-json\/wp\/v2\/product\/27329","targetHints":{"allow":["GET"]}}],"collection":[{"href":"https:\/\/a-pant.ee\/ru\/wp-json\/wp\/v2\/product"}],"about":[{"href":"https:\/\/a-pant.ee\/ru\/wp-json\/wp\/v2\/types\/product"}],"replies":[{"embeddable":true,"href":"https:\/\/a-pant.ee\/ru\/wp-json\/wp\/v2\/comments?post=27329"}],"wp:featuredmedia":[{"embeddable":true,"href":"https:\/\/a-pant.ee\/ru\/wp-json\/wp\/v2\/media\/27330"}],"wp:attachment":[{"href":"https:\/\/a-pant.ee\/ru\/wp-json\/wp\/v2\/media?parent=27329"}],"wp:term":[{"taxonomy":"product_brand","embeddable":true,"href":"https:\/\/a-pant.ee\/ru\/wp-json\/wp\/v2\/product_brand?post=27329"},{"taxonomy":"product_cat","embeddable":true,"href":"https:\/\/a-pant.ee\/ru\/wp-json\/wp\/v2\/product_cat?post=27329"},{"taxonomy":"product_tag","embeddable":true,"href":"https:\/\/a-pant.ee\/ru\/wp-json\/wp\/v2\/product_tag?post=27329"}],"curies":[{"name":"wp","href":"https:\/\/api.w.org\/{rel}","templated":true}]}}