{"id":27262,"date":"2026-02-04T03:18:21","date_gmt":"2026-02-04T00:18:21","guid":{"rendered":"https:\/\/a-pant.ee\/product\/mobilnyj-telefon-apple-iphone-13-mini-128gb\/"},"modified":"2026-02-22T12:32:03","modified_gmt":"2026-02-22T09:32:03","slug":"mobilnyj-telefon-apple-iphone-13-128gb","status":"publish","type":"product","link":"https:\/\/a-pant.ee\/ru\/product\/mobilnyj-telefon-apple-iphone-13-128gb\/","title":{"rendered":"\u041c\u043e\u0431\u0438\u043b\u044c\u043d\u044b\u0439 \u0442\u0435\u043b\u0435\u0444\u043e\u043d Apple iPhone 13 128GB"},"content":{"rendered":"\n<p> Mobiiltelefon Apple Iphone 13 mini 128Gb + karp\u00a0, heas seisu- ja t\u00f6\u00f6korras! <\/p><p> KIRJELDUS <\/p><p> Kategooria:\u00a0Telefonid <\/p><p> Telefoni t\u00fc\u00fcp:\u00a0Nutitelefon <\/p><p> Kaubam\u00e4rk:\u00a0Apple <\/p><p> V\u00e4rv:\u00a0Valge <\/p><p> Operatiivm\u00e4lu (RAM): &#8212; MB <\/p><p> Sisem\u00e4lu: 128 GB <\/p><p> Operatsioonis\u00fcsteem:\u00a0iOS <\/p><p> Mudel:\u00a0Apple iPhone 13 mini <\/p><p> Vaade:\u00a0Apple, apple iphone 13 mini telefonid <\/p><p> Toote seisukord: Kasutatud <\/p><p> Pakendis sisaldub* (*pakendi sisu v\u00f5ib muutuda): Pole t\u00e4psustatud <\/p><p> Tagakaamera:\u00a012 + 12 Mpx <\/p><p> Esikaamera:\u00a012 Mpx <\/p>\n","protected":false},"excerpt":{"rendered":"<p>Mobiiltelefon Apple Iphone 13 mini 128Gb + karp\u00a0, heas seisu- ja t\u00f6\u00f6korras! KIRJELDUS Kategooria:\u00a0Telefonid Telefoni t\u00fc\u00fcp:\u00a0Nutitelefon Kaubam\u00e4rk:\u00a0Apple V\u00e4rv:\u00a0Valge Operatiivm\u00e4lu (RAM): &#8212; MB Sisem\u00e4lu: 128 GB Operatsioonis\u00fcsteem:\u00a0iOS Mudel:\u00a0Apple iPhone 13 mini Vaade:\u00a0Apple, apple iphone 13 mini telefonid Toote seisukord: Kasutatud Pakendis sisaldub* (*pakendi sisu v\u00f5ib muutuda): Pole t\u00e4psustatud Tagakaamera:\u00a012 + 12 Mpx Esikaamera:\u00a012 Mpx<\/p>\n","protected":false},"featured_media":27263,"comment_status":"closed","ping_status":"open","template":"","meta":{"inline_featured_image":false},"product_brand":[],"product_cat":[171],"product_tag":[],"class_list":{"0":"post-27262","1":"product","2":"type-product","3":"status-publish","4":"has-post-thumbnail","6":"product_cat-mobilnye-telefony","7":"pa_asukoht-lasnamae","8":"pa_seisukord-ispolzovano","10":"first","11":"instock","12":"taxable","13":"shipping-taxable","14":"purchasable","15":"product-type-simple"},"_links":{"self":[{"href":"https:\/\/a-pant.ee\/ru\/wp-json\/wp\/v2\/product\/27262","targetHints":{"allow":["GET"]}}],"collection":[{"href":"https:\/\/a-pant.ee\/ru\/wp-json\/wp\/v2\/product"}],"about":[{"href":"https:\/\/a-pant.ee\/ru\/wp-json\/wp\/v2\/types\/product"}],"replies":[{"embeddable":true,"href":"https:\/\/a-pant.ee\/ru\/wp-json\/wp\/v2\/comments?post=27262"}],"wp:featuredmedia":[{"embeddable":true,"href":"https:\/\/a-pant.ee\/ru\/wp-json\/wp\/v2\/media\/27263"}],"wp:attachment":[{"href":"https:\/\/a-pant.ee\/ru\/wp-json\/wp\/v2\/media?parent=27262"}],"wp:term":[{"taxonomy":"product_brand","embeddable":true,"href":"https:\/\/a-pant.ee\/ru\/wp-json\/wp\/v2\/product_brand?post=27262"},{"taxonomy":"product_cat","embeddable":true,"href":"https:\/\/a-pant.ee\/ru\/wp-json\/wp\/v2\/product_cat?post=27262"},{"taxonomy":"product_tag","embeddable":true,"href":"https:\/\/a-pant.ee\/ru\/wp-json\/wp\/v2\/product_tag?post=27262"}],"curies":[{"name":"wp","href":"https:\/\/api.w.org\/{rel}","templated":true}]}}