{"id":27256,"date":"2026-02-04T03:18:21","date_gmt":"2026-02-04T00:18:21","guid":{"rendered":"https:\/\/a-pant.ee\/product\/udarnaya-drel-shurupovert-makita-dtd-152\/"},"modified":"2026-02-22T12:32:03","modified_gmt":"2026-02-22T09:32:03","slug":"udarnaya-drel-shurupovert-makita-dtd-152-akb-50ah","status":"publish","type":"product","link":"https:\/\/a-pant.ee\/ru\/product\/udarnaya-drel-shurupovert-makita-dtd-152-akb-50ah\/","title":{"rendered":"\u0423\u0434\u0430\u0440\u043d\u0430\u044f \u0434\u0440\u0435\u043b\u044c &#8212; \u0448\u0443\u0440\u0443\u043f\u043e\u0432\u0435\u0440\u0442 Makita DTD 152 + AK\u0411 5,0AH"},"content":{"rendered":"\n<p> Akul\u00f6kktrell Makita DTD 152 + AKU 5,0AH\u00a0, heas seisu- ja t\u00f6\u00f6korras! <\/p><p> KIRJELDUS <\/p><ul><li> T\u00f6\u00f6riista t\u00fc\u00fcp: L\u00f6\u00f6kkruvikeeraja (mutterkeeraja). <\/li><li> Mootor: Harjadega mootor. <\/li><li> Maksimaalne p\u00f6\u00f6rdemoment: 165 Nm. <\/li><li> P\u00f6\u00f6rlemiskiirus: 0\u20132900 p\/min. <\/li><li> L\u00f6\u00f6kide sagedus: 0\u20133500 l\u00f6\u00f6ki\/min. <\/li><li> Patroni t\u00fc\u00fcp: Kuuskant (HEX) 1\/4&#8243;. <\/li><li> Toide: 18 V liitiumioonaku (Li-Ion). <\/li><li> Funktsioonid: <ul><li> Kompaktne ja kerge disain. <\/li><li> T\u00f6\u00f6tsooni valgustus. <\/li><li> Kummist k\u00e4epide mugavaks t\u00f6\u00f6tamiseks. <\/li><\/ul><\/li><li> Kaal: 1,5 kg (koos akuga). <\/li><li> Kasutusvaldkonnad: Montaa\u017eit\u00f6\u00f6d, kruvide kinnitamine, kinnitusdetailide t\u00f6\u00f6tlemine. <\/li><\/ul>\n","protected":false},"excerpt":{"rendered":"<p>Akul\u00f6kktrell Makita DTD 152 + AKU 5,0AH\u00a0, heas seisu- ja t\u00f6\u00f6korras! KIRJELDUS T\u00f6\u00f6riista t\u00fc\u00fcp: L\u00f6\u00f6kkruvikeeraja (mutterkeeraja). Mootor: Harjadega mootor. Maksimaalne p\u00f6\u00f6rdemoment: 165 Nm. P\u00f6\u00f6rlemiskiirus: 0\u20132900 p\/min. L\u00f6\u00f6kide sagedus: 0\u20133500 l\u00f6\u00f6ki\/min. Patroni t\u00fc\u00fcp: Kuuskant (HEX) 1\/4&#8243;. Toide: 18 V liitiumioonaku (Li-Ion). Funktsioonid: Kompaktne ja kerge disain. T\u00f6\u00f6tsooni valgustus. Kummist k\u00e4epide mugavaks t\u00f6\u00f6tamiseks. Kaal: 1,5 kg (koos [&hellip;]<\/p>\n","protected":false},"featured_media":27257,"comment_status":"closed","ping_status":"open","template":"","meta":{"inline_featured_image":false},"product_brand":[],"product_cat":[221],"product_tag":[],"class_list":{"0":"post-27256","1":"product","2":"type-product","3":"status-publish","4":"has-post-thumbnail","6":"product_cat-akkumulyatornye-dreli","7":"pa_asukoht-mustamae","8":"pa_seisukord-ispolzovano","10":"first","11":"instock","12":"taxable","13":"shipping-taxable","14":"purchasable","15":"product-type-simple"},"_links":{"self":[{"href":"https:\/\/a-pant.ee\/ru\/wp-json\/wp\/v2\/product\/27256","targetHints":{"allow":["GET"]}}],"collection":[{"href":"https:\/\/a-pant.ee\/ru\/wp-json\/wp\/v2\/product"}],"about":[{"href":"https:\/\/a-pant.ee\/ru\/wp-json\/wp\/v2\/types\/product"}],"replies":[{"embeddable":true,"href":"https:\/\/a-pant.ee\/ru\/wp-json\/wp\/v2\/comments?post=27256"}],"wp:featuredmedia":[{"embeddable":true,"href":"https:\/\/a-pant.ee\/ru\/wp-json\/wp\/v2\/media\/27257"}],"wp:attachment":[{"href":"https:\/\/a-pant.ee\/ru\/wp-json\/wp\/v2\/media?parent=27256"}],"wp:term":[{"taxonomy":"product_brand","embeddable":true,"href":"https:\/\/a-pant.ee\/ru\/wp-json\/wp\/v2\/product_brand?post=27256"},{"taxonomy":"product_cat","embeddable":true,"href":"https:\/\/a-pant.ee\/ru\/wp-json\/wp\/v2\/product_cat?post=27256"},{"taxonomy":"product_tag","embeddable":true,"href":"https:\/\/a-pant.ee\/ru\/wp-json\/wp\/v2\/product_tag?post=27256"}],"curies":[{"name":"wp","href":"https:\/\/api.w.org\/{rel}","templated":true}]}}