{"id":27249,"date":"2026-02-04T03:13:57","date_gmt":"2026-02-04T00:13:57","guid":{"rendered":"https:\/\/a-pant.ee\/product\/telefon-apple-iphone-13-pro-max-128gb\/"},"modified":"2026-02-22T12:33:06","modified_gmt":"2026-02-22T09:33:06","slug":"telefon-apple-iphone-13-pro-max-128gb-aku-87-korobka","status":"publish","type":"product","link":"https:\/\/a-pant.ee\/ru\/product\/telefon-apple-iphone-13-pro-max-128gb-aku-87-korobka\/","title":{"rendered":"\u0422\u0435\u043b\u0435\u0444\u043e\u043d Apple iPhone 13 Pro Max 128GB &#8212; \u0410\u043a\u0443 87% + \u043a\u043e\u0440\u043e\u0431\u043a\u0430"},"content":{"rendered":"\n<p> TTelefon Apple iPhone 13 Pro Max 128GB &#8212; Aku 87% + karp\u00a0, heas seisu- ja t\u00f6\u00f6korras! <\/p><p> KIRJELDUS <\/p><div><div><div><div> M\u00f5\u00f5dud (mm) <\/div><div> 160.8 x 78.1 x 7.7 <\/div><\/div><div><div> Kaal (g) <\/div><div> 240 <\/div><\/div><div><div> Aku (mAh) <\/div><div> 4373 <\/div><\/div><div><div> Juhtmevaba laadimine <\/div><div> Jah <\/div><\/div><div><div> Kiirlaadimine <\/div><div> Jah <\/div><\/div><div><div> Vee- ja tolmukindel <\/div><div> Jah IP68 <\/div><\/div><div><div> Kaksik SIM <\/div><div> Ei <\/div><\/div><div><div> SIM kaart <\/div><div> Nano SIM ja eSim <\/div><\/div><div><div> Pakendi sisu <\/div><div> iPhone with iOS 15; USB\u2011C to Lightning Cable; Documentation <\/div><\/div><\/div><\/div><div><div><div> Ekraan <\/div><\/div><div><div><div> Ekraani suurus (tolli) <\/div><div> 6.7 <\/div><\/div><div><div> Ekraani resolutsioon (pikslit) <\/div><div> 1284 x 2778 <\/div><\/div><div><div> Ekraani t\u00fc\u00fcp <\/div><div> Super Retina XDR OLED <\/div><\/div><\/div><\/div><div><div><div> Operatsioonis\u00fcsteem <\/div><\/div><div><div><div> Operatsioonis\u00fcsteem <\/div><div> iOS <\/div><\/div><div><div> Operatsioonis\u00fcsteemi versioon <\/div><div> iOS 15 <\/div><\/div><div><div> Inglise keel <\/div><div> Jah <\/div><\/div><div><div> Vene keel <\/div><div> Jah <\/div><\/div><\/div><\/div><div><div><div> Protsessor <\/div><\/div><div><div><div> Protsessor <\/div><div> Apple A15 Bionic <\/div><\/div><div><div> Protsessori kiirus <\/div><div> Hexa-core (2&#215;3.22 GHz + 4xX.X GHz) <\/div><\/div><div><div> Muutm\u00e4lu (RAM) <\/div><div> 6 GB <\/div><\/div><\/div><\/div><div><div><div> M\u00e4lu <\/div><\/div><div><div><div> Sisem\u00e4lu <\/div><div> 128GB <\/div><\/div><div><div> M\u00e4lukaart <\/div><div> Ei <\/div><\/div><\/div><\/div><div><div><div> Kaamera <\/div><\/div><div><div><div> Tagumine kaamera <\/div><div> 12MP, f\/1.5 \/ 12MP, f\/2.8 \/ 12MP, f\/1.8 <\/div><\/div><div><div> Tagumise kaamera omadused <\/div><div> Optiline pildi stabilisaator, Faasip\u00f5hine autofookus, N\u00e4o tuvastus, Geo-sildistamine, Panoraamv\u00f5te, HDR, \u00dclilainurk kaamera, S\u00fcgavussensor , 3x optiline suum, TOF, sensor-shift OIS <\/div><\/div><div><div> Video <\/div><div> 4K@24\/30\/60fps <\/div><\/div><div><div> Eesmine kaamera <\/div><div> 12MP <\/div><\/div><div><div> V\u00e4lk <\/div><div> Jah <\/div><\/div><\/div><\/div><div><div><div> \u00dchenduvus <\/div><\/div><div><div><div> 2G <\/div><div> Jah <\/div><\/div><div><div> 3G <\/div><div> Jah <\/div><\/div><div><div> 4,5G <\/div><div> Jah <\/div><\/div><div><div> 4G (LTE) <\/div><div> Jah <\/div><\/div><div><div> 5G <\/div><div> Jah <\/div><\/div><div><div> Wi-Fi <\/div><div> 802.11 a\/b\/g\/n\/ac\/6 <\/div><\/div><div><div> Wi-Fi Hotspot <\/div><div> Jah <\/div><\/div><div><div> Bluetooth <\/div><div> v5.0, A2DP, LE <\/div><\/div><div><div> NFC <\/div><div> Jah <\/div><\/div><div><div> GPS <\/div><div> aGPS, GLONASS, Galileo <\/div><\/div><div><div> USB <\/div><div> Lightning USB <\/div><\/div><\/div><\/div><div><div><div> Heli <\/div><\/div><div><div><div> Muusikam\u00e4ngija <\/div><div> Jah <\/div><\/div><div><div> Valjuh\u00e4\u00e4ldi <\/div><div> Jah <\/div><\/div><\/div><\/div>\n","protected":false},"excerpt":{"rendered":"<p>TTelefon Apple iPhone 13 Pro Max 128GB &#8212; Aku 87% + karp\u00a0, heas seisu- ja t\u00f6\u00f6korras! KIRJELDUS M\u00f5\u00f5dud (mm) 160.8 x 78.1 x 7.7 Kaal (g) 240 Aku (mAh) 4373 Juhtmevaba laadimine Jah Kiirlaadimine Jah Vee- ja tolmukindel Jah IP68 Kaksik SIM Ei SIM kaart Nano SIM ja eSim Pakendi sisu iPhone with iOS 15; [&hellip;]<\/p>\n","protected":false},"featured_media":27250,"comment_status":"closed","ping_status":"open","template":"","meta":{"inline_featured_image":false},"product_brand":[],"product_cat":[171],"product_tag":[],"class_list":{"0":"post-27249","1":"product","2":"type-product","3":"status-publish","4":"has-post-thumbnail","6":"product_cat-mobilnye-telefony","7":"pa_asukoht-lasnamae","8":"pa_seisukord-ispolzovano","10":"first","11":"instock","12":"taxable","13":"shipping-taxable","14":"purchasable","15":"product-type-simple"},"_links":{"self":[{"href":"https:\/\/a-pant.ee\/ru\/wp-json\/wp\/v2\/product\/27249","targetHints":{"allow":["GET"]}}],"collection":[{"href":"https:\/\/a-pant.ee\/ru\/wp-json\/wp\/v2\/product"}],"about":[{"href":"https:\/\/a-pant.ee\/ru\/wp-json\/wp\/v2\/types\/product"}],"replies":[{"embeddable":true,"href":"https:\/\/a-pant.ee\/ru\/wp-json\/wp\/v2\/comments?post=27249"}],"wp:featuredmedia":[{"embeddable":true,"href":"https:\/\/a-pant.ee\/ru\/wp-json\/wp\/v2\/media\/27250"}],"wp:attachment":[{"href":"https:\/\/a-pant.ee\/ru\/wp-json\/wp\/v2\/media?parent=27249"}],"wp:term":[{"taxonomy":"product_brand","embeddable":true,"href":"https:\/\/a-pant.ee\/ru\/wp-json\/wp\/v2\/product_brand?post=27249"},{"taxonomy":"product_cat","embeddable":true,"href":"https:\/\/a-pant.ee\/ru\/wp-json\/wp\/v2\/product_cat?post=27249"},{"taxonomy":"product_tag","embeddable":true,"href":"https:\/\/a-pant.ee\/ru\/wp-json\/wp\/v2\/product_tag?post=27249"}],"curies":[{"name":"wp","href":"https:\/\/api.w.org\/{rel}","templated":true}]}}