{"id":27227,"date":"2026-02-04T03:13:57","date_gmt":"2026-02-04T00:13:57","guid":{"rendered":"https:\/\/a-pant.ee\/product\/robot-gazonokosilka-gardena-sileno-life-1250\/"},"modified":"2026-02-22T12:32:08","modified_gmt":"2026-02-22T09:32:08","slug":"robot-gazonokosilka-gardena-sileno-life-1250-korobka","status":"publish","type":"product","link":"https:\/\/a-pant.ee\/ru\/product\/robot-gazonokosilka-gardena-sileno-life-1250-korobka\/","title":{"rendered":"\u0420\u043e\u0431\u043e\u0442-\u0433\u0430\u0437\u043e\u043d\u043e\u043a\u043e\u0441\u0438\u043b\u043a\u0430 Gardena Sileno Life 1250 + \u043a\u043e\u0440\u043e\u0431\u043a\u0430"},"content":{"rendered":"\n<p> Robotniiduk Gardena Sileno Life 1250 + karp + otsikud\u00a0, heas seisu- ja t\u00f6\u00f6korras! <\/p><p> KIRJELDUS <\/p><p> PIN-koodi lukk Jah <br \/> T\u00e4ismass, kg 16,31 <br \/> Kaal, kg 13,16 <br \/> Niitmisaeg \u00fche laadimisega, min 65 <br \/> Aku laadimisaeg, min 60 <br \/> L\u00f5ikek\u00f5rgus min.-max., mm 20-50 <br \/> K\u00f5rgus, 39 cm <br \/> Pakendi m\u00f5\u00f5dud PxLxK, mm 785x590x333 <br \/> Garanteeritud heliv\u00f5imsus, dB(A) 58 <br \/> Kaldeandur Jah <br \/> T\u00f5steandur Jah <br \/> Pikkus, 58 cm <br \/> T\u00f6\u00f6ala pindala, m\u00b2 1250 <br \/> Laadimisp\u00f5him\u00f5te Automaatne <br \/> T\u00f6\u00f6laius, 22 cm <br \/> Alarm Jah <br \/> L\u00f5ikes\u00fcsteem 3 p\u00f6\u00f6rlevat \u017eiletitera <br \/> Taimer Jah <br \/> Aku t\u00fc\u00fcp Li-Ion <br \/> K\u00e4epideme t\u00fc\u00fcp Sisseehitatud <\/p>\n","protected":false},"excerpt":{"rendered":"<p>Robotniiduk Gardena Sileno Life 1250 + karp + otsikud\u00a0, heas seisu- ja t\u00f6\u00f6korras! KIRJELDUS PIN-koodi lukk Jah T\u00e4ismass, kg 16,31 Kaal, kg 13,16 Niitmisaeg \u00fche laadimisega, min 65 Aku laadimisaeg, min 60 L\u00f5ikek\u00f5rgus min.-max., mm 20-50 K\u00f5rgus, 39 cm Pakendi m\u00f5\u00f5dud PxLxK, mm 785x590x333 Garanteeritud heliv\u00f5imsus, dB(A) 58 Kaldeandur Jah T\u00f5steandur Jah Pikkus, 58 cm [&hellip;]<\/p>\n","protected":false},"featured_media":27228,"comment_status":"closed","ping_status":"closed","template":"","meta":{"inline_featured_image":false},"product_brand":[],"product_cat":[220],"product_tag":[],"class_list":{"0":"post-27227","1":"product","2":"type-product","3":"status-publish","4":"has-post-thumbnail","6":"product_cat-sadovye-instrumenty","7":"product_shipping_class-oversize","8":"pa_asukoht-lasnamae","9":"pa_seisukord-ispolzovano","11":"first","12":"instock","13":"taxable","14":"shipping-taxable","15":"purchasable","16":"product-type-simple"},"_links":{"self":[{"href":"https:\/\/a-pant.ee\/ru\/wp-json\/wp\/v2\/product\/27227","targetHints":{"allow":["GET"]}}],"collection":[{"href":"https:\/\/a-pant.ee\/ru\/wp-json\/wp\/v2\/product"}],"about":[{"href":"https:\/\/a-pant.ee\/ru\/wp-json\/wp\/v2\/types\/product"}],"replies":[{"embeddable":true,"href":"https:\/\/a-pant.ee\/ru\/wp-json\/wp\/v2\/comments?post=27227"}],"wp:featuredmedia":[{"embeddable":true,"href":"https:\/\/a-pant.ee\/ru\/wp-json\/wp\/v2\/media\/27228"}],"wp:attachment":[{"href":"https:\/\/a-pant.ee\/ru\/wp-json\/wp\/v2\/media?parent=27227"}],"wp:term":[{"taxonomy":"product_brand","embeddable":true,"href":"https:\/\/a-pant.ee\/ru\/wp-json\/wp\/v2\/product_brand?post=27227"},{"taxonomy":"product_cat","embeddable":true,"href":"https:\/\/a-pant.ee\/ru\/wp-json\/wp\/v2\/product_cat?post=27227"},{"taxonomy":"product_tag","embeddable":true,"href":"https:\/\/a-pant.ee\/ru\/wp-json\/wp\/v2\/product_tag?post=27227"}],"curies":[{"name":"wp","href":"https:\/\/api.w.org\/{rel}","templated":true}]}}