{"id":27217,"date":"2026-02-04T03:13:57","date_gmt":"2026-02-04T00:13:57","guid":{"rendered":"https:\/\/a-pant.ee\/product\/akudrel-bosch-ixo-zaryadka-yashchik\/"},"modified":"2026-02-22T12:32:08","modified_gmt":"2026-02-22T09:32:08","slug":"akudrel-bosch-ixo-zaryadka-yashhik","status":"publish","type":"product","link":"https:\/\/a-pant.ee\/ru\/product\/akudrel-bosch-ixo-zaryadka-yashhik\/","title":{"rendered":"\u0410\u043a\u0443\u0434\u0440\u0435\u043b\u044c Bosch IXO + \u0417\u0430\u0440\u044f\u0434\u043a\u0430 + \u042f\u0449\u0438\u043a"},"content":{"rendered":"\n<p> Akutrell Bosch IXO + Laadija + Kast, heas seisu- ja t\u00f6\u00f6korras! <\/p><p> KIRJELDUS <\/p><p> P\u00f6\u00f6rdemoment, Nm 3 \/ 4,5 Nm <\/p><p> Pinge, V 3,6. <\/p><p> Padruni t\u00fc\u00fcp Magnetiline kuuskantpeahoidja <\/p><p> Kaal, kg 3,3. <\/p><p> Garantii, 36 kuud. <\/p><p> Kruvi l\u00e4bim\u00f5\u00f5t, mm 5. <\/p><p> Aku mahutavus, Ah 1,5. <\/p><p> Kiirus, p\/min 215. <\/p>\n","protected":false},"excerpt":{"rendered":"<p>Akutrell Bosch IXO + Laadija + Kast, heas seisu- ja t\u00f6\u00f6korras! KIRJELDUS P\u00f6\u00f6rdemoment, Nm 3 \/ 4,5 Nm Pinge, V 3,6. Padruni t\u00fc\u00fcp Magnetiline kuuskantpeahoidja Kaal, kg 3,3. Garantii, 36 kuud. Kruvi l\u00e4bim\u00f5\u00f5t, mm 5. Aku mahutavus, Ah 1,5. Kiirus, p\/min 215.<\/p>\n","protected":false},"featured_media":27218,"comment_status":"closed","ping_status":"closed","template":"","meta":{"inline_featured_image":false},"product_brand":[],"product_cat":[221],"product_tag":[],"class_list":{"0":"post-27217","1":"product","2":"type-product","3":"status-publish","4":"has-post-thumbnail","6":"product_cat-akkumulyatornye-dreli","7":"pa_asukoht-mustamae","8":"pa_seisukord-ispolzovano","10":"first","11":"outofstock","12":"taxable","13":"shipping-taxable","14":"purchasable","15":"product-type-simple"},"_links":{"self":[{"href":"https:\/\/a-pant.ee\/ru\/wp-json\/wp\/v2\/product\/27217","targetHints":{"allow":["GET"]}}],"collection":[{"href":"https:\/\/a-pant.ee\/ru\/wp-json\/wp\/v2\/product"}],"about":[{"href":"https:\/\/a-pant.ee\/ru\/wp-json\/wp\/v2\/types\/product"}],"replies":[{"embeddable":true,"href":"https:\/\/a-pant.ee\/ru\/wp-json\/wp\/v2\/comments?post=27217"}],"wp:featuredmedia":[{"embeddable":true,"href":"https:\/\/a-pant.ee\/ru\/wp-json\/wp\/v2\/media\/27218"}],"wp:attachment":[{"href":"https:\/\/a-pant.ee\/ru\/wp-json\/wp\/v2\/media?parent=27217"}],"wp:term":[{"taxonomy":"product_brand","embeddable":true,"href":"https:\/\/a-pant.ee\/ru\/wp-json\/wp\/v2\/product_brand?post=27217"},{"taxonomy":"product_cat","embeddable":true,"href":"https:\/\/a-pant.ee\/ru\/wp-json\/wp\/v2\/product_cat?post=27217"},{"taxonomy":"product_tag","embeddable":true,"href":"https:\/\/a-pant.ee\/ru\/wp-json\/wp\/v2\/product_tag?post=27217"}],"curies":[{"name":"wp","href":"https:\/\/api.w.org\/{rel}","templated":true}]}}