{"id":27209,"date":"2026-02-04T03:13:57","date_gmt":"2026-02-04T00:13:57","guid":{"rendered":"https:\/\/a-pant.ee\/product\/otverka-matrix-cd-7-2-li\/"},"modified":"2026-02-22T12:32:08","modified_gmt":"2026-02-22T09:32:08","slug":"otvertka-matrix-cd-72-li-aku-chedoman-zaryadka","status":"publish","type":"product","link":"https:\/\/a-pant.ee\/ru\/product\/otvertka-matrix-cd-72-li-aku-chedoman-zaryadka\/","title":{"rendered":"\u041e\u0442\u0432\u0435\u0440\u0442\u043a\u0430 Matrix CD 7,2 LI + \u0430\u043a\u0443 + \u0447\u0435\u0434\u043e\u043c\u0430\u043d + \u0437\u0430\u0440\u044f\u0434\u043a\u0430"},"content":{"rendered":"\n<p><strong> Kruvikeeraja Matrix CD 7,2 LI + aku + kovher + laadija , <\/strong> heas seisu- ja t\u00f6\u00f6korras! <\/p><p> KIRJELDUS <\/p><p> Aku Pinge\/Mahutavus: 7,2V\/1,3 Ah Aku t\u00fc\u00fcp: Li-Ion V\u00e4\u00e4ndemoment: max. 10 Nm LED t\u00f6\u00f6valgus <\/p><p> \u00a0 <\/p><p> \u00a0 <\/p>\n","protected":false},"excerpt":{"rendered":"<p>Kruvikeeraja Matrix CD 7,2 LI + aku + kovher + laadija , heas seisu- ja t\u00f6\u00f6korras! KIRJELDUS Aku Pinge\/Mahutavus: 7,2V\/1,3 Ah Aku t\u00fc\u00fcp: Li-Ion V\u00e4\u00e4ndemoment: max. 10 Nm LED t\u00f6\u00f6valgus \u00a0 \u00a0<\/p>\n","protected":false},"featured_media":27210,"comment_status":"closed","ping_status":"open","template":"","meta":{"inline_featured_image":false},"product_brand":[],"product_cat":[231],"product_tag":[],"class_list":{"0":"post-27209","1":"product","2":"type-product","3":"status-publish","4":"has-post-thumbnail","6":"product_cat-shurupoverty","7":"pa_asukoht-lasnamae","8":"pa_seisukord-ispolzovano","10":"first","11":"instock","12":"taxable","13":"shipping-taxable","14":"purchasable","15":"product-type-simple"},"_links":{"self":[{"href":"https:\/\/a-pant.ee\/ru\/wp-json\/wp\/v2\/product\/27209","targetHints":{"allow":["GET"]}}],"collection":[{"href":"https:\/\/a-pant.ee\/ru\/wp-json\/wp\/v2\/product"}],"about":[{"href":"https:\/\/a-pant.ee\/ru\/wp-json\/wp\/v2\/types\/product"}],"replies":[{"embeddable":true,"href":"https:\/\/a-pant.ee\/ru\/wp-json\/wp\/v2\/comments?post=27209"}],"wp:featuredmedia":[{"embeddable":true,"href":"https:\/\/a-pant.ee\/ru\/wp-json\/wp\/v2\/media\/27210"}],"wp:attachment":[{"href":"https:\/\/a-pant.ee\/ru\/wp-json\/wp\/v2\/media?parent=27209"}],"wp:term":[{"taxonomy":"product_brand","embeddable":true,"href":"https:\/\/a-pant.ee\/ru\/wp-json\/wp\/v2\/product_brand?post=27209"},{"taxonomy":"product_cat","embeddable":true,"href":"https:\/\/a-pant.ee\/ru\/wp-json\/wp\/v2\/product_cat?post=27209"},{"taxonomy":"product_tag","embeddable":true,"href":"https:\/\/a-pant.ee\/ru\/wp-json\/wp\/v2\/product_tag?post=27209"}],"curies":[{"name":"wp","href":"https:\/\/api.w.org\/{rel}","templated":true}]}}