{"id":27196,"date":"2026-02-04T03:13:57","date_gmt":"2026-02-04T00:13:57","guid":{"rendered":"https:\/\/a-pant.ee\/product\/perforator-hilti-te-6-a22-akumulator-5-2ach\/"},"modified":"2026-02-22T12:32:08","modified_gmt":"2026-02-22T09:32:08","slug":"perforator-hilti-te-6-a22-aku-52ach","status":"publish","type":"product","link":"https:\/\/a-pant.ee\/ru\/product\/perforator-hilti-te-6-a22-aku-52ach\/","title":{"rendered":"\u041f\u0435\u0440\u0444\u043e\u0440\u0430\u0442\u043e\u0440 Hilti TE 6-A22 + \u0410\u043a\u0443 5,2\u0410\u0447"},"content":{"rendered":"\n<p> Puurvasar Hilti TE 6-A22 + Aku 5,2Ah\u00a0, heas seisu- ja t\u00f6\u00f6korras! <\/p><p> KIRJELDUS <\/p><p> Maksimaalne l\u00f6\u00f6gij\u00f5ud <br \/> 2,5 J <br \/> Padruni t\u00fc\u00fcp <br \/> SDS-Plus <br \/> Aku pinge <br \/> 21,6 V <br \/> T\u00f6\u00f6re\u017eiimid <br \/> meiseldamine, puurimine <br \/> Funktsioonid <br \/> tagurpidi, kiiruse reguleerimine, kruvikeeraja <br \/> Disaini omadused <br \/> vibratsioonivastane s\u00fcsteem, toitenupu lukk, spindlilukk <\/p>\n","protected":false},"excerpt":{"rendered":"<p>Puurvasar Hilti TE 6-A22 + Aku 5,2Ah\u00a0, heas seisu- ja t\u00f6\u00f6korras! KIRJELDUS Maksimaalne l\u00f6\u00f6gij\u00f5ud 2,5 J Padruni t\u00fc\u00fcp SDS-Plus Aku pinge 21,6 V T\u00f6\u00f6re\u017eiimid meiseldamine, puurimine Funktsioonid tagurpidi, kiiruse reguleerimine, kruvikeeraja Disaini omadused vibratsioonivastane s\u00fcsteem, toitenupu lukk, spindlilukk<\/p>\n","protected":false},"featured_media":27197,"comment_status":"closed","ping_status":"open","template":"","meta":{"inline_featured_image":false},"product_brand":[],"product_cat":[239],"product_tag":[],"class_list":{"0":"post-27196","1":"product","2":"type-product","3":"status-publish","4":"has-post-thumbnail","6":"product_cat-perforatory-i-dreli","7":"pa_asukoht-lasnamae","8":"pa_seisukord-ispolzovano","10":"first","11":"instock","12":"taxable","13":"shipping-taxable","14":"purchasable","15":"product-type-simple"},"_links":{"self":[{"href":"https:\/\/a-pant.ee\/ru\/wp-json\/wp\/v2\/product\/27196","targetHints":{"allow":["GET"]}}],"collection":[{"href":"https:\/\/a-pant.ee\/ru\/wp-json\/wp\/v2\/product"}],"about":[{"href":"https:\/\/a-pant.ee\/ru\/wp-json\/wp\/v2\/types\/product"}],"replies":[{"embeddable":true,"href":"https:\/\/a-pant.ee\/ru\/wp-json\/wp\/v2\/comments?post=27196"}],"wp:featuredmedia":[{"embeddable":true,"href":"https:\/\/a-pant.ee\/ru\/wp-json\/wp\/v2\/media\/27197"}],"wp:attachment":[{"href":"https:\/\/a-pant.ee\/ru\/wp-json\/wp\/v2\/media?parent=27196"}],"wp:term":[{"taxonomy":"product_brand","embeddable":true,"href":"https:\/\/a-pant.ee\/ru\/wp-json\/wp\/v2\/product_brand?post=27196"},{"taxonomy":"product_cat","embeddable":true,"href":"https:\/\/a-pant.ee\/ru\/wp-json\/wp\/v2\/product_cat?post=27196"},{"taxonomy":"product_tag","embeddable":true,"href":"https:\/\/a-pant.ee\/ru\/wp-json\/wp\/v2\/product_tag?post=27196"}],"curies":[{"name":"wp","href":"https:\/\/api.w.org\/{rel}","templated":true}]}}