{"id":27190,"date":"2026-02-04T03:13:57","date_gmt":"2026-02-04T00:13:57","guid":{"rendered":"https:\/\/a-pant.ee\/product\/naushniki-apple-airpods-2\/"},"modified":"2026-02-22T12:32:07","modified_gmt":"2026-02-22T09:32:07","slug":"naushniki-apple-airpods-2","status":"publish","type":"product","link":"https:\/\/a-pant.ee\/ru\/product\/naushniki-apple-airpods-2\/","title":{"rendered":"\u041d\u0430\u0443\u0448\u043d\u0438\u043a\u0438 Apple airpods 2"},"content":{"rendered":"\n<p> K\u00f5rvaklappid Apple Airpods 2\u00a0, heas seisu- ja t\u00f6\u00f6korras! <\/p><p> KIRJELDUS <\/p><ul><li> \u00dchenduse t\u00fc\u00fcp: Juhtmevabad k\u00f5rvaklapid <\/li><li> Kiip: Apple H1 stabiilse \u00fchenduse ja kiire seadmevahetuse jaoks <\/li><li> Aku kestvus: <ul><li> Kuni 5 tundi muusika esitamist <\/li><li> Kuni 3 tundi k\u00f5neaega <\/li><li> Kuni 24 tundi koos laadimiskarbiga <\/li><\/ul><\/li><li> Laadimiskarp: Lightning-liides <\/li><li> \u00dchilduvus: Toimib iOS, macOS ja Android seadmetega <\/li><li> Puudutustundlik juhtimine: <ul><li> Topeltpuudutus lugude vahetamiseks, k\u00f5nedele vastamiseks v\u00f5i Siri aktiveerimiseks <\/li><\/ul><\/li><li> Helikvaliteet: K\u00f5rgekvaliteediline heli adaptiivse audioga <\/li><li> Eriomadused: <ul><li> Automaatne \u00fchendus Apple\u2019i seadmetega <\/li><li> K\u00f5rvasensor automaatseks peatamiseks klappide eemaldamisel <\/li><\/ul><\/li><li> M\u00f5\u00f5tmed ja kaal: <ul><li> K\u00f5rvaklapid: 16.5 x 18 x 40.5 mm, kaal: 4 g iga\u00fcks <\/li><li> Karp: 44.3 x 21.3 x 53.5 mm, kaal: 38 g <\/li><\/ul><\/li><\/ul>\n","protected":false},"excerpt":{"rendered":"<p>K\u00f5rvaklappid Apple Airpods 2\u00a0, heas seisu- ja t\u00f6\u00f6korras! KIRJELDUS \u00dchenduse t\u00fc\u00fcp: Juhtmevabad k\u00f5rvaklapid Kiip: Apple H1 stabiilse \u00fchenduse ja kiire seadmevahetuse jaoks Aku kestvus: Kuni 5 tundi muusika esitamist Kuni 3 tundi k\u00f5neaega Kuni 24 tundi koos laadimiskarbiga Laadimiskarp: Lightning-liides \u00dchilduvus: Toimib iOS, macOS ja Android seadmetega Puudutustundlik juhtimine: Topeltpuudutus lugude vahetamiseks, k\u00f5nedele vastamiseks v\u00f5i [&hellip;]<\/p>\n","protected":false},"featured_media":27191,"comment_status":"closed","ping_status":"closed","template":"","meta":{"inline_featured_image":false},"product_brand":[],"product_cat":[168],"product_tag":[],"class_list":{"0":"post-27190","1":"product","2":"type-product","3":"status-publish","4":"has-post-thumbnail","6":"product_cat-naushniki","7":"pa_asukoht-mustamae","8":"pa_seisukord-ispolzovano","10":"first","11":"outofstock","12":"taxable","13":"shipping-taxable","14":"purchasable","15":"product-type-simple"},"_links":{"self":[{"href":"https:\/\/a-pant.ee\/ru\/wp-json\/wp\/v2\/product\/27190","targetHints":{"allow":["GET"]}}],"collection":[{"href":"https:\/\/a-pant.ee\/ru\/wp-json\/wp\/v2\/product"}],"about":[{"href":"https:\/\/a-pant.ee\/ru\/wp-json\/wp\/v2\/types\/product"}],"replies":[{"embeddable":true,"href":"https:\/\/a-pant.ee\/ru\/wp-json\/wp\/v2\/comments?post=27190"}],"wp:featuredmedia":[{"embeddable":true,"href":"https:\/\/a-pant.ee\/ru\/wp-json\/wp\/v2\/media\/27191"}],"wp:attachment":[{"href":"https:\/\/a-pant.ee\/ru\/wp-json\/wp\/v2\/media?parent=27190"}],"wp:term":[{"taxonomy":"product_brand","embeddable":true,"href":"https:\/\/a-pant.ee\/ru\/wp-json\/wp\/v2\/product_brand?post=27190"},{"taxonomy":"product_cat","embeddable":true,"href":"https:\/\/a-pant.ee\/ru\/wp-json\/wp\/v2\/product_cat?post=27190"},{"taxonomy":"product_tag","embeddable":true,"href":"https:\/\/a-pant.ee\/ru\/wp-json\/wp\/v2\/product_tag?post=27190"}],"curies":[{"name":"wp","href":"https:\/\/api.w.org\/{rel}","templated":true}]}}