{"id":27183,"date":"2026-02-04T03:13:57","date_gmt":"2026-02-04T00:13:57","guid":{"rendered":"https:\/\/a-pant.ee\/product\/samokat-speedway-5-zaryadka\/"},"modified":"2026-02-22T12:32:07","modified_gmt":"2026-02-22T09:32:07","slug":"samokat-speedway-5-zaryadka","status":"publish","type":"product","link":"https:\/\/a-pant.ee\/ru\/product\/samokat-speedway-5-zaryadka\/","title":{"rendered":"\u0421\u0430\u043c\u043e\u043a\u0430\u0442 Speedway 5, \u0417\u0430\u0440\u044f\u0434\u043a\u0430"},"content":{"rendered":"\n<p> T\u00f5ukerattas Speedway 5, Laadija\u00a0, heas seisu- ja t\u00f6\u00f6korras! <\/p><p> Lenksu vasakul k\u00fcljel olevad nupud ei t\u00f6\u00f6ta. <\/p><p> KIRJELDUS <\/p><ul><li> Mootor: Kaks mootorit, kumbki 1000 W (kokku 2000 W) <\/li><li> Maksimaalne kiirus: Kuni 60 km\/h <\/li><li> S\u00f5iduulatus: Kuni 70-80 km (s\u00f5ltuvalt kaalust ja s\u00f5idustiilist) <\/li><li> Aku: 60 V, 23.4 Ah (Li-ion) <\/li><li> Maksimaalne kandev\u00f5ime: Kuni 120 kg <\/li><li> Vedrustus: Esimene ja tagumine amortisatsioonis\u00fcsteem <\/li><li> Pidurid: Ketaspidurid esi- ja tagarattal <\/li><li> Rehvid: 10-tollised pneumaatilised rehvid (sobivad linnas ja maastikul s\u00f5itmiseks) <\/li><li> Kaal: 31 kg <\/li><li> Valgustus: Esituli, tagumised pidurituled ja k\u00fclgvalgustus <\/li><li> Eriomadused: <ul><li> Kergesti kokkupandav transportimiseks <\/li><li> LCD-ekraan kiiruse, aku taseme ja s\u00f5idure\u017eiimi kuvamiseks <\/li><li> 3 kiirusere\u017eiimi <\/li><li> USB-pesa telefoni laadimiseks <\/li><\/ul><\/li><\/ul>\n","protected":false},"excerpt":{"rendered":"<p>T\u00f5ukerattas Speedway 5, Laadija\u00a0, heas seisu- ja t\u00f6\u00f6korras! Lenksu vasakul k\u00fcljel olevad nupud ei t\u00f6\u00f6ta. KIRJELDUS Mootor: Kaks mootorit, kumbki 1000 W (kokku 2000 W) Maksimaalne kiirus: Kuni 60 km\/h S\u00f5iduulatus: Kuni 70-80 km (s\u00f5ltuvalt kaalust ja s\u00f5idustiilist) Aku: 60 V, 23.4 Ah (Li-ion) Maksimaalne kandev\u00f5ime: Kuni 120 kg Vedrustus: Esimene ja tagumine amortisatsioonis\u00fcsteem Pidurid: [&hellip;]<\/p>\n","protected":false},"featured_media":27184,"comment_status":"closed","ping_status":"open","template":"","meta":{"inline_featured_image":false},"product_brand":[],"product_cat":[215],"product_tag":[],"class_list":{"0":"post-27183","1":"product","2":"type-product","3":"status-publish","4":"has-post-thumbnail","6":"product_cat-elektricheskie-samokaty","7":"product_shipping_class-oversize","8":"pa_asukoht-mustamae","9":"pa_seisukord-ispolzovano","11":"first","12":"instock","13":"taxable","14":"shipping-taxable","15":"purchasable","16":"product-type-simple"},"_links":{"self":[{"href":"https:\/\/a-pant.ee\/ru\/wp-json\/wp\/v2\/product\/27183","targetHints":{"allow":["GET"]}}],"collection":[{"href":"https:\/\/a-pant.ee\/ru\/wp-json\/wp\/v2\/product"}],"about":[{"href":"https:\/\/a-pant.ee\/ru\/wp-json\/wp\/v2\/types\/product"}],"replies":[{"embeddable":true,"href":"https:\/\/a-pant.ee\/ru\/wp-json\/wp\/v2\/comments?post=27183"}],"wp:featuredmedia":[{"embeddable":true,"href":"https:\/\/a-pant.ee\/ru\/wp-json\/wp\/v2\/media\/27184"}],"wp:attachment":[{"href":"https:\/\/a-pant.ee\/ru\/wp-json\/wp\/v2\/media?parent=27183"}],"wp:term":[{"taxonomy":"product_brand","embeddable":true,"href":"https:\/\/a-pant.ee\/ru\/wp-json\/wp\/v2\/product_brand?post=27183"},{"taxonomy":"product_cat","embeddable":true,"href":"https:\/\/a-pant.ee\/ru\/wp-json\/wp\/v2\/product_cat?post=27183"},{"taxonomy":"product_tag","embeddable":true,"href":"https:\/\/a-pant.ee\/ru\/wp-json\/wp\/v2\/product_tag?post=27183"}],"curies":[{"name":"wp","href":"https:\/\/api.w.org\/{rel}","templated":true}]}}