{"id":27178,"date":"2026-02-04T03:13:57","date_gmt":"2026-02-04T00:13:57","guid":{"rendered":"https:\/\/a-pant.ee\/product\/umnye-chasy-fitbit-sense-zaryadka\/"},"modified":"2026-02-22T12:32:07","modified_gmt":"2026-02-22T09:32:07","slug":"umnye-chasy-fitbit-sense-zaryadka","status":"publish","type":"product","link":"https:\/\/a-pant.ee\/ru\/product\/umnye-chasy-fitbit-sense-zaryadka\/","title":{"rendered":"\u0423\u043c\u043d\u044b\u0435 \u0447\u0430\u0441\u044b Fitbit sense + \u0417\u0430\u0440\u044f\u0434\u043a\u0430"},"content":{"rendered":"\n<p> Nutikellad Fitbit sense + Laadija, heas seisu- ja t\u00f6\u00f6korras! <\/p><p> KIRJELDUS <\/p><p> Vaade: Aktiivsusmonitor <\/p><p> Aku t\u00fc\u00fcp: taaslaetav aku <\/p><p> Aku kestvus:kuni 6 p\u00e4eva <\/p><p> Veekindel: kuni 50 m <\/p><p> Laius: 4 cm <\/p><p> K\u00f5rgus: 1,2 cm <\/p><p> S\u00fcgavus: 4 cm <\/p><p> Kaal: 33g <\/p><p> Kellarihma pikkus (max): 18 cm <\/p><p> Andmeedastuse t\u00fc\u00fcp: Bluetooth 5.0 <\/p><p> Nutiseadme rakendus: Fitbit <\/p><p> Kuva sissetulevad mobiilim\u00e4rguanded: SMS, sissetulev k\u00f5ne, rakenduste m\u00e4rguanded, kalendrim\u00e4rkmed <\/p>\n","protected":false},"excerpt":{"rendered":"<p>Nutikellad Fitbit sense + Laadija, heas seisu- ja t\u00f6\u00f6korras! KIRJELDUS Vaade: Aktiivsusmonitor Aku t\u00fc\u00fcp: taaslaetav aku Aku kestvus:kuni 6 p\u00e4eva Veekindel: kuni 50 m Laius: 4 cm K\u00f5rgus: 1,2 cm S\u00fcgavus: 4 cm Kaal: 33g Kellarihma pikkus (max): 18 cm Andmeedastuse t\u00fc\u00fcp: Bluetooth 5.0 Nutiseadme rakendus: Fitbit Kuva sissetulevad mobiilim\u00e4rguanded: SMS, sissetulev k\u00f5ne, rakenduste m\u00e4rguanded, [&hellip;]<\/p>\n","protected":false},"featured_media":27179,"comment_status":"closed","ping_status":"closed","template":"","meta":{"inline_featured_image":false},"product_brand":[],"product_cat":[176],"product_tag":[],"class_list":{"0":"post-27178","1":"product","2":"type-product","3":"status-publish","4":"has-post-thumbnail","6":"product_cat-smart-chasy","7":"pa_asukoht-mustamae","8":"pa_seisukord-ispolzovano","10":"first","11":"outofstock","12":"taxable","13":"shipping-taxable","14":"purchasable","15":"product-type-simple"},"_links":{"self":[{"href":"https:\/\/a-pant.ee\/ru\/wp-json\/wp\/v2\/product\/27178","targetHints":{"allow":["GET"]}}],"collection":[{"href":"https:\/\/a-pant.ee\/ru\/wp-json\/wp\/v2\/product"}],"about":[{"href":"https:\/\/a-pant.ee\/ru\/wp-json\/wp\/v2\/types\/product"}],"replies":[{"embeddable":true,"href":"https:\/\/a-pant.ee\/ru\/wp-json\/wp\/v2\/comments?post=27178"}],"wp:featuredmedia":[{"embeddable":true,"href":"https:\/\/a-pant.ee\/ru\/wp-json\/wp\/v2\/media\/27179"}],"wp:attachment":[{"href":"https:\/\/a-pant.ee\/ru\/wp-json\/wp\/v2\/media?parent=27178"}],"wp:term":[{"taxonomy":"product_brand","embeddable":true,"href":"https:\/\/a-pant.ee\/ru\/wp-json\/wp\/v2\/product_brand?post=27178"},{"taxonomy":"product_cat","embeddable":true,"href":"https:\/\/a-pant.ee\/ru\/wp-json\/wp\/v2\/product_cat?post=27178"},{"taxonomy":"product_tag","embeddable":true,"href":"https:\/\/a-pant.ee\/ru\/wp-json\/wp\/v2\/product_tag?post=27178"}],"curies":[{"name":"wp","href":"https:\/\/api.w.org\/{rel}","templated":true}]}}