{"id":27166,"date":"2026-02-04T03:13:57","date_gmt":"2026-02-04T00:13:57","guid":{"rendered":"https:\/\/a-pant.ee\/product\/bluetooth-kolonka-jbl-go-2\/"},"modified":"2026-02-22T12:32:07","modified_gmt":"2026-02-22T09:32:07","slug":"bluetooth-kolonka-jbl-go-2","status":"publish","type":"product","link":"https:\/\/a-pant.ee\/ru\/product\/bluetooth-kolonka-jbl-go-2\/","title":{"rendered":"Bluetooth \u041a\u043e\u043b\u043e\u043d\u043a\u0430 JBL GO 2"},"content":{"rendered":"\n<p> Bluetooth k\u00f5lar JBL Go 2\u00a0, heas seisu- ja t\u00f6\u00f6korras! <\/p><p> KIRJELDUS <\/p><p> Kaasaskantav Bluetooth k\u00f5lar JBL Go 2 v\u00f5imaldab muusikat kuulata l\u00e4bi iga mobiilse seadme. Sisseehitatud aku lubab k\u00f5larit kasutada aktiivselt kuni 5 tundi. T\u00e4nu IPX7 veekindlale disainile ja vastupidavale ehitusele, v\u00f5id seda kaasas kanda k\u00f5ikjal. K\u00f5larit on v\u00f5imalik \u00fchendada arvuti v\u00f5i mobiilse seadmega l\u00e4bi Bluetooth \u00fchenduse. <\/p><ul><li> V\u00f5imalus esitada k\u00f5rgkvaliteetse k\u00f5laga muusikat juhtmevabalt. <\/li><li> K\u00f5lari sisseehitatud liitiumioon aku v\u00f5imaldab muusikat kuulata kuni 5 tundi j\u00e4rjest. <\/li><li> IPX7 veekindel disain teeb k\u00f5lari kasutamise veekogude \u00e4\u00e4res t\u00e4ielikult turvaliseks. <\/li><li> T\u00e4nu selgele helile, on k\u00f5larit mugav kasutada ka valjuh\u00e4\u00e4ldina. <\/li><li> K\u00f5nesid saab vastu v\u00f5tta k\u00f5igest nupuvajutusega. <\/li><li> Juhul kui seadmel puudub Bluetooth \u00fchendus, on k\u00f5larit v\u00f5imalik kasutada juhtmega. <\/li><\/ul>\n","protected":false},"excerpt":{"rendered":"<p>Bluetooth k\u00f5lar JBL Go 2\u00a0, heas seisu- ja t\u00f6\u00f6korras! KIRJELDUS Kaasaskantav Bluetooth k\u00f5lar JBL Go 2 v\u00f5imaldab muusikat kuulata l\u00e4bi iga mobiilse seadme. Sisseehitatud aku lubab k\u00f5larit kasutada aktiivselt kuni 5 tundi. T\u00e4nu IPX7 veekindlale disainile ja vastupidavale ehitusele, v\u00f5id seda kaasas kanda k\u00f5ikjal. K\u00f5larit on v\u00f5imalik \u00fchendada arvuti v\u00f5i mobiilse seadmega l\u00e4bi Bluetooth \u00fchenduse. [&hellip;]<\/p>\n","protected":false},"featured_media":27167,"comment_status":"closed","ping_status":"open","template":"","meta":{"inline_featured_image":false},"product_brand":[],"product_cat":[167],"product_tag":[],"class_list":{"0":"post-27166","1":"product","2":"type-product","3":"status-publish","4":"has-post-thumbnail","6":"product_cat-kolonki","7":"pa_asukoht-lasnamae","8":"pa_seisukord-ispolzovano","10":"first","11":"instock","12":"taxable","13":"shipping-taxable","14":"purchasable","15":"product-type-simple"},"_links":{"self":[{"href":"https:\/\/a-pant.ee\/ru\/wp-json\/wp\/v2\/product\/27166","targetHints":{"allow":["GET"]}}],"collection":[{"href":"https:\/\/a-pant.ee\/ru\/wp-json\/wp\/v2\/product"}],"about":[{"href":"https:\/\/a-pant.ee\/ru\/wp-json\/wp\/v2\/types\/product"}],"replies":[{"embeddable":true,"href":"https:\/\/a-pant.ee\/ru\/wp-json\/wp\/v2\/comments?post=27166"}],"wp:featuredmedia":[{"embeddable":true,"href":"https:\/\/a-pant.ee\/ru\/wp-json\/wp\/v2\/media\/27167"}],"wp:attachment":[{"href":"https:\/\/a-pant.ee\/ru\/wp-json\/wp\/v2\/media?parent=27166"}],"wp:term":[{"taxonomy":"product_brand","embeddable":true,"href":"https:\/\/a-pant.ee\/ru\/wp-json\/wp\/v2\/product_brand?post=27166"},{"taxonomy":"product_cat","embeddable":true,"href":"https:\/\/a-pant.ee\/ru\/wp-json\/wp\/v2\/product_cat?post=27166"},{"taxonomy":"product_tag","embeddable":true,"href":"https:\/\/a-pant.ee\/ru\/wp-json\/wp\/v2\/product_tag?post=27166"}],"curies":[{"name":"wp","href":"https:\/\/api.w.org\/{rel}","templated":true}]}}