{"id":27153,"date":"2026-02-04T03:13:57","date_gmt":"2026-02-04T00:13:57","guid":{"rendered":"https:\/\/a-pant.ee\/product\/torcovochnaia-pila-makita-ls1040f\/"},"modified":"2026-02-22T12:32:07","modified_gmt":"2026-02-22T09:32:07","slug":"torczovochnaya-pila-makita-ls1040f","status":"publish","type":"product","link":"https:\/\/a-pant.ee\/ru\/product\/torczovochnaya-pila-makita-ls1040f\/","title":{"rendered":"\u0422\u043e\u0440\u0446\u043e\u0432\u043e\u0447\u043d\u0430\u044f \u043f\u0438\u043b\u0430 Makita LS1040F"},"content":{"rendered":"\n<p> Ketassaag Makita LS1040F\u00a0, heas seisu- ja t\u00f6\u00f6korras! <\/p><p> KIRJELDUS <\/p><p> Toote t\u00fc\u00fcp\u00a0Ketassaed <\/p><p> Kaubam\u00e4rk\u00a0Makita <\/p><p> V\u00f5imsus\u00a01650 W <\/p><p> Kaal\u00a012.4 kg <\/p><p> L\u00f5ike s\u00fcgavus nurgaga 45\u00b0\u00a048 mm <\/p><p> L\u00f5ike s\u00fcgavus nurgaga 90\u00b0\u00a090 mm <\/p><p> P\u00f6\u00f6rete arv t\u00fchik\u00e4igul\u00a04600 <\/p><p> Maksimaalne ketta l\u00e4bim\u00f5\u00f5t\u00a0260 mm <\/p><p> T\u00e4iendav info\u00a0Elektrooniline pidur. Kahekordne isolatsioon. <\/p>\n","protected":false},"excerpt":{"rendered":"<p>Ketassaag Makita LS1040F\u00a0, heas seisu- ja t\u00f6\u00f6korras! KIRJELDUS Toote t\u00fc\u00fcp\u00a0Ketassaed Kaubam\u00e4rk\u00a0Makita V\u00f5imsus\u00a01650 W Kaal\u00a012.4 kg L\u00f5ike s\u00fcgavus nurgaga 45\u00b0\u00a048 mm L\u00f5ike s\u00fcgavus nurgaga 90\u00b0\u00a090 mm P\u00f6\u00f6rete arv t\u00fchik\u00e4igul\u00a04600 Maksimaalne ketta l\u00e4bim\u00f5\u00f5t\u00a0260 mm T\u00e4iendav info\u00a0Elektrooniline pidur. Kahekordne isolatsioon.<\/p>\n","protected":false},"featured_media":27154,"comment_status":"closed","ping_status":"closed","template":"","meta":{"inline_featured_image":false},"product_brand":[],"product_cat":[227],"product_tag":[],"class_list":{"0":"post-27153","1":"product","2":"type-product","3":"status-publish","4":"has-post-thumbnail","6":"product_cat-torczovochnye-pily","7":"product_shipping_class-oversize","8":"pa_asukoht-lasnamae","9":"pa_seisukord-ispolzovano","11":"first","12":"instock","13":"taxable","14":"shipping-taxable","15":"purchasable","16":"product-type-simple"},"_links":{"self":[{"href":"https:\/\/a-pant.ee\/ru\/wp-json\/wp\/v2\/product\/27153","targetHints":{"allow":["GET"]}}],"collection":[{"href":"https:\/\/a-pant.ee\/ru\/wp-json\/wp\/v2\/product"}],"about":[{"href":"https:\/\/a-pant.ee\/ru\/wp-json\/wp\/v2\/types\/product"}],"replies":[{"embeddable":true,"href":"https:\/\/a-pant.ee\/ru\/wp-json\/wp\/v2\/comments?post=27153"}],"wp:featuredmedia":[{"embeddable":true,"href":"https:\/\/a-pant.ee\/ru\/wp-json\/wp\/v2\/media\/27154"}],"wp:attachment":[{"href":"https:\/\/a-pant.ee\/ru\/wp-json\/wp\/v2\/media?parent=27153"}],"wp:term":[{"taxonomy":"product_brand","embeddable":true,"href":"https:\/\/a-pant.ee\/ru\/wp-json\/wp\/v2\/product_brand?post=27153"},{"taxonomy":"product_cat","embeddable":true,"href":"https:\/\/a-pant.ee\/ru\/wp-json\/wp\/v2\/product_cat?post=27153"},{"taxonomy":"product_tag","embeddable":true,"href":"https:\/\/a-pant.ee\/ru\/wp-json\/wp\/v2\/product_tag?post=27153"}],"curies":[{"name":"wp","href":"https:\/\/api.w.org\/{rel}","templated":true}]}}