{"id":27145,"date":"2026-02-04T03:13:57","date_gmt":"2026-02-04T00:13:57","guid":{"rendered":"https:\/\/a-pant.ee\/product\/nivelir-kapro-prolaser-vector-873g-zelenyj\/"},"modified":"2026-02-22T12:32:06","modified_gmt":"2026-02-22T09:32:06","slug":"nivelir-kapro-prolaser-vector-873g-90-grad-zelenyj","status":"publish","type":"product","link":"https:\/\/a-pant.ee\/ru\/product\/nivelir-kapro-prolaser-vector-873g-90-grad-zelenyj\/","title":{"rendered":"\u041d\u0438\u0432\u0435\u043b\u0438\u0440 Kapro Prolaser Vector 873G, 90 \u0433\u0440\u0430\u0434, \u0437\u0435\u043b\u0435\u043d\u044b\u0439"},"content":{"rendered":"\n<p> M\u00fc\u00fcakse\u00a0Ristlaser Kapro 873G PROLASER VECTOR roholine + kott\u00a0, heas seisu- ja t\u00f6\u00f6korras! <\/p><p> KIRJELDUS <\/p><p> \u2022 3 rohelist laserkiirt, sealhulgas: <br \/> \u2022 1 horisontaalne <br \/> \u2022 2 vertikaalset (90\u00b0 ristmikuga) <br \/> \u2022 Laseri ulatus: siseruumides: 30 m <br \/> \u2022 Laseri t\u00f6\u00f6ulatus: \u00d5ues koos detektoriga: 60 m <br \/> \u2022 T\u00e4psus: 0,2 mm\/m <br \/> \u2022 Isetasandumise vahemik \u00b13\u00b0 <br \/> \u2022 K\u00e4sire\u017eiim nurkade m\u00e4rgistamiseks\/kaldm\u00e4rgistamiseks <br \/> \u2022 Visuaalne ja helihoiatus taseme v\u00e4ljap\u00e4\u00e4su kohta <br \/> \u2022 Tugevad kokkupandavad jalad nurka kinnitamiseks <br \/> \u2022 L\u00f6\u00f6gikindel kummist korpus <br \/> \u2022 Statiivi valmidus: 1\/4&#8243; keermega <br \/> Sisaldab: <br \/> \u2022 Statiiviadapter 5\/8\u2033 keermele <br \/> \u2022 3 AA patareid <br \/> \u2022 Pehme kandekott <\/p>\n","protected":false},"excerpt":{"rendered":"<p>M\u00fc\u00fcakse\u00a0Ristlaser Kapro 873G PROLASER VECTOR roholine + kott\u00a0, heas seisu- ja t\u00f6\u00f6korras! KIRJELDUS \u2022 3 rohelist laserkiirt, sealhulgas: \u2022 1 horisontaalne \u2022 2 vertikaalset (90\u00b0 ristmikuga) \u2022 Laseri ulatus: siseruumides: 30 m \u2022 Laseri t\u00f6\u00f6ulatus: \u00d5ues koos detektoriga: 60 m \u2022 T\u00e4psus: 0,2 mm\/m \u2022 Isetasandumise vahemik \u00b13\u00b0 \u2022 K\u00e4sire\u017eiim nurkade m\u00e4rgistamiseks\/kaldm\u00e4rgistamiseks \u2022 Visuaalne ja [&hellip;]<\/p>\n","protected":false},"featured_media":27146,"comment_status":"closed","ping_status":"open","template":"","meta":{"inline_featured_image":false},"product_brand":[],"product_cat":[234],"product_tag":[],"class_list":{"0":"post-27145","1":"product","2":"type-product","3":"status-publish","4":"has-post-thumbnail","6":"product_cat-izmeritelnye-pribory","7":"pa_asukoht-mustamae","8":"pa_seisukord-ispolzovano","10":"first","11":"instock","12":"taxable","13":"shipping-taxable","14":"purchasable","15":"product-type-simple"},"_links":{"self":[{"href":"https:\/\/a-pant.ee\/ru\/wp-json\/wp\/v2\/product\/27145","targetHints":{"allow":["GET"]}}],"collection":[{"href":"https:\/\/a-pant.ee\/ru\/wp-json\/wp\/v2\/product"}],"about":[{"href":"https:\/\/a-pant.ee\/ru\/wp-json\/wp\/v2\/types\/product"}],"replies":[{"embeddable":true,"href":"https:\/\/a-pant.ee\/ru\/wp-json\/wp\/v2\/comments?post=27145"}],"wp:featuredmedia":[{"embeddable":true,"href":"https:\/\/a-pant.ee\/ru\/wp-json\/wp\/v2\/media\/27146"}],"wp:attachment":[{"href":"https:\/\/a-pant.ee\/ru\/wp-json\/wp\/v2\/media?parent=27145"}],"wp:term":[{"taxonomy":"product_brand","embeddable":true,"href":"https:\/\/a-pant.ee\/ru\/wp-json\/wp\/v2\/product_brand?post=27145"},{"taxonomy":"product_cat","embeddable":true,"href":"https:\/\/a-pant.ee\/ru\/wp-json\/wp\/v2\/product_cat?post=27145"},{"taxonomy":"product_tag","embeddable":true,"href":"https:\/\/a-pant.ee\/ru\/wp-json\/wp\/v2\/product_tag?post=27145"}],"curies":[{"name":"wp","href":"https:\/\/api.w.org\/{rel}","templated":true}]}}