{"id":27139,"date":"2026-02-04T03:13:57","date_gmt":"2026-02-04T00:13:57","guid":{"rendered":"https:\/\/a-pant.ee\/product\/mini-frez-mini-grinder-max-135w-korobka\/"},"modified":"2026-02-22T12:32:06","modified_gmt":"2026-02-22T09:32:06","slug":"mini-frez-mini-grinder-max-135w-korobka","status":"publish","type":"product","link":"https:\/\/a-pant.ee\/ru\/product\/mini-frez-mini-grinder-max-135w-korobka\/","title":{"rendered":"\u041c\u0438\u043d\u0438-\u0444\u0440\u0435\u0437 Mini Grinder Max 135W + \u041a\u043e\u0440\u043e\u0431\u043a\u0430"},"content":{"rendered":"\n<p> Mini-frez Mini Grinder Max 135W + Karp, heas seisu- ja t\u00f6\u00f6korras! <\/p><p> KIRJELDUS <\/p><p> T\u00f6\u00f6riista saab kasutada lihvimiseks, puurimiseks, poleerimiseks, l\u00f5ikamiseks, rooste eemaldamiseks v\u00f5i graveerimiseks. <br \/> Seade suudab t\u00f6\u00f6delda terast, keraamikat, plasti, puitu, klaasi ja muid materjale. <br \/> Graveerimismasina eeliseks on see, et k\u00f5iki \u00fclaltoodud t\u00f6id saab teha v\u00e4ga v\u00e4ikeste detailidega, mida ei saa teha m\u00f5ne teise t\u00f6\u00f6riistaga. <br \/> Sellel on kiiruse regulaator, mis aitab teil t\u00f6\u00f6riista konkreetse t\u00f6\u00f6 jaoks kohandada, mis v\u00f5imaldab teil seda teha v\u00e4ga t\u00f5husalt ja mitte rikkuda t\u00f6\u00f6deldavat materjali. <br \/> T\u00f6\u00f6riista v\u00f5imsus on 135 W, seal on kaks vahetatavat tsenderit l\u00e4bim\u00f5\u00f5duga 2,4 mm ja 3,2 mm, mis v\u00f5imaldavad paigaldada laias valikus erinevaid kinnitusi. <br \/> Spindel on varustatud mehaanilise lukuga kiireks ja mugavaks t\u00f6\u00f6riistavahetuseks. <br \/> Korpus on v\u00e4ga ergonoomiline, muutes selle k\u00e4es hoidmise mugavamaks. <br \/> Korpusel on kiire juurdep\u00e4\u00e4s t\u00f6\u00f6riistaharjadele, mis h\u00f5lbustab nende kiiret vahetamist. <br \/> Graveerija ohutuks transportimiseks ja hoiustamiseks on kaasas \u00fcmbris. <br \/> Energiatarve: 135 W <br \/> Koormus nr Kiirus: 10000\u201332000 <br \/> Puuri l\u00e4bim\u00f5\u00f5t: 3,2 mm <br \/> Lihvimism\u00f5\u00f5t: 35 mm <\/p>\n","protected":false},"excerpt":{"rendered":"<p>Mini-frez Mini Grinder Max 135W + Karp, heas seisu- ja t\u00f6\u00f6korras! KIRJELDUS T\u00f6\u00f6riista saab kasutada lihvimiseks, puurimiseks, poleerimiseks, l\u00f5ikamiseks, rooste eemaldamiseks v\u00f5i graveerimiseks. Seade suudab t\u00f6\u00f6delda terast, keraamikat, plasti, puitu, klaasi ja muid materjale. Graveerimismasina eeliseks on see, et k\u00f5iki \u00fclaltoodud t\u00f6id saab teha v\u00e4ga v\u00e4ikeste detailidega, mida ei saa teha m\u00f5ne teise t\u00f6\u00f6riistaga. Sellel [&hellip;]<\/p>\n","protected":false},"featured_media":27140,"comment_status":"closed","ping_status":"open","template":"","meta":{"inline_featured_image":false},"product_brand":[],"product_cat":[246],"product_tag":[],"class_list":{"0":"post-27139","1":"product","2":"type-product","3":"status-publish","4":"has-post-thumbnail","6":"product_cat-instrumenty-drugoe","7":"pa_asukoht-mustamae","8":"pa_seisukord-ispolzovano","10":"first","11":"instock","12":"taxable","13":"shipping-taxable","14":"purchasable","15":"product-type-simple"},"_links":{"self":[{"href":"https:\/\/a-pant.ee\/ru\/wp-json\/wp\/v2\/product\/27139","targetHints":{"allow":["GET"]}}],"collection":[{"href":"https:\/\/a-pant.ee\/ru\/wp-json\/wp\/v2\/product"}],"about":[{"href":"https:\/\/a-pant.ee\/ru\/wp-json\/wp\/v2\/types\/product"}],"replies":[{"embeddable":true,"href":"https:\/\/a-pant.ee\/ru\/wp-json\/wp\/v2\/comments?post=27139"}],"wp:featuredmedia":[{"embeddable":true,"href":"https:\/\/a-pant.ee\/ru\/wp-json\/wp\/v2\/media\/27140"}],"wp:attachment":[{"href":"https:\/\/a-pant.ee\/ru\/wp-json\/wp\/v2\/media?parent=27139"}],"wp:term":[{"taxonomy":"product_brand","embeddable":true,"href":"https:\/\/a-pant.ee\/ru\/wp-json\/wp\/v2\/product_brand?post=27139"},{"taxonomy":"product_cat","embeddable":true,"href":"https:\/\/a-pant.ee\/ru\/wp-json\/wp\/v2\/product_cat?post=27139"},{"taxonomy":"product_tag","embeddable":true,"href":"https:\/\/a-pant.ee\/ru\/wp-json\/wp\/v2\/product_tag?post=27139"}],"curies":[{"name":"wp","href":"https:\/\/api.w.org\/{rel}","templated":true}]}}