{"id":27133,"date":"2026-02-04T03:13:57","date_gmt":"2026-02-04T00:13:57","guid":{"rendered":"https:\/\/a-pant.ee\/product\/telefon-nokia-g21\/"},"modified":"2026-02-22T12:32:06","modified_gmt":"2026-02-22T09:32:06","slug":"telefon-nokia-g21","status":"publish","type":"product","link":"https:\/\/a-pant.ee\/ru\/product\/telefon-nokia-g21\/","title":{"rendered":"\u0422\u0435\u043b\u0435\u0444\u043e\u043d Nokia G21"},"content":{"rendered":"\n<p> Telefon Nokia G21\u00a0, heas seisu- ja t\u00f6\u00f6korras! <\/p><p> KIRJELDUS <\/p><p> Ekraan: IPS HD+, 6,5&#8243; (1600&#215;720. <br \/> Protsessor: Unisoc t606. <br \/> M\u00e4lu: RAM 4 GB, sisseehitatud 64 GB <br \/> Aku: Li-Pol, 5050 mAh <br \/> V\u00f5rgutugi: 2G\/3G\/4G (LTE. <br \/> S\u00f5rmej\u00e4ljeskanner: k\u00fclg <br \/> M\u00f5\u00f5dud (L x K x S): 75,9 x 164,6 x 8,5 mm <\/p>\n","protected":false},"excerpt":{"rendered":"<p>Telefon Nokia G21\u00a0, heas seisu- ja t\u00f6\u00f6korras! KIRJELDUS Ekraan: IPS HD+, 6,5&#8243; (1600&#215;720. Protsessor: Unisoc t606. M\u00e4lu: RAM 4 GB, sisseehitatud 64 GB Aku: Li-Pol, 5050 mAh V\u00f5rgutugi: 2G\/3G\/4G (LTE. S\u00f5rmej\u00e4ljeskanner: k\u00fclg M\u00f5\u00f5dud (L x K x S): 75,9 x 164,6 x 8,5 mm<\/p>\n","protected":false},"featured_media":27134,"comment_status":"closed","ping_status":"open","template":"","meta":{"inline_featured_image":false},"product_brand":[],"product_cat":[171],"product_tag":[],"class_list":{"0":"post-27133","1":"product","2":"type-product","3":"status-publish","4":"has-post-thumbnail","6":"product_cat-mobilnye-telefony","7":"pa_asukoht-mustamae","8":"pa_seisukord-ispolzovano","10":"first","11":"instock","12":"taxable","13":"shipping-taxable","14":"purchasable","15":"product-type-simple"},"_links":{"self":[{"href":"https:\/\/a-pant.ee\/ru\/wp-json\/wp\/v2\/product\/27133","targetHints":{"allow":["GET"]}}],"collection":[{"href":"https:\/\/a-pant.ee\/ru\/wp-json\/wp\/v2\/product"}],"about":[{"href":"https:\/\/a-pant.ee\/ru\/wp-json\/wp\/v2\/types\/product"}],"replies":[{"embeddable":true,"href":"https:\/\/a-pant.ee\/ru\/wp-json\/wp\/v2\/comments?post=27133"}],"wp:featuredmedia":[{"embeddable":true,"href":"https:\/\/a-pant.ee\/ru\/wp-json\/wp\/v2\/media\/27134"}],"wp:attachment":[{"href":"https:\/\/a-pant.ee\/ru\/wp-json\/wp\/v2\/media?parent=27133"}],"wp:term":[{"taxonomy":"product_brand","embeddable":true,"href":"https:\/\/a-pant.ee\/ru\/wp-json\/wp\/v2\/product_brand?post=27133"},{"taxonomy":"product_cat","embeddable":true,"href":"https:\/\/a-pant.ee\/ru\/wp-json\/wp\/v2\/product_cat?post=27133"},{"taxonomy":"product_tag","embeddable":true,"href":"https:\/\/a-pant.ee\/ru\/wp-json\/wp\/v2\/product_tag?post=27133"}],"curies":[{"name":"wp","href":"https:\/\/api.w.org\/{rel}","templated":true}]}}