{"id":27127,"date":"2026-02-04T03:10:48","date_gmt":"2026-02-04T00:10:48","guid":{"rendered":"https:\/\/a-pant.ee\/product\/gazovyj-pistolet-dlya-gvozdjej-makita-gn420c\/"},"modified":"2026-02-22T12:33:08","modified_gmt":"2026-02-22T09:33:08","slug":"gazovyj-pistolet-dlya-gvozdej-makita-gn420c-akum-1-5ah","status":"publish","type":"product","link":"https:\/\/a-pant.ee\/ru\/product\/gazovyj-pistolet-dlya-gvozdej-makita-gn420c-akum-1-5ah\/","title":{"rendered":"\u0413\u0430\u0437\u043e\u0432\u044b\u0439 \u043f\u0438\u0441\u0442\u043e\u043b\u0435\u0442 \u0434\u043b\u044f \u0433\u0432\u043e\u0437\u0434\u0435\u0439 Makita GN420c+\u0410\u043a\u0443\u043c 1.5Ah"},"content":{"rendered":"\n<p> \u00a0Gaasnaelap\u00fcss Makita GN420c + Aku 7.2v 1.5Ah, heas seisu- ja t\u00f6\u00f6korras! <\/p><p> KIRJELDUS <\/p><p> Pikkus, mm: 315 <br \/> Kaal, kg: 3,6 <br \/> Reguleeritav s\u00f5idus\u00fcgavus <br \/> Toitepinge, V: 7.2 <br \/> Aku t\u00fc\u00fcp: Li-ion <\/p>\n","protected":false},"excerpt":{"rendered":"<p>\u00a0Gaasnaelap\u00fcss Makita GN420c + Aku 7.2v 1.5Ah, heas seisu- ja t\u00f6\u00f6korras! KIRJELDUS Pikkus, mm: 315 Kaal, kg: 3,6 Reguleeritav s\u00f5idus\u00fcgavus Toitepinge, V: 7.2 Aku t\u00fc\u00fcp: Li-ion<\/p>\n","protected":false},"featured_media":27128,"comment_status":"closed","ping_status":"open","template":"","meta":{"inline_featured_image":false},"product_brand":[],"product_cat":[246],"product_tag":[],"class_list":{"0":"post-27127","1":"product","2":"type-product","3":"status-publish","4":"has-post-thumbnail","6":"product_cat-instrumenty-drugoe","7":"pa_asukoht-mustamae","8":"pa_seisukord-ispolzovano","10":"first","11":"instock","12":"taxable","13":"shipping-taxable","14":"purchasable","15":"product-type-simple"},"_links":{"self":[{"href":"https:\/\/a-pant.ee\/ru\/wp-json\/wp\/v2\/product\/27127","targetHints":{"allow":["GET"]}}],"collection":[{"href":"https:\/\/a-pant.ee\/ru\/wp-json\/wp\/v2\/product"}],"about":[{"href":"https:\/\/a-pant.ee\/ru\/wp-json\/wp\/v2\/types\/product"}],"replies":[{"embeddable":true,"href":"https:\/\/a-pant.ee\/ru\/wp-json\/wp\/v2\/comments?post=27127"}],"wp:featuredmedia":[{"embeddable":true,"href":"https:\/\/a-pant.ee\/ru\/wp-json\/wp\/v2\/media\/27128"}],"wp:attachment":[{"href":"https:\/\/a-pant.ee\/ru\/wp-json\/wp\/v2\/media?parent=27127"}],"wp:term":[{"taxonomy":"product_brand","embeddable":true,"href":"https:\/\/a-pant.ee\/ru\/wp-json\/wp\/v2\/product_brand?post=27127"},{"taxonomy":"product_cat","embeddable":true,"href":"https:\/\/a-pant.ee\/ru\/wp-json\/wp\/v2\/product_cat?post=27127"},{"taxonomy":"product_tag","embeddable":true,"href":"https:\/\/a-pant.ee\/ru\/wp-json\/wp\/v2\/product_tag?post=27127"}],"curies":[{"name":"wp","href":"https:\/\/api.w.org\/{rel}","templated":true}]}}