{"id":27109,"date":"2026-02-04T03:10:48","date_gmt":"2026-02-04T00:10:48","guid":{"rendered":"https:\/\/a-pant.ee\/product\/akkumulyatornyy-perforator-bosch-gbh-18-v-li\/"},"modified":"2026-02-22T12:33:08","modified_gmt":"2026-02-22T09:33:08","slug":"akkumulyatornyj-perforator-bosch-gbh-18-v-li-ak-15ach","status":"publish","type":"product","link":"https:\/\/a-pant.ee\/ru\/product\/akkumulyatornyj-perforator-bosch-gbh-18-v-li-ak-15ach\/","title":{"rendered":"\u0410\u043a\u043a\u0443\u043c\u0443\u043b\u044f\u0442\u043e\u0440\u043d\u044b\u0439 \u043f\u0435\u0440\u0444\u043e\u0440\u0430\u0442\u043e\u0440 Bosch GBH 18 V-Li + \u0430\u043a 1,5\u0410\u0447"},"content":{"rendered":"\n<p> Akupuurvasar Bosch GBH 18 V-Li + aku 1,5Ah + laadija +kohver\u00a0, heas seisu- ja t\u00f6\u00f6korras! <\/p><p> KIRJELDUS <\/p><p> P\u00f6\u00f6rete arv 0 &#8212; 1050 p.\/min. <\/p><p> Vibratsioonitase 2,5-15 m\/sec\u00b2 <\/p><p> M\u00fcratase 9 dB(A) <\/p><p> Aku pinge 18 V <\/p><p> Puuriotsaku maksimaalne l\u00e4bim\u00f5\u00f5t puidu puurimiseks 16 mm <\/p><p> Puuriotsaku maksimaalne l\u00e4bim\u00f5\u00f5t betooni puurimiseks 4 &#8212; 12 mm <\/p><p> Puuripadruni l\u00e4bim\u00f5\u00f5t SDS Plus <\/p><p> L\u00f6\u00f6gisagedus 0 &#8212; 4950 l.\/min. <\/p><p> L\u00f6\u00f6gienergia, J 1,0 J <\/p><p> Puurvasara funktsioonid 2 &#8212; puurimine, l\u00f6\u00f6kpuurimine <\/p><p> Toote t\u00fc\u00fcp Kahefunktsiooniline puurvasar <\/p><p> Komplekti kuuluvad standard lisad kohver <\/p><p> Aku ja laadija On <\/p><p> Metalli puuritava augu l\u00e4bim\u00f5\u00f5t 8 mm <\/p>\n","protected":false},"excerpt":{"rendered":"<p>Akupuurvasar Bosch GBH 18 V-Li + aku 1,5Ah + laadija +kohver\u00a0, heas seisu- ja t\u00f6\u00f6korras! KIRJELDUS P\u00f6\u00f6rete arv 0 &#8212; 1050 p.\/min. Vibratsioonitase 2,5-15 m\/sec\u00b2 M\u00fcratase 9 dB(A) Aku pinge 18 V Puuriotsaku maksimaalne l\u00e4bim\u00f5\u00f5t puidu puurimiseks 16 mm Puuriotsaku maksimaalne l\u00e4bim\u00f5\u00f5t betooni puurimiseks 4 &#8212; 12 mm Puuripadruni l\u00e4bim\u00f5\u00f5t SDS Plus L\u00f6\u00f6gisagedus 0 &#8212; [&hellip;]<\/p>\n","protected":false},"featured_media":27110,"comment_status":"closed","ping_status":"open","template":"","meta":{"inline_featured_image":false},"product_brand":[],"product_cat":[239],"product_tag":[],"class_list":{"0":"post-27109","1":"product","2":"type-product","3":"status-publish","4":"has-post-thumbnail","6":"product_cat-perforatory-i-dreli","7":"pa_asukoht-lasnamae","8":"pa_seisukord-ispolzovano","10":"first","11":"instock","12":"taxable","13":"shipping-taxable","14":"purchasable","15":"product-type-simple"},"_links":{"self":[{"href":"https:\/\/a-pant.ee\/ru\/wp-json\/wp\/v2\/product\/27109","targetHints":{"allow":["GET"]}}],"collection":[{"href":"https:\/\/a-pant.ee\/ru\/wp-json\/wp\/v2\/product"}],"about":[{"href":"https:\/\/a-pant.ee\/ru\/wp-json\/wp\/v2\/types\/product"}],"replies":[{"embeddable":true,"href":"https:\/\/a-pant.ee\/ru\/wp-json\/wp\/v2\/comments?post=27109"}],"wp:featuredmedia":[{"embeddable":true,"href":"https:\/\/a-pant.ee\/ru\/wp-json\/wp\/v2\/media\/27110"}],"wp:attachment":[{"href":"https:\/\/a-pant.ee\/ru\/wp-json\/wp\/v2\/media?parent=27109"}],"wp:term":[{"taxonomy":"product_brand","embeddable":true,"href":"https:\/\/a-pant.ee\/ru\/wp-json\/wp\/v2\/product_brand?post=27109"},{"taxonomy":"product_cat","embeddable":true,"href":"https:\/\/a-pant.ee\/ru\/wp-json\/wp\/v2\/product_cat?post=27109"},{"taxonomy":"product_tag","embeddable":true,"href":"https:\/\/a-pant.ee\/ru\/wp-json\/wp\/v2\/product_tag?post=27109"}],"curies":[{"name":"wp","href":"https:\/\/api.w.org\/{rel}","templated":true}]}}