{"id":27101,"date":"2026-02-04T03:10:48","date_gmt":"2026-02-04T00:10:48","guid":{"rendered":"https:\/\/a-pant.ee\/product\/chasy-tommy-hilfiger-th-324-3-105-2205\/"},"modified":"2026-02-22T12:33:08","modified_gmt":"2026-02-22T09:33:08","slug":"chasy-tommy-hilfiger-th-324-3-105-2205-korobka","status":"publish","type":"product","link":"https:\/\/a-pant.ee\/ru\/product\/chasy-tommy-hilfiger-th-324-3-105-2205-korobka\/","title":{"rendered":"\u0427\u0430\u0441\u044b Tommy Hilfiger TH.324.3.105.2205 + \u041a\u043e\u0440\u043e\u0431\u043a\u0430"},"content":{"rendered":"\n<p> K\u00e4ekellad Tommy Hilfiger TH.324.3.105.2205 + Karp\u00a0, heas seisu- ja t\u00f6\u00f6korras! <\/p><p> KIRJELDUS <\/p><p> Naise kellad <\/p><p> Boett l\u00e4bim\u00f5\u00f5t (mm) <\/p><p> 40 <\/p><p> \u00dcksikasjad <br \/> Kaubam\u00e4rk <\/p><p> Tommy Hilfiger <\/p><p> T\u00fc\u00fcp <\/p><p> K\u00e4ekell <\/p><p> Kellarihm <\/p><p> Nahk <\/p><p> V\u00e4rv <\/p><p> Valge, bee\u017e <\/p>\n","protected":false},"excerpt":{"rendered":"<p>K\u00e4ekellad Tommy Hilfiger TH.324.3.105.2205 + Karp\u00a0, heas seisu- ja t\u00f6\u00f6korras! KIRJELDUS Naise kellad Boett l\u00e4bim\u00f5\u00f5t (mm) 40 \u00dcksikasjad Kaubam\u00e4rk Tommy Hilfiger T\u00fc\u00fcp K\u00e4ekell Kellarihm Nahk V\u00e4rv Valge, bee\u017e<\/p>\n","protected":false},"featured_media":27102,"comment_status":"closed","ping_status":"open","template":"","meta":{"inline_featured_image":false},"product_brand":[],"product_cat":[212],"product_tag":[],"class_list":{"0":"post-27101","1":"product","2":"type-product","3":"status-publish","4":"has-post-thumbnail","6":"product_cat-zhenskie-chasy","7":"pa_asukoht-lasnamae","8":"pa_seisukord-ispolzovano","10":"first","11":"instock","12":"taxable","13":"shipping-taxable","14":"purchasable","15":"product-type-simple"},"_links":{"self":[{"href":"https:\/\/a-pant.ee\/ru\/wp-json\/wp\/v2\/product\/27101","targetHints":{"allow":["GET"]}}],"collection":[{"href":"https:\/\/a-pant.ee\/ru\/wp-json\/wp\/v2\/product"}],"about":[{"href":"https:\/\/a-pant.ee\/ru\/wp-json\/wp\/v2\/types\/product"}],"replies":[{"embeddable":true,"href":"https:\/\/a-pant.ee\/ru\/wp-json\/wp\/v2\/comments?post=27101"}],"wp:featuredmedia":[{"embeddable":true,"href":"https:\/\/a-pant.ee\/ru\/wp-json\/wp\/v2\/media\/27102"}],"wp:attachment":[{"href":"https:\/\/a-pant.ee\/ru\/wp-json\/wp\/v2\/media?parent=27101"}],"wp:term":[{"taxonomy":"product_brand","embeddable":true,"href":"https:\/\/a-pant.ee\/ru\/wp-json\/wp\/v2\/product_brand?post=27101"},{"taxonomy":"product_cat","embeddable":true,"href":"https:\/\/a-pant.ee\/ru\/wp-json\/wp\/v2\/product_cat?post=27101"},{"taxonomy":"product_tag","embeddable":true,"href":"https:\/\/a-pant.ee\/ru\/wp-json\/wp\/v2\/product_tag?post=27101"}],"curies":[{"name":"wp","href":"https:\/\/api.w.org\/{rel}","templated":true}]}}