{"id":27093,"date":"2026-02-04T03:10:48","date_gmt":"2026-02-04T00:10:48","guid":{"rendered":"https:\/\/a-pant.ee\/product\/mobilnyy-telefon-poco-x3-pro-128gb-chehol\/"},"modified":"2026-02-22T12:33:08","modified_gmt":"2026-02-22T09:33:08","slug":"mobilnyj-telefon-poco-x3-pro-128gb-chehol","status":"publish","type":"product","link":"https:\/\/a-pant.ee\/ru\/product\/mobilnyj-telefon-poco-x3-pro-128gb-chehol\/","title":{"rendered":"\u041c\u043e\u0431\u0438\u043b\u044c\u043d\u044b\u0439 \u0442\u0435\u043b\u0435\u0444\u043e\u043d Poco X3 Pro 128Gb + \u0447\u0435\u0445\u043e\u043b"},"content":{"rendered":"\n<p> Mobiiltelefon Poco X3 Pro 128Gb + \u00fcmbrik\u00a0, heas seisu- ja t\u00f6\u00f6korras! <\/p><p> KIRJELDUS <\/p><p> Kategooria:\u00a0Telefonid <\/p><p> Telefoni t\u00fc\u00fcp:\u00a0Nutitelefon <\/p><p> Kaubam\u00e4rk:\u00a0Poco <\/p><p> V\u00e4rv:\u00a0Sinine <\/p><p> WiFi: Jah <\/p><p> Bluetooth: Jah <\/p><p> Bluetooth Versioon: 5.0 <\/p><p> Ekraani t\u00fc\u00fcp: LCD <\/p><p> Kriimustuskindel ekraan: Jah <\/p><p> Resolutsioon: 1080 x 2400 <\/p><p> V\u00e4lk: 2 x LED <\/p><p> Protsessori t\u00fc\u00fcp: Qualcomm Snapdragon 860 <\/p><p> Protsessori sagedus: 1 x 2.96 + 3 x 2.42 + 4 x 1.78 GHz <\/p><p> Operatiivm\u00e4lu (RAM): 8192 MB <\/p><p> Sisem\u00e4lu: 128 GB <\/p><p> M\u00e4lukaart: Micro SD <\/p><p> M\u00e4lukaardi maht: kuni 1 TB GB <\/p><p> Aku t\u00fc\u00fcp: Li-Po <\/p><p> Aku mahutavus: 5160 mAh <\/p><p> Operatsioonis\u00fcsteem:\u00a0Android <\/p><p> Versioon: 11 <\/p><p> Liidesed: 3.5 mm jack, USB Type-C <\/p><p> FM-raadio: Jah <\/p><p> Veekindluse tase: IP53 <\/p><p> Mudel:\u00a0Xiaomi Poco X3 Pro <\/p><p> Vaade:\u00a0Poco, xiaomi poco x3 pro telefonid <\/p><p> Toote seisukord: Kasutatud <\/p><p> Kaal: 215 g <\/p><p> Pakendis sisaldub* (*pakendi sisu v\u00f5ib muutuda): Telefon <\/p><p> Lisainformatsioon: GPS <\/p><p> Diagonaal (tollid): 6.67 <\/p><p> Tagakaamera:\u00a048 + 8 + 2 + 2 Mpx <\/p><p> Esikaamera:\u00a020 Mpx <\/p>\n","protected":false},"excerpt":{"rendered":"<p>Mobiiltelefon Poco X3 Pro 128Gb + \u00fcmbrik\u00a0, heas seisu- ja t\u00f6\u00f6korras! KIRJELDUS Kategooria:\u00a0Telefonid Telefoni t\u00fc\u00fcp:\u00a0Nutitelefon Kaubam\u00e4rk:\u00a0Poco V\u00e4rv:\u00a0Sinine WiFi: Jah Bluetooth: Jah Bluetooth Versioon: 5.0 Ekraani t\u00fc\u00fcp: LCD Kriimustuskindel ekraan: Jah Resolutsioon: 1080 x 2400 V\u00e4lk: 2 x LED Protsessori t\u00fc\u00fcp: Qualcomm Snapdragon 860 Protsessori sagedus: 1 x 2.96 + 3 x 2.42 + 4 x [&hellip;]<\/p>\n","protected":false},"featured_media":27094,"comment_status":"closed","ping_status":"open","template":"","meta":{"inline_featured_image":false},"product_brand":[],"product_cat":[171],"product_tag":[],"class_list":{"0":"post-27093","1":"product","2":"type-product","3":"status-publish","4":"has-post-thumbnail","6":"product_cat-mobilnye-telefony","7":"pa_asukoht-lasnamae","8":"pa_seisukord-ispolzovano","10":"first","11":"instock","12":"taxable","13":"shipping-taxable","14":"purchasable","15":"product-type-simple"},"_links":{"self":[{"href":"https:\/\/a-pant.ee\/ru\/wp-json\/wp\/v2\/product\/27093","targetHints":{"allow":["GET"]}}],"collection":[{"href":"https:\/\/a-pant.ee\/ru\/wp-json\/wp\/v2\/product"}],"about":[{"href":"https:\/\/a-pant.ee\/ru\/wp-json\/wp\/v2\/types\/product"}],"replies":[{"embeddable":true,"href":"https:\/\/a-pant.ee\/ru\/wp-json\/wp\/v2\/comments?post=27093"}],"wp:featuredmedia":[{"embeddable":true,"href":"https:\/\/a-pant.ee\/ru\/wp-json\/wp\/v2\/media\/27094"}],"wp:attachment":[{"href":"https:\/\/a-pant.ee\/ru\/wp-json\/wp\/v2\/media?parent=27093"}],"wp:term":[{"taxonomy":"product_brand","embeddable":true,"href":"https:\/\/a-pant.ee\/ru\/wp-json\/wp\/v2\/product_brand?post=27093"},{"taxonomy":"product_cat","embeddable":true,"href":"https:\/\/a-pant.ee\/ru\/wp-json\/wp\/v2\/product_cat?post=27093"},{"taxonomy":"product_tag","embeddable":true,"href":"https:\/\/a-pant.ee\/ru\/wp-json\/wp\/v2\/product_tag?post=27093"}],"curies":[{"name":"wp","href":"https:\/\/api.w.org\/{rel}","templated":true}]}}