{"id":27081,"date":"2026-02-04T03:10:48","date_gmt":"2026-02-04T00:10:48","guid":{"rendered":"https:\/\/a-pant.ee\/product\/akkumulyatornaya-drel-dewalt-dcd777-ak-5-0ah\/"},"modified":"2026-02-22T12:33:07","modified_gmt":"2026-02-22T09:33:07","slug":"akkumulyatornaya-drel-dewalt-dcd777-akku-5-0ach","status":"publish","type":"product","link":"https:\/\/a-pant.ee\/ru\/product\/akkumulyatornaya-drel-dewalt-dcd777-akku-5-0ach\/","title":{"rendered":"\u0410\u043a\u043a\u0443\u043c\u0443\u043b\u044f\u0442\u043e\u0440\u043d\u0430\u044f \u0434\u0440\u0435\u043b\u044c DeWalt DCD777 + \u0430\u043a\u043a\u0443 5.0\u0410\u0447"},"content":{"rendered":"\n<p> Akutrell DeWalt DCD777 + aku 5,0Ah\u00a0, heas seisu- ja t\u00f6\u00f6korras! <\/p><p> KIRJELDUS <\/p><p> 18-voldine XR Li-Ion kompaktpuur\/kruvikeeraja on varustatud 1,3 Ah XR Li-Ion akuga. <\/p><ul><li> \u00dche h\u00fclsi ja spindlilukuga 13 mm puurpesa tagab kiire ja lihtsa t\u00f6\u00f6riistavahetus \u00fche k\u00e4ega <\/li><li> Kaks k\u00e4iguvahetust, pidev kiiruse reguleerimine ja mootori tagasik\u00e4igul\u00fcliti tagavad maksimaalse man\u00f6\u00f6verdamisv\u00f5ime <\/li><li> Intelligentse p\u00e4\u00e4stikl\u00fcliti disain tagab maksimaalse t\u00f6\u00f6v\u00f5ime <\/li><li> 16 p\u00f6\u00f6rdemomendi seadistust v\u00f5imaldavad h\u00f5lpsasti keerata eri suurusega kruvisid ja kruvisid erinevatesse materjalidesse <\/li><li> Hele LED-valgus koos viivitusfunktsiooniga parandab t\u00f6\u00f6riista n\u00e4htavust ja funktsionaalsust <\/li><li> Parandatud ergonoomiline disain ja k\u00e4epideme kummist pind suurendavad mugavust <\/li><li> Laadija kasutamiseks 18-voldise toitepingega XR Li-Ion akupakettidega <\/li><li> XR Li-Ion intelligentne tahvel on m\u00f5eldud t\u00f5husaks ja kiireks t\u00f6\u00f6v\u00f5tteks <\/li><\/ul>\n","protected":false},"excerpt":{"rendered":"<p>Akutrell DeWalt DCD777 + aku 5,0Ah\u00a0, heas seisu- ja t\u00f6\u00f6korras! KIRJELDUS 18-voldine XR Li-Ion kompaktpuur\/kruvikeeraja on varustatud 1,3 Ah XR Li-Ion akuga. \u00dche h\u00fclsi ja spindlilukuga 13 mm puurpesa tagab kiire ja lihtsa t\u00f6\u00f6riistavahetus \u00fche k\u00e4ega Kaks k\u00e4iguvahetust, pidev kiiruse reguleerimine ja mootori tagasik\u00e4igul\u00fcliti tagavad maksimaalse man\u00f6\u00f6verdamisv\u00f5ime Intelligentse p\u00e4\u00e4stikl\u00fcliti disain tagab maksimaalse t\u00f6\u00f6v\u00f5ime 16 p\u00f6\u00f6rdemomendi [&hellip;]<\/p>\n","protected":false},"featured_media":27082,"comment_status":"closed","ping_status":"open","template":"","meta":{"inline_featured_image":false},"product_brand":[],"product_cat":[221],"product_tag":[],"class_list":{"0":"post-27081","1":"product","2":"type-product","3":"status-publish","4":"has-post-thumbnail","6":"product_cat-akkumulyatornye-dreli","7":"pa_asukoht-lasnamae","8":"pa_seisukord-ispolzovano","10":"first","11":"instock","12":"taxable","13":"shipping-taxable","14":"purchasable","15":"product-type-simple"},"_links":{"self":[{"href":"https:\/\/a-pant.ee\/ru\/wp-json\/wp\/v2\/product\/27081","targetHints":{"allow":["GET"]}}],"collection":[{"href":"https:\/\/a-pant.ee\/ru\/wp-json\/wp\/v2\/product"}],"about":[{"href":"https:\/\/a-pant.ee\/ru\/wp-json\/wp\/v2\/types\/product"}],"replies":[{"embeddable":true,"href":"https:\/\/a-pant.ee\/ru\/wp-json\/wp\/v2\/comments?post=27081"}],"wp:featuredmedia":[{"embeddable":true,"href":"https:\/\/a-pant.ee\/ru\/wp-json\/wp\/v2\/media\/27082"}],"wp:attachment":[{"href":"https:\/\/a-pant.ee\/ru\/wp-json\/wp\/v2\/media?parent=27081"}],"wp:term":[{"taxonomy":"product_brand","embeddable":true,"href":"https:\/\/a-pant.ee\/ru\/wp-json\/wp\/v2\/product_brand?post=27081"},{"taxonomy":"product_cat","embeddable":true,"href":"https:\/\/a-pant.ee\/ru\/wp-json\/wp\/v2\/product_cat?post=27081"},{"taxonomy":"product_tag","embeddable":true,"href":"https:\/\/a-pant.ee\/ru\/wp-json\/wp\/v2\/product_tag?post=27081"}],"curies":[{"name":"wp","href":"https:\/\/api.w.org\/{rel}","templated":true}]}}