{"id":27075,"date":"2026-02-04T03:10:48","date_gmt":"2026-02-04T00:10:48","guid":{"rendered":"https:\/\/a-pant.ee\/product\/shurupovert-makita-dfs452-bez-akb-nasadki-keis\/"},"modified":"2026-02-22T12:33:07","modified_gmt":"2026-02-22T09:33:07","slug":"shurupovert-makita-dfs452-50ach","status":"publish","type":"product","link":"https:\/\/a-pant.ee\/ru\/product\/shurupovert-makita-dfs452-50ach\/","title":{"rendered":"\u0428\u0443\u0440\u0443\u043f\u043e\u0432\u0435\u0440\u0442 Makita DFS452 + 5,0\u0410\u0447"},"content":{"rendered":"\n<p> Akukruuvikeraja Makita DFS452, Ilma aku,Tarvikud, Kohver, heas seisu- ja t\u00f6\u00f6korras! <\/p><p> KIRJELDUS <\/p><ul><li> Mudel:\u00a0Makita DFS452 <\/li><li> T\u00fc\u00fcp:\u00a0Akutoitega kruvikeeraja <\/li><li> Pinge:\u00a018 V <\/li><li> Aku t\u00fc\u00fcp:\u00a0Li-Ion <\/li><li> P\u00f6\u00f6rlemiskiirus:\u00a0Kuni 4000 p\/min <\/li><li> Padruni t\u00fc\u00fcp:\u00a0Kuuskant (1\/4&#8243;) <\/li><li> Maksimaalne p\u00f6\u00f6rdemoment:\u00a020 N\u00b7m <\/li><li> Omadused: <ul><li> Push Drive tehnoloogia: aku s\u00e4\u00e4stmiseks mootor t\u00f6\u00f6tab ainult koormuse all. <\/li><li> Harjadeta mootor suurema j\u00f5udluse ja vastupidavuse tagamiseks. <\/li><li> Kompaktne ja kerge korpus. <\/li><li> LED-valgustus t\u00f6\u00f6ala valgustamiseks. <\/li><\/ul><\/li><li> Kaal:\u00a01,5 kg (ilma akuta) <\/li><li> Kasutus:\u00a0Kipsplaadi paigaldus, metalli- ja puidukonstruktsioonide kinnitamine. <\/li><\/ul>\n","protected":false},"excerpt":{"rendered":"<p>Akukruuvikeraja Makita DFS452, Ilma aku,Tarvikud, Kohver, heas seisu- ja t\u00f6\u00f6korras! KIRJELDUS Mudel:\u00a0Makita DFS452 T\u00fc\u00fcp:\u00a0Akutoitega kruvikeeraja Pinge:\u00a018 V Aku t\u00fc\u00fcp:\u00a0Li-Ion P\u00f6\u00f6rlemiskiirus:\u00a0Kuni 4000 p\/min Padruni t\u00fc\u00fcp:\u00a0Kuuskant (1\/4&#8243;) Maksimaalne p\u00f6\u00f6rdemoment:\u00a020 N\u00b7m Omadused: Push Drive tehnoloogia: aku s\u00e4\u00e4stmiseks mootor t\u00f6\u00f6tab ainult koormuse all. Harjadeta mootor suurema j\u00f5udluse ja vastupidavuse tagamiseks. Kompaktne ja kerge korpus. LED-valgustus t\u00f6\u00f6ala valgustamiseks. Kaal:\u00a01,5 kg [&hellip;]<\/p>\n","protected":false},"featured_media":27076,"comment_status":"closed","ping_status":"open","template":"","meta":{"inline_featured_image":false},"product_brand":[],"product_cat":[221],"product_tag":[],"class_list":{"0":"post-27075","1":"product","2":"type-product","3":"status-publish","4":"has-post-thumbnail","6":"product_cat-akkumulyatornye-dreli","7":"pa_asukoht-mustamae","8":"pa_seisukord-ispolzovano","10":"first","11":"instock","12":"taxable","13":"shipping-taxable","14":"purchasable","15":"product-type-simple"},"_links":{"self":[{"href":"https:\/\/a-pant.ee\/ru\/wp-json\/wp\/v2\/product\/27075","targetHints":{"allow":["GET"]}}],"collection":[{"href":"https:\/\/a-pant.ee\/ru\/wp-json\/wp\/v2\/product"}],"about":[{"href":"https:\/\/a-pant.ee\/ru\/wp-json\/wp\/v2\/types\/product"}],"replies":[{"embeddable":true,"href":"https:\/\/a-pant.ee\/ru\/wp-json\/wp\/v2\/comments?post=27075"}],"wp:featuredmedia":[{"embeddable":true,"href":"https:\/\/a-pant.ee\/ru\/wp-json\/wp\/v2\/media\/27076"}],"wp:attachment":[{"href":"https:\/\/a-pant.ee\/ru\/wp-json\/wp\/v2\/media?parent=27075"}],"wp:term":[{"taxonomy":"product_brand","embeddable":true,"href":"https:\/\/a-pant.ee\/ru\/wp-json\/wp\/v2\/product_brand?post=27075"},{"taxonomy":"product_cat","embeddable":true,"href":"https:\/\/a-pant.ee\/ru\/wp-json\/wp\/v2\/product_cat?post=27075"},{"taxonomy":"product_tag","embeddable":true,"href":"https:\/\/a-pant.ee\/ru\/wp-json\/wp\/v2\/product_tag?post=27075"}],"curies":[{"name":"wp","href":"https:\/\/api.w.org\/{rel}","templated":true}]}}