{"id":27063,"date":"2026-02-04T03:10:48","date_gmt":"2026-02-04T00:10:48","guid":{"rendered":"https:\/\/a-pant.ee\/product\/ochistitel-vozdukha-rovlis-nano\/"},"modified":"2026-02-22T12:33:07","modified_gmt":"2026-02-22T09:33:07","slug":"ochistitel-vozduha-rovlis-nano","status":"publish","type":"product","link":"https:\/\/a-pant.ee\/ru\/product\/ochistitel-vozduha-rovlis-nano\/","title":{"rendered":"\u041e\u0447\u0438\u0441\u0442\u0438\u0442\u0435\u043b\u044c \u0432\u043e\u0437\u0434\u0443\u0445\u0430 Rovlis Nano"},"content":{"rendered":"\n<p> Air Purifier Rovlis Nano\u00a0, heas seisu- ja t\u00f6\u00f6korras! <\/p><p> KIRJELDUS <\/p><p> Puhastaja t\u00fc\u00fcp <\/p><p> Voolutarve 65 W <\/p><p> Hooldatav pind 60 m2 <\/p><p> P\u00f5randa paigutus <\/p><p> Elektriv\u00f5rk <\/p><p> M\u00fcratase 0 &#8212; 61 dB <\/p><p> V\u00e4rv valge <\/p><p> Puhastusre\u017eiimide arv 4 <\/p><p> Puutetundlik juhtimine <\/p><p> \u00d5hukvaliteedi n\u00e4itaja <\/p><p> Korpuse valgustus <\/p><p> Puhastusetappide arv 4 <\/p><p> Max puhastusv\u00f5imsus 470 m3\/h <\/p><p> HEPA\/EPA filter H13 <\/p><p> Pikkus 34,6 cm <\/p><p> Laius 34,6 cm <\/p><p> K\u00f5rgus 67,4 cm <\/p>\n","protected":false},"excerpt":{"rendered":"<p>Air Purifier Rovlis Nano\u00a0, heas seisu- ja t\u00f6\u00f6korras! KIRJELDUS Puhastaja t\u00fc\u00fcp Voolutarve 65 W Hooldatav pind 60 m2 P\u00f5randa paigutus Elektriv\u00f5rk M\u00fcratase 0 &#8212; 61 dB V\u00e4rv valge Puhastusre\u017eiimide arv 4 Puutetundlik juhtimine \u00d5hukvaliteedi n\u00e4itaja Korpuse valgustus Puhastusetappide arv 4 Max puhastusv\u00f5imsus 470 m3\/h HEPA\/EPA filter H13 Pikkus 34,6 cm Laius 34,6 cm K\u00f5rgus 67,4 [&hellip;]<\/p>\n","protected":false},"featured_media":27064,"comment_status":"closed","ping_status":"closed","template":"","meta":{"inline_featured_image":false},"product_brand":[],"product_cat":[166],"product_tag":[],"class_list":{"0":"post-27063","1":"product","2":"type-product","3":"status-publish","4":"has-post-thumbnail","6":"product_cat-bytovaya-tehnika","7":"product_shipping_class-oversize","8":"pa_asukoht-mustamae","9":"pa_seisukord-ispolzovano","11":"first","12":"instock","13":"taxable","14":"shipping-taxable","15":"purchasable","16":"product-type-simple"},"_links":{"self":[{"href":"https:\/\/a-pant.ee\/ru\/wp-json\/wp\/v2\/product\/27063","targetHints":{"allow":["GET"]}}],"collection":[{"href":"https:\/\/a-pant.ee\/ru\/wp-json\/wp\/v2\/product"}],"about":[{"href":"https:\/\/a-pant.ee\/ru\/wp-json\/wp\/v2\/types\/product"}],"replies":[{"embeddable":true,"href":"https:\/\/a-pant.ee\/ru\/wp-json\/wp\/v2\/comments?post=27063"}],"wp:featuredmedia":[{"embeddable":true,"href":"https:\/\/a-pant.ee\/ru\/wp-json\/wp\/v2\/media\/27064"}],"wp:attachment":[{"href":"https:\/\/a-pant.ee\/ru\/wp-json\/wp\/v2\/media?parent=27063"}],"wp:term":[{"taxonomy":"product_brand","embeddable":true,"href":"https:\/\/a-pant.ee\/ru\/wp-json\/wp\/v2\/product_brand?post=27063"},{"taxonomy":"product_cat","embeddable":true,"href":"https:\/\/a-pant.ee\/ru\/wp-json\/wp\/v2\/product_cat?post=27063"},{"taxonomy":"product_tag","embeddable":true,"href":"https:\/\/a-pant.ee\/ru\/wp-json\/wp\/v2\/product_tag?post=27063"}],"curies":[{"name":"wp","href":"https:\/\/api.w.org\/{rel}","templated":true}]}}