{"id":26991,"date":"2026-02-04T03:06:43","date_gmt":"2026-02-04T00:06:43","guid":{"rendered":"https:\/\/a-pant.ee\/product\/akudrel-bosch-gsr-18-2-li\/"},"modified":"2026-02-22T12:33:10","modified_gmt":"2026-02-22T09:33:10","slug":"akudrel-bosch-gsr-18-2-li-2ah-3sht-zaryadka-kejs","status":"publish","type":"product","link":"https:\/\/a-pant.ee\/ru\/product\/akudrel-bosch-gsr-18-2-li-2ah-3sht-zaryadka-kejs\/","title":{"rendered":"\u0410\u043a\u0443\u0434\u0440\u0435\u043b\u044c Bosch GSR 18-2-Li + 2Ah 3\u0448\u0442 + \u0437\u0430\u0440\u044f\u0434\u043a\u0430 + \u041a\u0435\u0439\u0441"},"content":{"rendered":"\n<p> \u00a0Akutrell Bosch GSR 18-2-Li + 2Ah 3tk + Laadija + Kohver, heas seisu- ja t\u00f6\u00f6korras! <\/p><p> KIRJELDUS <\/p><p> Maksimaalne p\u00f6\u00f6rlemiskiirus, p\/min 0\u2013500 | 1900. <\/p><p> Maksimaalne p\u00f6\u00f6rdemoment, Nm 63 | 24. <\/p><p> P\u00f6\u00f6rdemomendi re\u017eiimid 20+1. <\/p><p> Toiteallikas Aku <\/p><p> Padruni l\u00e4bim\u00f5\u00f5t 1,5-13. <\/p>\n","protected":false},"excerpt":{"rendered":"<p>\u00a0Akutrell Bosch GSR 18-2-Li + 2Ah 3tk + Laadija + Kohver, heas seisu- ja t\u00f6\u00f6korras! KIRJELDUS Maksimaalne p\u00f6\u00f6rlemiskiirus, p\/min 0\u2013500 | 1900. Maksimaalne p\u00f6\u00f6rdemoment, Nm 63 | 24. P\u00f6\u00f6rdemomendi re\u017eiimid 20+1. Toiteallikas Aku Padruni l\u00e4bim\u00f5\u00f5t 1,5-13.<\/p>\n","protected":false},"featured_media":26992,"comment_status":"closed","ping_status":"open","template":"","meta":{"inline_featured_image":false},"product_brand":[],"product_cat":[221],"product_tag":[],"class_list":{"0":"post-26991","1":"product","2":"type-product","3":"status-publish","4":"has-post-thumbnail","6":"product_cat-akkumulyatornye-dreli","7":"pa_asukoht-mustamae","8":"pa_seisukord-ispolzovano","10":"first","11":"instock","12":"taxable","13":"shipping-taxable","14":"purchasable","15":"product-type-simple"},"_links":{"self":[{"href":"https:\/\/a-pant.ee\/ru\/wp-json\/wp\/v2\/product\/26991","targetHints":{"allow":["GET"]}}],"collection":[{"href":"https:\/\/a-pant.ee\/ru\/wp-json\/wp\/v2\/product"}],"about":[{"href":"https:\/\/a-pant.ee\/ru\/wp-json\/wp\/v2\/types\/product"}],"replies":[{"embeddable":true,"href":"https:\/\/a-pant.ee\/ru\/wp-json\/wp\/v2\/comments?post=26991"}],"wp:featuredmedia":[{"embeddable":true,"href":"https:\/\/a-pant.ee\/ru\/wp-json\/wp\/v2\/media\/26992"}],"wp:attachment":[{"href":"https:\/\/a-pant.ee\/ru\/wp-json\/wp\/v2\/media?parent=26991"}],"wp:term":[{"taxonomy":"product_brand","embeddable":true,"href":"https:\/\/a-pant.ee\/ru\/wp-json\/wp\/v2\/product_brand?post=26991"},{"taxonomy":"product_cat","embeddable":true,"href":"https:\/\/a-pant.ee\/ru\/wp-json\/wp\/v2\/product_cat?post=26991"},{"taxonomy":"product_tag","embeddable":true,"href":"https:\/\/a-pant.ee\/ru\/wp-json\/wp\/v2\/product_tag?post=26991"}],"curies":[{"name":"wp","href":"https:\/\/api.w.org\/{rel}","templated":true}]}}