{"id":26979,"date":"2026-02-04T03:06:43","date_gmt":"2026-02-04T00:06:43","guid":{"rendered":"https:\/\/a-pant.ee\/product\/portativnyy-konditsioner-ecg-mk104\/"},"modified":"2026-02-22T12:33:10","modified_gmt":"2026-02-22T09:33:10","slug":"portativnyj-kondiczioner-ecg-mk104-bez-pulta","status":"publish","type":"product","link":"https:\/\/a-pant.ee\/ru\/product\/portativnyj-kondiczioner-ecg-mk104-bez-pulta\/","title":{"rendered":"\u041f\u043e\u0440\u0442\u0430\u0442\u0438\u0432\u043d\u044b\u0439 \u043a\u043e\u043d\u0434\u0438\u0446\u0438\u043e\u043d\u0435\u0440 ECG MK104 \u0431\u0435\u0437 \u043f\u0443\u043b\u044c\u0442\u0430"},"content":{"rendered":"\n<p> Portatiivne Konditsinoneer ECG MK104 ilma pultita\u00a0, heas seisu- ja t\u00f6\u00f6korras! <\/p><p> KIRJELDUS <\/p><ul><li> Mudel:\u00a0ECG MK104 <\/li><li> Seadme t\u00fc\u00fcp:\u00a0Mobiilne konditsioneer <\/li><li> Jahutusv\u00f5imsus:\u00a010 000 BTU (2,9 kW) <\/li><li> Soovitatav jahutatav pind:\u00a0Kuni 30 m\u00b2 <\/li><li> Funktsioonid: <ul><li> Jahutamine <\/li><li> \u00d5hukuivatus <\/li><li> Ventilatsioon <\/li><\/ul><\/li><li> Maksimaalne \u00f5hukuivatusv\u00f5imsus:\u00a01,2 liitrit\/tund <\/li><li> M\u00fcratase:\u00a0Kuni 65 dB <\/li><li> Energiatarve:\u00a0Klass A <\/li><li> Temperatuuri reguleerimine:\u00a0Jah, digitaalse ekraani abil <\/li><li> Juhtimine: <ul><li> Juhtpaneel seadmel <\/li><li> Kaugjuhtimispult <\/li><\/ul><\/li><li> M\u00f5\u00f5tmed:\u00a070 x 35 x 35 cm (ligikaudu) <\/li><li> Kaal:\u00a0Umbes 24 kg <\/li><li><\/li><\/ul>\n","protected":false},"excerpt":{"rendered":"<p>Portatiivne Konditsinoneer ECG MK104 ilma pultita\u00a0, heas seisu- ja t\u00f6\u00f6korras! KIRJELDUS Mudel:\u00a0ECG MK104 Seadme t\u00fc\u00fcp:\u00a0Mobiilne konditsioneer Jahutusv\u00f5imsus:\u00a010 000 BTU (2,9 kW) Soovitatav jahutatav pind:\u00a0Kuni 30 m\u00b2 Funktsioonid: Jahutamine \u00d5hukuivatus Ventilatsioon Maksimaalne \u00f5hukuivatusv\u00f5imsus:\u00a01,2 liitrit\/tund M\u00fcratase:\u00a0Kuni 65 dB Energiatarve:\u00a0Klass A Temperatuuri reguleerimine:\u00a0Jah, digitaalse ekraani abil Juhtimine: Juhtpaneel seadmel Kaugjuhtimispult M\u00f5\u00f5tmed:\u00a070 x 35 x 35 cm (ligikaudu) Kaal:\u00a0Umbes [&hellip;]<\/p>\n","protected":false},"featured_media":26980,"comment_status":"closed","ping_status":"closed","template":"","meta":{"inline_featured_image":false},"product_brand":[],"product_cat":[166],"product_tag":[],"class_list":{"0":"post-26979","1":"product","2":"type-product","3":"status-publish","4":"has-post-thumbnail","6":"product_cat-bytovaya-tehnika","7":"product_shipping_class-oversize","8":"pa_asukoht-mustamae","9":"pa_seisukord-ispolzovano","11":"first","12":"instock","13":"taxable","14":"shipping-taxable","15":"purchasable","16":"product-type-simple"},"_links":{"self":[{"href":"https:\/\/a-pant.ee\/ru\/wp-json\/wp\/v2\/product\/26979","targetHints":{"allow":["GET"]}}],"collection":[{"href":"https:\/\/a-pant.ee\/ru\/wp-json\/wp\/v2\/product"}],"about":[{"href":"https:\/\/a-pant.ee\/ru\/wp-json\/wp\/v2\/types\/product"}],"replies":[{"embeddable":true,"href":"https:\/\/a-pant.ee\/ru\/wp-json\/wp\/v2\/comments?post=26979"}],"wp:featuredmedia":[{"embeddable":true,"href":"https:\/\/a-pant.ee\/ru\/wp-json\/wp\/v2\/media\/26980"}],"wp:attachment":[{"href":"https:\/\/a-pant.ee\/ru\/wp-json\/wp\/v2\/media?parent=26979"}],"wp:term":[{"taxonomy":"product_brand","embeddable":true,"href":"https:\/\/a-pant.ee\/ru\/wp-json\/wp\/v2\/product_brand?post=26979"},{"taxonomy":"product_cat","embeddable":true,"href":"https:\/\/a-pant.ee\/ru\/wp-json\/wp\/v2\/product_cat?post=26979"},{"taxonomy":"product_tag","embeddable":true,"href":"https:\/\/a-pant.ee\/ru\/wp-json\/wp\/v2\/product_tag?post=26979"}],"curies":[{"name":"wp","href":"https:\/\/api.w.org\/{rel}","templated":true}]}}