{"id":26972,"date":"2026-02-04T03:06:43","date_gmt":"2026-02-04T00:06:43","guid":{"rendered":"https:\/\/a-pant.ee\/product\/smart-chasy-huawei-gt-active-46mm\/"},"modified":"2026-02-22T12:33:10","modified_gmt":"2026-02-22T09:33:10","slug":"smart-chasy-huawei-gt-active-46mm-zaryadka","status":"publish","type":"product","link":"https:\/\/a-pant.ee\/ru\/product\/smart-chasy-huawei-gt-active-46mm-zaryadka\/","title":{"rendered":"\u0421\u043c\u0430\u0440\u0442 \u0447\u0430\u0441\u044b Huawei GT Active 46mm + \u0437\u0430\u0440\u044f\u0434\u043a\u0430"},"content":{"rendered":"\n<p> Nutikellad Huawei GT Active 46mm + laadija\u00a0, heas seisu- ja t\u00f6\u00f6korras! <\/p><p> KIRJELDUS <\/p><p> Kategooria:\u00a0Nutikellad (smartwatch) <\/p><p> T\u00fc\u00fcp:\u00a0Nutikellad meestele <\/p><p> Vaade:\u00a0Huawei, nutikellad meestele <\/p><p> Kaubam\u00e4rk:\u00a0Huawei <\/p><p> Ekraani suurus (tollid): 1.39 <\/p><p> V\u00e4rv:\u00a0Must <\/p><p> Ekraani t\u00fc\u00fcp:\u00a0AMOLED <\/p><p> Ekraani resolutsioon: 454 x 454 <\/p><p> Puutetundlik ekraan: Jah <\/p><p> Rihma materjal:\u00a0Silikoon <\/p><p> Veekindluse tase: 5 ATM <\/p><p> Bluetooth:\u00a0Jah <\/p><p> NFC:\u00a0Ei <\/p><p> Wi-Fi:\u00a0Ei <\/p><p> \u00dchilduvus:\u00a0Android,\u00a0iOS <\/p><p> Aku maht: 455 mAh <\/p><p> M\u00e4lu: 16 MB RAM, 4 GB ROM MB <\/p><p> Lisafunktsioonid: &#171;Find my phone&#187; funktsioon, \u00c4ratus, Baromeeter, E-kirjad, F\u00fc\u00fcsiline aktiivsus ja une r\u00fctmi seire, G\u00fcroskoopia sensor, Hapnikutase veres, Ilm, Kalender, Kiirendusm\u00f5\u00f5tur, Muusikam\u00e4ngija, Pedomeeter, P\u00f5letatud kalorite arvutamine, SMS-i ja k\u00f5ne m\u00e4rguanded, Sotsiaalse v\u00f5rgustiku m\u00e4rguanded, Taimer, Ujumise j\u00e4lgimine <\/p><p> Pulsomeeter(HR):\u00a0Jah <\/p><p> Kaal: 44 g <\/p><p> Aku eluiga: 336 h <\/p><p> Veekindlus:\u00a0Jah <\/p><p> GPS:\u00a0Jah <\/p>\n","protected":false},"excerpt":{"rendered":"<p>Nutikellad Huawei GT Active 46mm + laadija\u00a0, heas seisu- ja t\u00f6\u00f6korras! KIRJELDUS Kategooria:\u00a0Nutikellad (smartwatch) T\u00fc\u00fcp:\u00a0Nutikellad meestele Vaade:\u00a0Huawei, nutikellad meestele Kaubam\u00e4rk:\u00a0Huawei Ekraani suurus (tollid): 1.39 V\u00e4rv:\u00a0Must Ekraani t\u00fc\u00fcp:\u00a0AMOLED Ekraani resolutsioon: 454 x 454 Puutetundlik ekraan: Jah Rihma materjal:\u00a0Silikoon Veekindluse tase: 5 ATM Bluetooth:\u00a0Jah NFC:\u00a0Ei Wi-Fi:\u00a0Ei \u00dchilduvus:\u00a0Android,\u00a0iOS Aku maht: 455 mAh M\u00e4lu: 16 MB RAM, 4 GB [&hellip;]<\/p>\n","protected":false},"featured_media":26973,"comment_status":"closed","ping_status":"open","template":"","meta":{"inline_featured_image":false},"product_brand":[],"product_cat":[176],"product_tag":[],"class_list":{"0":"post-26972","1":"product","2":"type-product","3":"status-publish","4":"has-post-thumbnail","6":"product_cat-smart-chasy","7":"pa_asukoht-lasnamae","8":"pa_seisukord-ispolzovano","10":"first","11":"instock","12":"taxable","13":"shipping-taxable","14":"purchasable","15":"product-type-simple"},"_links":{"self":[{"href":"https:\/\/a-pant.ee\/ru\/wp-json\/wp\/v2\/product\/26972","targetHints":{"allow":["GET"]}}],"collection":[{"href":"https:\/\/a-pant.ee\/ru\/wp-json\/wp\/v2\/product"}],"about":[{"href":"https:\/\/a-pant.ee\/ru\/wp-json\/wp\/v2\/types\/product"}],"replies":[{"embeddable":true,"href":"https:\/\/a-pant.ee\/ru\/wp-json\/wp\/v2\/comments?post=26972"}],"wp:featuredmedia":[{"embeddable":true,"href":"https:\/\/a-pant.ee\/ru\/wp-json\/wp\/v2\/media\/26973"}],"wp:attachment":[{"href":"https:\/\/a-pant.ee\/ru\/wp-json\/wp\/v2\/media?parent=26972"}],"wp:term":[{"taxonomy":"product_brand","embeddable":true,"href":"https:\/\/a-pant.ee\/ru\/wp-json\/wp\/v2\/product_brand?post=26972"},{"taxonomy":"product_cat","embeddable":true,"href":"https:\/\/a-pant.ee\/ru\/wp-json\/wp\/v2\/product_cat?post=26972"},{"taxonomy":"product_tag","embeddable":true,"href":"https:\/\/a-pant.ee\/ru\/wp-json\/wp\/v2\/product_tag?post=26972"}],"curies":[{"name":"wp","href":"https:\/\/api.w.org\/{rel}","templated":true}]}}