{"id":26965,"date":"2026-02-04T03:06:43","date_gmt":"2026-02-04T00:06:43","guid":{"rendered":"https:\/\/a-pant.ee\/product\/naushniki-redmi-airdots-gen-1\/"},"modified":"2026-02-22T12:33:10","modified_gmt":"2026-02-22T09:33:10","slug":"naushniki-redmi-airdots-gen-1","status":"publish","type":"product","link":"https:\/\/a-pant.ee\/ru\/product\/naushniki-redmi-airdots-gen-1\/","title":{"rendered":"\u041d\u0430\u0443\u0448\u043d\u0438\u043a\u0438 Redmi Airdots gen 1"},"content":{"rendered":"\n<p> K\u00f5rvaklappid Redmi Airdots gen 1\u00a0, heas seisu- ja t\u00f6\u00f6korras! <\/p><p> KIRJELDUS <\/p><ul><li> Mudel:\u00a0Redmi AirDots Gen 1 <\/li><li> T\u00fc\u00fcp:\u00a0T\u00e4ielikult juhtmevabad k\u00f5rvaklapid (True Wireless) <\/li><li> K\u00f5larid:\u00a07,2 mm, tagavad kvaliteetse heli madala sageduse r\u00f5huga <\/li><li> Aku kestvus:\u00a0Kuni 4 tundi \u00fche laadimisega, kuni 12 tundi laadimiskarbiga <\/li><li> Laadimisaeg:\u00a0K\u00f5rvaklapid \u2014 1,5 tundi, karp \u2014 2 tundi <\/li><li> \u00dchenduvus:\u00a0Bluetooth 5.0, stabiilne \u00fchendus kuni 10 meetrit <\/li><li> Funktsioonid:\u00a0Mono\/stereo re\u017eiimid, h\u00e4\u00e4lassistent, puutetundlik juhtimine <\/li><li> Kaal:\u00a04,1 g iga k\u00f5rvaklapp, karp \u2014 35,4 g <\/li><li> Lisaks:\u00a0K\u00f5nede tugi, m\u00fcrasummutus k\u00f5nede ajal <\/li><\/ul>\n","protected":false},"excerpt":{"rendered":"<p>K\u00f5rvaklappid Redmi Airdots gen 1\u00a0, heas seisu- ja t\u00f6\u00f6korras! KIRJELDUS Mudel:\u00a0Redmi AirDots Gen 1 T\u00fc\u00fcp:\u00a0T\u00e4ielikult juhtmevabad k\u00f5rvaklapid (True Wireless) K\u00f5larid:\u00a07,2 mm, tagavad kvaliteetse heli madala sageduse r\u00f5huga Aku kestvus:\u00a0Kuni 4 tundi \u00fche laadimisega, kuni 12 tundi laadimiskarbiga Laadimisaeg:\u00a0K\u00f5rvaklapid \u2014 1,5 tundi, karp \u2014 2 tundi \u00dchenduvus:\u00a0Bluetooth 5.0, stabiilne \u00fchendus kuni 10 meetrit Funktsioonid:\u00a0Mono\/stereo re\u017eiimid, h\u00e4\u00e4lassistent, [&hellip;]<\/p>\n","protected":false},"featured_media":26966,"comment_status":"closed","ping_status":"open","template":"","meta":{"inline_featured_image":false},"product_brand":[],"product_cat":[168],"product_tag":[],"class_list":{"0":"post-26965","1":"product","2":"type-product","3":"status-publish","4":"has-post-thumbnail","6":"product_cat-naushniki","7":"pa_asukoht-mustamae","8":"pa_seisukord-ispolzovano","10":"first","11":"instock","12":"taxable","13":"shipping-taxable","14":"purchasable","15":"product-type-simple"},"_links":{"self":[{"href":"https:\/\/a-pant.ee\/ru\/wp-json\/wp\/v2\/product\/26965","targetHints":{"allow":["GET"]}}],"collection":[{"href":"https:\/\/a-pant.ee\/ru\/wp-json\/wp\/v2\/product"}],"about":[{"href":"https:\/\/a-pant.ee\/ru\/wp-json\/wp\/v2\/types\/product"}],"replies":[{"embeddable":true,"href":"https:\/\/a-pant.ee\/ru\/wp-json\/wp\/v2\/comments?post=26965"}],"wp:featuredmedia":[{"embeddable":true,"href":"https:\/\/a-pant.ee\/ru\/wp-json\/wp\/v2\/media\/26966"}],"wp:attachment":[{"href":"https:\/\/a-pant.ee\/ru\/wp-json\/wp\/v2\/media?parent=26965"}],"wp:term":[{"taxonomy":"product_brand","embeddable":true,"href":"https:\/\/a-pant.ee\/ru\/wp-json\/wp\/v2\/product_brand?post=26965"},{"taxonomy":"product_cat","embeddable":true,"href":"https:\/\/a-pant.ee\/ru\/wp-json\/wp\/v2\/product_cat?post=26965"},{"taxonomy":"product_tag","embeddable":true,"href":"https:\/\/a-pant.ee\/ru\/wp-json\/wp\/v2\/product_tag?post=26965"}],"curies":[{"name":"wp","href":"https:\/\/api.w.org\/{rel}","templated":true}]}}