{"id":26958,"date":"2026-02-04T03:06:43","date_gmt":"2026-02-04T00:06:43","guid":{"rendered":"https:\/\/a-pant.ee\/product\/smart-chasy-amazfit-gts-4-mini\/"},"modified":"2026-02-22T12:33:09","modified_gmt":"2026-02-22T09:33:09","slug":"smart-chasy-amazfit-gts-4-mini-zaryadka-korobka-czarapiny","status":"publish","type":"product","link":"https:\/\/a-pant.ee\/ru\/product\/smart-chasy-amazfit-gts-4-mini-zaryadka-korobka-czarapiny\/","title":{"rendered":"\u0421\u043c\u0430\u0440\u0442-\u0447\u0430\u0441\u044b Amazfit GTS 4 mini + \u0437\u0430\u0440\u044f\u0434\u043a\u0430 + \u043a\u043e\u0440\u043e\u0431\u043a\u0430, \u0446\u0430\u0440\u0430\u043f\u0438\u043d\u044b"},"content":{"rendered":"\n<p> Nutikellad Amazfit GTS 4 mini + Laadija + Karp, kriimustused\u00a0, heas seisu- ja t\u00f6\u00f6korras! <\/p><p> KIRJELDUS <\/p><ul><li> Mudel:\u00a0Amazfit GTS 4 Mini (v\u00e4rv Rose) <\/li><li> Ekraan:\u00a0AMOLED, 1,65 tolli, eraldusv\u00f5ime 336&#215;384 pikslit <\/li><li> Korpuse materjal:\u00a0Alumiiniumisulamist <\/li><li> Rihm:\u00a0Silikoonist, reguleeritav <\/li><li> Veekindlus:\u00a05 ATM (sobib ujumiseks) <\/li><li> Andurid:\u00a0Optiline pulsiandur, kiirendusm\u00f5\u00f5tur, g\u00fcroskoop, baromeeter, valgusandur <\/li><li> Funktsioonid:\u00a0S\u00fcdame l\u00f6\u00f6gisageduse j\u00e4lgimine, vere hapnikutaseme m\u00f5\u00f5tmine (SpO2), stressitaseme j\u00e4lgimine, unemonitooring, 120 spordire\u017eiimi <\/li><li> Aku:\u00a0270 mAh, kuni 15 p\u00e4eva kasutusaega standardre\u017eiimis <\/li><li> \u00dchenduvus:\u00a0Bluetooth 5.2, \u00fchilduvus Androidi ja iOS-iga <\/li><li> M\u00f5\u00f5tmed:\u00a041,8 x 36,66 x 9,1 mm <\/li><li> Kaal:\u00a019 g (ilma rihmata) <\/li><\/ul>\n","protected":false},"excerpt":{"rendered":"<p>Nutikellad Amazfit GTS 4 mini + Laadija + Karp, kriimustused\u00a0, heas seisu- ja t\u00f6\u00f6korras! KIRJELDUS Mudel:\u00a0Amazfit GTS 4 Mini (v\u00e4rv Rose) Ekraan:\u00a0AMOLED, 1,65 tolli, eraldusv\u00f5ime 336&#215;384 pikslit Korpuse materjal:\u00a0Alumiiniumisulamist Rihm:\u00a0Silikoonist, reguleeritav Veekindlus:\u00a05 ATM (sobib ujumiseks) Andurid:\u00a0Optiline pulsiandur, kiirendusm\u00f5\u00f5tur, g\u00fcroskoop, baromeeter, valgusandur Funktsioonid:\u00a0S\u00fcdame l\u00f6\u00f6gisageduse j\u00e4lgimine, vere hapnikutaseme m\u00f5\u00f5tmine (SpO2), stressitaseme j\u00e4lgimine, unemonitooring, 120 spordire\u017eiimi Aku:\u00a0270 mAh, [&hellip;]<\/p>\n","protected":false},"featured_media":26959,"comment_status":"closed","ping_status":"open","template":"","meta":{"inline_featured_image":false},"product_brand":[],"product_cat":[176],"product_tag":[],"class_list":{"0":"post-26958","1":"product","2":"type-product","3":"status-publish","4":"has-post-thumbnail","6":"product_cat-smart-chasy","7":"pa_asukoht-mustamae","8":"pa_seisukord-ispolzovano","10":"first","11":"instock","12":"taxable","13":"shipping-taxable","14":"purchasable","15":"product-type-simple"},"_links":{"self":[{"href":"https:\/\/a-pant.ee\/ru\/wp-json\/wp\/v2\/product\/26958","targetHints":{"allow":["GET"]}}],"collection":[{"href":"https:\/\/a-pant.ee\/ru\/wp-json\/wp\/v2\/product"}],"about":[{"href":"https:\/\/a-pant.ee\/ru\/wp-json\/wp\/v2\/types\/product"}],"replies":[{"embeddable":true,"href":"https:\/\/a-pant.ee\/ru\/wp-json\/wp\/v2\/comments?post=26958"}],"wp:featuredmedia":[{"embeddable":true,"href":"https:\/\/a-pant.ee\/ru\/wp-json\/wp\/v2\/media\/26959"}],"wp:attachment":[{"href":"https:\/\/a-pant.ee\/ru\/wp-json\/wp\/v2\/media?parent=26958"}],"wp:term":[{"taxonomy":"product_brand","embeddable":true,"href":"https:\/\/a-pant.ee\/ru\/wp-json\/wp\/v2\/product_brand?post=26958"},{"taxonomy":"product_cat","embeddable":true,"href":"https:\/\/a-pant.ee\/ru\/wp-json\/wp\/v2\/product_cat?post=26958"},{"taxonomy":"product_tag","embeddable":true,"href":"https:\/\/a-pant.ee\/ru\/wp-json\/wp\/v2\/product_tag?post=26958"}],"curies":[{"name":"wp","href":"https:\/\/api.w.org\/{rel}","templated":true}]}}