{"id":26953,"date":"2026-02-04T03:06:43","date_gmt":"2026-02-04T00:06:43","guid":{"rendered":"https:\/\/a-pant.ee\/product\/velosiped-clasic-monza-chyornyy\/"},"modified":"2026-02-22T12:33:09","modified_gmt":"2026-02-22T09:33:09","slug":"velosiped-clasic-monza-czvet-chyornyj","status":"publish","type":"product","link":"https:\/\/a-pant.ee\/ru\/product\/velosiped-clasic-monza-czvet-chyornyj\/","title":{"rendered":"\u0412\u0435\u043b\u043e\u0441\u0438\u043f\u0435\u0434 Clasic Monza \u0426\u0432\u0435\u0442 \u0427\u0451\u0440\u043d\u044b\u0439"},"content":{"rendered":"\n<p> Jalgratas Clasic Monza V\u00e4rv Must, heas seisu- ja t\u00f6\u00f6korras! <\/p><p> KIRJELDUS <\/p><p> Raam 30 (S) <\/p><p> 21 kiirust <\/p><p> Rattad 26 x 1,95 <\/p><p> Eesmised amortisaatorid <\/p><p> Ketaspidurid <\/p>\n","protected":false},"excerpt":{"rendered":"<p>Jalgratas Clasic Monza V\u00e4rv Must, heas seisu- ja t\u00f6\u00f6korras! KIRJELDUS Raam 30 (S) 21 kiirust Rattad 26 x 1,95 Eesmised amortisaatorid Ketaspidurid<\/p>\n","protected":false},"featured_media":26954,"comment_status":"closed","ping_status":"open","template":"","meta":{"inline_featured_image":false},"product_brand":[],"product_cat":[216],"product_tag":[],"class_list":{"0":"post-26953","1":"product","2":"type-product","3":"status-publish","4":"has-post-thumbnail","6":"product_cat-velosipedy","7":"product_shipping_class-oversize","8":"pa_asukoht-mustamae","9":"pa_seisukord-ispolzovano","11":"first","12":"instock","13":"taxable","14":"shipping-taxable","15":"purchasable","16":"product-type-simple"},"_links":{"self":[{"href":"https:\/\/a-pant.ee\/ru\/wp-json\/wp\/v2\/product\/26953","targetHints":{"allow":["GET"]}}],"collection":[{"href":"https:\/\/a-pant.ee\/ru\/wp-json\/wp\/v2\/product"}],"about":[{"href":"https:\/\/a-pant.ee\/ru\/wp-json\/wp\/v2\/types\/product"}],"replies":[{"embeddable":true,"href":"https:\/\/a-pant.ee\/ru\/wp-json\/wp\/v2\/comments?post=26953"}],"wp:featuredmedia":[{"embeddable":true,"href":"https:\/\/a-pant.ee\/ru\/wp-json\/wp\/v2\/media\/26954"}],"wp:attachment":[{"href":"https:\/\/a-pant.ee\/ru\/wp-json\/wp\/v2\/media?parent=26953"}],"wp:term":[{"taxonomy":"product_brand","embeddable":true,"href":"https:\/\/a-pant.ee\/ru\/wp-json\/wp\/v2\/product_brand?post=26953"},{"taxonomy":"product_cat","embeddable":true,"href":"https:\/\/a-pant.ee\/ru\/wp-json\/wp\/v2\/product_cat?post=26953"},{"taxonomy":"product_tag","embeddable":true,"href":"https:\/\/a-pant.ee\/ru\/wp-json\/wp\/v2\/product_tag?post=26953"}],"curies":[{"name":"wp","href":"https:\/\/api.w.org\/{rel}","templated":true}]}}