{"id":26947,"date":"2026-02-04T03:06:43","date_gmt":"2026-02-04T00:06:43","guid":{"rendered":"https:\/\/a-pant.ee\/product\/velosiped-mtb-oupao-750-belyj\/"},"modified":"2026-02-22T12:33:09","modified_gmt":"2026-02-22T09:33:09","slug":"velosiped-mtb-oupao-750-czvet-belyj","status":"publish","type":"product","link":"https:\/\/a-pant.ee\/ru\/product\/velosiped-mtb-oupao-750-czvet-belyj\/","title":{"rendered":"\u0412\u0435\u043b\u043e\u0441\u0438\u043f\u0435\u0434 MTB OUPAO 750 \u0426\u0432\u0435\u0442 \u0431\u0435\u043b\u044b\u0439"},"content":{"rendered":"\n<p> Jalgrattas MTB OUPAO 750 V\u00e4rv Valge, heas seisu- ja t\u00f6\u00f6korras! <\/p><p> KIRJELDUS <\/p><p> raam 18&#8243; M <\/p><p> 21 kiirust <\/p><p> Rattad 26&#8243; <\/p><p> Eesmised amortisaatorid <\/p><p> Ketaspidurid <\/p>\n","protected":false},"excerpt":{"rendered":"<p>Jalgrattas MTB OUPAO 750 V\u00e4rv Valge, heas seisu- ja t\u00f6\u00f6korras! KIRJELDUS raam 18&#8243; M 21 kiirust Rattad 26&#8243; Eesmised amortisaatorid Ketaspidurid<\/p>\n","protected":false},"featured_media":26948,"comment_status":"closed","ping_status":"open","template":"","meta":{"inline_featured_image":false},"product_brand":[],"product_cat":[216],"product_tag":[],"class_list":{"0":"post-26947","1":"product","2":"type-product","3":"status-publish","4":"has-post-thumbnail","6":"product_cat-velosipedy","7":"product_shipping_class-oversize","8":"pa_asukoht-mustamae","9":"pa_seisukord-ispolzovano","11":"first","12":"instock","13":"taxable","14":"shipping-taxable","15":"purchasable","16":"product-type-simple"},"_links":{"self":[{"href":"https:\/\/a-pant.ee\/ru\/wp-json\/wp\/v2\/product\/26947","targetHints":{"allow":["GET"]}}],"collection":[{"href":"https:\/\/a-pant.ee\/ru\/wp-json\/wp\/v2\/product"}],"about":[{"href":"https:\/\/a-pant.ee\/ru\/wp-json\/wp\/v2\/types\/product"}],"replies":[{"embeddable":true,"href":"https:\/\/a-pant.ee\/ru\/wp-json\/wp\/v2\/comments?post=26947"}],"wp:featuredmedia":[{"embeddable":true,"href":"https:\/\/a-pant.ee\/ru\/wp-json\/wp\/v2\/media\/26948"}],"wp:attachment":[{"href":"https:\/\/a-pant.ee\/ru\/wp-json\/wp\/v2\/media?parent=26947"}],"wp:term":[{"taxonomy":"product_brand","embeddable":true,"href":"https:\/\/a-pant.ee\/ru\/wp-json\/wp\/v2\/product_brand?post=26947"},{"taxonomy":"product_cat","embeddable":true,"href":"https:\/\/a-pant.ee\/ru\/wp-json\/wp\/v2\/product_cat?post=26947"},{"taxonomy":"product_tag","embeddable":true,"href":"https:\/\/a-pant.ee\/ru\/wp-json\/wp\/v2\/product_tag?post=26947"}],"curies":[{"name":"wp","href":"https:\/\/api.w.org\/{rel}","templated":true}]}}