{"id":26940,"date":"2026-02-04T03:06:43","date_gmt":"2026-02-04T00:06:43","guid":{"rendered":"https:\/\/a-pant.ee\/product\/planshet-huawei-mediapad-t3-10-chehol-karandash\/"},"modified":"2026-02-22T12:33:09","modified_gmt":"2026-02-22T09:33:09","slug":"planshet-huawei-mediapad-t3-10-chehol","status":"publish","type":"product","link":"https:\/\/a-pant.ee\/ru\/product\/planshet-huawei-mediapad-t3-10-chehol\/","title":{"rendered":"\u041f\u043b\u0430\u043d\u0448\u0435\u0442 Huawei MediaPad T3 10&#8243; + \u0447\u0435\u0445\u043e\u043b"},"content":{"rendered":"\n<p> Tahvelarvuti Huawei MediaPad T3 10 + \u00fcmbrik + pliats, heas seisu- ja t\u00f6\u00f6korras! <\/p><p> KIRJELDUS <\/p><p> Ekraan: 9,6 (toll), <\/p><p> eraldusv\u00f5ime 720 x 1520 (pixel) <br \/> Tahvelarvuti Huawei Mediapad T3 10, space gray <br \/> Side: 3G, 4G (LTE), <\/p><p> Bluetooth v4.0 , Wi-Fi, GPS <br \/> Kaal: 460g <br \/> Tagakaamera: 5MP <br \/> Video eraldusv\u00f5ime: 1080p@30fps <br \/> Esikaamera (selfie): 2MP <br \/> Protsessor: Snapdragon 425 (28 nm), Quad-core 1.4 GHz Cortex-A53 <br \/> Tarkvara: Android 7.0 (Nougat); EMUI 5.1 <br \/> Sim kaarti t\u00fc\u00fcp: micro <br \/> RAM: 2GB <br \/> M\u00e4lu: 16GB <br \/> MicroSD: jah, kuni 128gb <\/p>\n","protected":false},"excerpt":{"rendered":"<p>Tahvelarvuti Huawei MediaPad T3 10 + \u00fcmbrik + pliats, heas seisu- ja t\u00f6\u00f6korras! KIRJELDUS Ekraan: 9,6 (toll), eraldusv\u00f5ime 720 x 1520 (pixel) Tahvelarvuti Huawei Mediapad T3 10, space gray Side: 3G, 4G (LTE), Bluetooth v4.0 , Wi-Fi, GPS Kaal: 460g Tagakaamera: 5MP Video eraldusv\u00f5ime: 1080p@30fps Esikaamera (selfie): 2MP Protsessor: Snapdragon 425 (28 nm), Quad-core 1.4 [&hellip;]<\/p>\n","protected":false},"featured_media":26941,"comment_status":"closed","ping_status":"open","template":"","meta":{"inline_featured_image":false},"product_brand":[],"product_cat":[180],"product_tag":[],"class_list":{"0":"post-26940","1":"product","2":"type-product","3":"status-publish","4":"has-post-thumbnail","6":"product_cat-planshety","7":"pa_asukoht-mustamae","8":"pa_seisukord-ispolzovano","10":"first","11":"instock","12":"taxable","13":"shipping-taxable","14":"purchasable","15":"product-type-simple"},"_links":{"self":[{"href":"https:\/\/a-pant.ee\/ru\/wp-json\/wp\/v2\/product\/26940","targetHints":{"allow":["GET"]}}],"collection":[{"href":"https:\/\/a-pant.ee\/ru\/wp-json\/wp\/v2\/product"}],"about":[{"href":"https:\/\/a-pant.ee\/ru\/wp-json\/wp\/v2\/types\/product"}],"replies":[{"embeddable":true,"href":"https:\/\/a-pant.ee\/ru\/wp-json\/wp\/v2\/comments?post=26940"}],"wp:featuredmedia":[{"embeddable":true,"href":"https:\/\/a-pant.ee\/ru\/wp-json\/wp\/v2\/media\/26941"}],"wp:attachment":[{"href":"https:\/\/a-pant.ee\/ru\/wp-json\/wp\/v2\/media?parent=26940"}],"wp:term":[{"taxonomy":"product_brand","embeddable":true,"href":"https:\/\/a-pant.ee\/ru\/wp-json\/wp\/v2\/product_brand?post=26940"},{"taxonomy":"product_cat","embeddable":true,"href":"https:\/\/a-pant.ee\/ru\/wp-json\/wp\/v2\/product_cat?post=26940"},{"taxonomy":"product_tag","embeddable":true,"href":"https:\/\/a-pant.ee\/ru\/wp-json\/wp\/v2\/product_tag?post=26940"}],"curies":[{"name":"wp","href":"https:\/\/api.w.org\/{rel}","templated":true}]}}