{"id":26933,"date":"2026-02-04T03:06:43","date_gmt":"2026-02-04T00:06:43","guid":{"rendered":"https:\/\/a-pant.ee\/product\/benzinovyy-trimmer-husqvarna-135r\/"},"modified":"2026-02-22T12:33:09","modified_gmt":"2026-02-22T09:33:09","slug":"benzinovyj-trimmer-husqvarna-135r","status":"publish","type":"product","link":"https:\/\/a-pant.ee\/ru\/product\/benzinovyj-trimmer-husqvarna-135r\/","title":{"rendered":"\u0411\u0435\u043d\u0437\u0438\u043d\u043e\u0432\u044b\u0439 \u0442\u0440\u0438\u043c\u043c\u0435\u0440 Husqvarna 135R"},"content":{"rendered":"\n<p> Bensiini trimmer Husqvarna 135R\u00a0, heas seisu- ja t\u00f6\u00f6korras! <\/p><p> KIRJELDUS <\/p><p> Mootori t\u00f6\u00f6maht: 34.6 cm\u00b3 <\/p><p> Kaal: 6.8 kg <\/p><p> V\u00f5imsus:\u00a01.4 kW <\/p>\n","protected":false},"excerpt":{"rendered":"<p>Bensiini trimmer Husqvarna 135R\u00a0, heas seisu- ja t\u00f6\u00f6korras! KIRJELDUS Mootori t\u00f6\u00f6maht: 34.6 cm\u00b3 Kaal: 6.8 kg V\u00f5imsus:\u00a01.4 kW<\/p>\n","protected":false},"featured_media":26934,"comment_status":"closed","ping_status":"closed","template":"","meta":{"inline_featured_image":false},"product_brand":[],"product_cat":[220],"product_tag":[],"class_list":{"0":"post-26933","1":"product","2":"type-product","3":"status-publish","4":"has-post-thumbnail","6":"product_cat-sadovye-instrumenty","7":"product_shipping_class-oversize","8":"pa_asukoht-lasnamae","9":"pa_seisukord-ispolzovano","11":"first","12":"instock","13":"taxable","14":"shipping-taxable","15":"purchasable","16":"product-type-simple"},"_links":{"self":[{"href":"https:\/\/a-pant.ee\/ru\/wp-json\/wp\/v2\/product\/26933","targetHints":{"allow":["GET"]}}],"collection":[{"href":"https:\/\/a-pant.ee\/ru\/wp-json\/wp\/v2\/product"}],"about":[{"href":"https:\/\/a-pant.ee\/ru\/wp-json\/wp\/v2\/types\/product"}],"replies":[{"embeddable":true,"href":"https:\/\/a-pant.ee\/ru\/wp-json\/wp\/v2\/comments?post=26933"}],"wp:featuredmedia":[{"embeddable":true,"href":"https:\/\/a-pant.ee\/ru\/wp-json\/wp\/v2\/media\/26934"}],"wp:attachment":[{"href":"https:\/\/a-pant.ee\/ru\/wp-json\/wp\/v2\/media?parent=26933"}],"wp:term":[{"taxonomy":"product_brand","embeddable":true,"href":"https:\/\/a-pant.ee\/ru\/wp-json\/wp\/v2\/product_brand?post=26933"},{"taxonomy":"product_cat","embeddable":true,"href":"https:\/\/a-pant.ee\/ru\/wp-json\/wp\/v2\/product_cat?post=26933"},{"taxonomy":"product_tag","embeddable":true,"href":"https:\/\/a-pant.ee\/ru\/wp-json\/wp\/v2\/product_tag?post=26933"}],"curies":[{"name":"wp","href":"https:\/\/api.w.org\/{rel}","templated":true}]}}