{"id":26919,"date":"2026-02-04T03:06:43","date_gmt":"2026-02-04T00:06:43","guid":{"rendered":"https:\/\/a-pant.ee\/product\/noutbuk-asus-a705u-zaryadka\/"},"modified":"2026-02-22T12:33:09","modified_gmt":"2026-02-22T09:33:09","slug":"noutbuk-asus-a705u-zaryadka","status":"publish","type":"product","link":"https:\/\/a-pant.ee\/ru\/product\/noutbuk-asus-a705u-zaryadka\/","title":{"rendered":"\u041d\u043e\u0443\u0442\u0431\u0443\u043a Asus A705U + \u0417\u0430\u0440\u044f\u0434\u043a\u0430"},"content":{"rendered":"\n<p> Sulearvuti Asus A705U + Laadija, heas seisu- ja t\u00f6\u00f6korras! <\/p><p> KIRJELDUS <\/p><p> Pentium protsessori liin <\/p><p> Protsessor Intel Pentium 4417U, 2,1 GHz <\/p><p> Protsessori tuumade arv 4 <\/p><p> M\u00e4lu RAM-i maht 4 <\/p><p> Pildiekraani diagonaal 17.3 <\/p><p> Ekraani eraldusv\u00f5ime 1600&#215;900 \/ 1920&#215;1080 <\/p><p> Videokaardi t\u00fc\u00fcp Diskreetne <\/p><p> HD Graphics 510 videokaart <\/p><p> Videom\u00e4lu maht 2 <\/p><p> Salvestusseadmete k\u00f5vaketta konfiguratsioon <\/p>\n","protected":false},"excerpt":{"rendered":"<p>Sulearvuti Asus A705U + Laadija, heas seisu- ja t\u00f6\u00f6korras! KIRJELDUS Pentium protsessori liin Protsessor Intel Pentium 4417U, 2,1 GHz Protsessori tuumade arv 4 M\u00e4lu RAM-i maht 4 Pildiekraani diagonaal 17.3 Ekraani eraldusv\u00f5ime 1600&#215;900 \/ 1920&#215;1080 Videokaardi t\u00fc\u00fcp Diskreetne HD Graphics 510 videokaart Videom\u00e4lu maht 2 Salvestusseadmete k\u00f5vaketta konfiguratsioon<\/p>\n","protected":false},"featured_media":26920,"comment_status":"closed","ping_status":"closed","template":"","meta":{"inline_featured_image":false},"product_brand":[],"product_cat":[179],"product_tag":[],"class_list":{"0":"post-26919","1":"product","2":"type-product","3":"status-publish","4":"has-post-thumbnail","6":"product_cat-noutbuki","7":"pa_asukoht-mustamae","8":"pa_seisukord-ispolzovano","10":"first","11":"instock","12":"sale","13":"taxable","14":"shipping-taxable","15":"purchasable","16":"product-type-simple"},"_links":{"self":[{"href":"https:\/\/a-pant.ee\/ru\/wp-json\/wp\/v2\/product\/26919","targetHints":{"allow":["GET"]}}],"collection":[{"href":"https:\/\/a-pant.ee\/ru\/wp-json\/wp\/v2\/product"}],"about":[{"href":"https:\/\/a-pant.ee\/ru\/wp-json\/wp\/v2\/types\/product"}],"replies":[{"embeddable":true,"href":"https:\/\/a-pant.ee\/ru\/wp-json\/wp\/v2\/comments?post=26919"}],"wp:featuredmedia":[{"embeddable":true,"href":"https:\/\/a-pant.ee\/ru\/wp-json\/wp\/v2\/media\/26920"}],"wp:attachment":[{"href":"https:\/\/a-pant.ee\/ru\/wp-json\/wp\/v2\/media?parent=26919"}],"wp:term":[{"taxonomy":"product_brand","embeddable":true,"href":"https:\/\/a-pant.ee\/ru\/wp-json\/wp\/v2\/product_brand?post=26919"},{"taxonomy":"product_cat","embeddable":true,"href":"https:\/\/a-pant.ee\/ru\/wp-json\/wp\/v2\/product_cat?post=26919"},{"taxonomy":"product_tag","embeddable":true,"href":"https:\/\/a-pant.ee\/ru\/wp-json\/wp\/v2\/product_tag?post=26919"}],"curies":[{"name":"wp","href":"https:\/\/api.w.org\/{rel}","templated":true}]}}