{"id":26912,"date":"2026-02-04T03:06:43","date_gmt":"2026-02-04T00:06:43","guid":{"rendered":"https:\/\/a-pant.ee\/product\/smart-chasy-huawei-watch-gt-2-dok-stantsiya\/"},"modified":"2026-02-22T12:33:09","modified_gmt":"2026-02-22T09:33:09","slug":"smart-chasy-huawei-watch-gt-2-dok-stancziya","status":"publish","type":"product","link":"https:\/\/a-pant.ee\/ru\/product\/smart-chasy-huawei-watch-gt-2-dok-stancziya\/","title":{"rendered":"\u0421\u043c\u0430\u0440\u0442-\u0447\u0430\u0441\u044b Huawei Watch GT 2 + \u0414\u043e\u043a \u0441\u0442\u0430\u043d\u0446\u0438\u044f"},"content":{"rendered":"\n<p><strong> Nutikell Huawei Watch GT 2 + Dok stantsion <\/strong> , t\u00f6\u00f6korras! <\/p><p><strong> Ekranil palju kriimud <\/strong><\/p><p> KIRJELDUS <\/p><table><tbody><tr><td> Kaubam\u00e4rk:\u00a0 <a href=\"https:\/\/kaup24.ee\/et\/seo\/hide\/et\/misc\/modals\/text?t=%3Cp%3ESee%20on%20m%C3%A4rk%20%28s%C3%B5na%2C%20graafiline%20pilt%20v%C3%B5i%20m%C3%B5lema%20kombinatsioon%29%2C%20mille%20peamine%20eesm%C3%A4rk%20on%20eristada%20%C3%BChe%20m%C3%BC%C3%BCja%20kaupa%20teise%20kaubast.%20Samuti%20liigitab%20kaubam%C3%A4rk%20toodet%20erinevaks%2C%20ainulaadseks%20ja%20registreerituks.%3C%2Fp%3E\" id=\"widget-522-8c-ts-20-p-84-i-81d-g-3-u-36-d12\" rel=\"nofollow noopener\" target=\"_blank\"><\/a><\/td><td><a href=\"https:\/\/kaup24.ee\/et\/mobiiltelefonid-foto-videokaamerad\/nutikellad-ja-nutivorud\/nutikellad-smartwatch\/f\/huawei\" rel=\"nofollow noopener\" target=\"_blank\"> Huawei <\/a><\/td><\/tr><tr><td> Ekraani suurus (tollid):\u00a0 <a href=\"https:\/\/kaup24.ee\/et\/seo\/hide\/et\/misc\/modals\/text?t=%3Cp%3EEkraani%20diagonaal%20tollides.%20%C3%9Cks%20toll%20on%202%2C54%20cm.%20Mida%20suurem%20on%20diagonaal%2C%20seda%20suurem%20on%20kuvatava%20pildi%20pindala.%3C%2Fp%3E\" id=\"widget-ff7-c2-ts-1e-p-79-i-f09-g-0-u-a1-3e7\" rel=\"nofollow noopener\" target=\"_blank\"><\/a><\/td><td> 1.39 <\/td><\/tr><tr><td> V\u00e4rv:\u00a0 <a href=\"https:\/\/kaup24.ee\/et\/seo\/hide\/et\/misc\/modals\/text?t=%3Cp%3EToote%20v%C3%A4rv.%3C%2Fp%3E\" id=\"widget-0d7-9f-ts-7a-p-92-i-277-g-0-u-5c-80d\" rel=\"nofollow noopener\" target=\"_blank\"><\/a><\/td><td><a href=\"https:\/\/kaup24.ee\/et\/mobiiltelefonid-foto-videokaamerad\/nutikellad-ja-nutivorud\/nutikellad-smartwatch?f%5B12931%5D%5B20321689%5D=must\" rel=\"nofollow noopener\" target=\"_blank\"> Must <\/a><\/td><\/tr><tr><td> Ekraani t\u00fc\u00fcp:\u00a0 <a href=\"https:\/\/kaup24.ee\/et\/seo\/hide\/et\/misc\/modals\/text?t=%3Cp%3EM%C3%A4%C3%A4rab%20seadme%20%C3%BChe%20p%C3%B5hiomaduse%20-%20ekraani%20t%C3%BC%C3%BCbi.%20Seadmel%20v%C3%B5ib%20olla%20kas%20IPS%20%28paralleelkristallide%20paigutus%20kogu%20monitoriplaadil%29%20v%C3%B5i%20TFT-tehnoloogia%20%28aktiivmaatriks%20vedelkristallekraan%29.%3C%2Fp%3E\" id=\"widget-197-5e-ts-5d-p-27-i-741-g-9-u-0e-796\" rel=\"nofollow noopener\" target=\"_blank\"><\/a><\/td><td><a href=\"https:\/\/kaup24.ee\/et\/mobiiltelefonid-foto-videokaamerad\/nutikellad-ja-nutivorud\/nutikellad-smartwatch?f%5B12937%5D%5B20730658%5D=amoled\" rel=\"nofollow noopener\" target=\"_blank\"> AMOLED <\/a><\/td><\/tr><tr><td> Ekraani resolutsioon:\u00a0 <a href=\"https:\/\/kaup24.ee\/et\/seo\/hide\/et\/misc\/modals\/text?t=%3Cp%3EM%C3%A4%C3%A4rab%20ekraanil%20kuvatava%20pildi%20kvaliteedi.%20Mida%20suurem%20on%20ekraani%20eraldusv%C3%B5ime%2C%20seda%20parem%20on%20pildi%20teravus%20ja%20detailid.%3C%2Fp%3E\" id=\"widget-3d9-cf-ts-3a-p-36-i-26c-g-4-u-3f-822\" rel=\"nofollow noopener\" target=\"_blank\"><\/a><\/td><td> 454 x 454 <\/td><\/tr><tr><td> Puutetundlik ekraan:\u00a0 <a href=\"https:\/\/kaup24.ee\/et\/seo\/hide\/et\/misc\/modals\/text?t=%3Cp%3EN%C3%A4itab%2C%20kas%20ekraan%20on%20puutetundlik%20v%C3%B5i%20mitte.%3C%2Fp%3E\" id=\"widget-96b-bf-ts-cb-p-0a-i-399-g-9-u-ab-13e\" rel=\"nofollow noopener\" target=\"_blank\"><\/a><\/td><td> Jah <\/td><\/tr><tr><td> Rihma materjal: <\/td><td><a href=\"https:\/\/kaup24.ee\/et\/mobiiltelefonid-foto-videokaamerad\/nutikellad-ja-nutivorud\/nutikellad-smartwatch?f%5B12943%5D%5B20322234%5D=silikoon\" rel=\"nofollow noopener\" target=\"_blank\"> Silikoon <\/a><\/td><\/tr><tr><td> Veekindluse tase:\u00a0 <a href=\"https:\/\/kaup24.ee\/et\/seo\/hide\/et\/misc\/modals\/text?t=N%C3%A4itab%20veekindluse%20taset.%20N%C3%A4iteks%201%20ATM%2C%2010%20ATM%2C%2015%20ATM.\" id=\"widget-bda-35-ts-a5-p-63-i-493-g-a-u-ee-2fc\" rel=\"nofollow noopener\" target=\"_blank\"><\/a><\/td><td> 5 ATM <\/td><\/tr><tr><td> Bluetooth:\u00a0 <a href=\"https:\/\/kaup24.ee\/et\/seo\/hide\/et\/misc\/modals\/text?t=%3Cp%3EBluetooth%20on%20traadita%20andmeside%C3%BChendus%20mobiilseadmete%20ja%20muude%20seadmete%20vahel.%3C%2Fp%3E\" id=\"widget-949-06-ts-d1-p-db-i-58e-g-9-u-38-9d6\" rel=\"nofollow noopener\" target=\"_blank\"><\/a><\/td><td><a href=\"https:\/\/kaup24.ee\/et\/mobiiltelefonid-foto-videokaamerad\/nutikellad-ja-nutivorud\/nutikellad-smartwatch?f%5B12949%5D%5B20322289%5D=jah\" rel=\"nofollow noopener\" target=\"_blank\"> Jah <\/a><\/td><\/tr><tr><td> NFC:\u00a0 <a href=\"https:\/\/kaup24.ee\/et\/seo\/hide\/et\/misc\/modals\/text?t=%3Cp%3ENear%20Field%20Communication%20on%20raadiosidel%20p%C3%B5hinev%20andmeedastustehnoloogia.%20Seda%20saab%20kasutada%20v%C3%A4ikese%20andmemahuga%20teabe%20edastamiseks%20l%C3%A4hedal%20asuvatesse%20seadmetesse.%3C%2Fp%3E\" id=\"widget-456-d5-ts-e6-p-94-i-a05-g-c-u-72-264\" rel=\"nofollow noopener\" target=\"_blank\"><\/a><\/td><td><a href=\"https:\/\/kaup24.ee\/et\/mobiiltelefonid-foto-videokaamerad\/nutikellad-ja-nutivorud\/nutikellad-smartwatch?f%5B12952%5D%5B20322314%5D=tapsustamata\" rel=\"nofollow noopener\" target=\"_blank\"> T\u00e4psustamata <\/a><\/td><\/tr><tr><td> Wi-Fi:\u00a0 <a href=\"https:\/\/kaup24.ee\/et\/seo\/hide\/et\/misc\/modals\/text?t=%3Cp%3EWi-Fi%20%28Wireless%20Fidelity%29%20on%20traadita%20tehnoloogia%2C%20mis%20v%C3%B5imaldab%20teil%20andmeid%20edastada%20ja%20internetiga%20%C3%BChendust%20luua.%3C%2Fp%3E\" id=\"widget-ce7-19-ts-8f-p-72-i-8c9-g-1-u-03-d53\" rel=\"nofollow noopener\" target=\"_blank\"><\/a><\/td><td><a href=\"https:\/\/kaup24.ee\/et\/mobiiltelefonid-foto-videokaamerad\/nutikellad-ja-nutivorud\/nutikellad-smartwatch?f%5B12955%5D%5B20322324%5D=ei\" rel=\"nofollow noopener\" target=\"_blank\"> Ei <\/a><\/td><\/tr><tr><td> \u00dchilduvus:\u00a0 <a href=\"https:\/\/kaup24.ee\/et\/seo\/hide\/et\/misc\/modals\/text?t=%3Cp%3EN%C3%A4itab%2C%20milliste%20operatsioonis%C3%BCsteemidega%20see%20%C3%BChildub.%20N%C3%A4iteks%20iOS%2011%2B%2C%20Mac%20OS%20x%2010.9%2B%2C%20Windows%20XP.%3C%2Fp%3E\" id=\"widget-b18-8b-ts-c3-p-bd-i-a1a-g-0-u-2d-321\" rel=\"nofollow noopener\" target=\"_blank\"><\/a><\/td><td><a href=\"https:\/\/kaup24.ee\/et\/mobiiltelefonid-foto-videokaamerad\/nutikellad-ja-nutivorud\/nutikellad-smartwatch?f%5B12961%5D%5B21540428%5D=ios\" rel=\"nofollow noopener\" target=\"_blank\"> iOS <\/a><\/td><\/tr><tr><td> Aku maht:\u00a0 <a href=\"https:\/\/kaup24.ee\/et\/seo\/hide\/et\/misc\/modals\/text?t=%3Cp%3EMida%20suurem%20on%20aku%20maht%2C%20seda%20kauem%20saate%20seadet%20p%C3%A4rast%20aku%20laadimist%20kasutada.%3C%2Fp%3E\" id=\"widget-43f-67-ts-73-p-75-i-2d5-g-b-u-2d-6a2\" rel=\"nofollow noopener\" target=\"_blank\"><\/a><\/td><td> 455 mAh <\/td><\/tr><tr><td> M\u00e4lu:\u00a0 <a href=\"https:\/\/kaup24.ee\/et\/seo\/hide\/et\/misc\/modals\/text?t=M%C3%A4%C3%A4rab%20m%C3%A4lu%20megabaidid.%20N%C3%A4iteks%20125%2C%20512%2C%203000.\" id=\"widget-e8b-c0-ts-e1-p-20-i-62d-g-0-u-a6-262\" rel=\"nofollow noopener\" target=\"_blank\"><\/a><\/td><td> 4 GB (koos OS) MB <\/td><\/tr><tr><td> Pulsomeeter(HR):\u00a0 <a href=\"https:\/\/kaup24.ee\/et\/seo\/hide\/et\/misc\/modals\/text?t=%3Cp%3EN%C3%A4itab%2C%20kas%20pulsikell%20%28HR%29%20on%20olemas%20v%C3%B5i%20mitte.%3C%2Fp%3E\" id=\"widget-c97-71-ts-51-p-ca-i-3b3-g-f-u-24-97d\" rel=\"nofollow noopener\" target=\"_blank\"><\/a><\/td><td><a href=\"https:\/\/kaup24.ee\/et\/mobiiltelefonid-foto-videokaamerad\/nutikellad-ja-nutivorud\/nutikellad-smartwatch?f%5B12964%5D%5B20322429%5D=jah\" rel=\"nofollow noopener\" target=\"_blank\"> Jah <\/a><\/td><\/tr><tr><td> Pikkus:\u00a0 <a href=\"https:\/\/kaup24.ee\/et\/seo\/hide\/et\/misc\/modals\/text?t=%3Cp%3EM%C3%A4%C3%A4ratleb%20toote%20pikkuse%20millimeetrites%20v%C3%B5i%20sentimeetrites.%3C%2Fp%3E\" id=\"widget-7b2-bb-ts-85-p-c0-i-1ca-g-4-u-3a-647\" rel=\"nofollow noopener\" target=\"_blank\"><\/a><\/td><td> 4.59 cm <\/td><\/tr><tr><td> Laius:\u00a0 <a href=\"https:\/\/kaup24.ee\/et\/seo\/hide\/et\/misc\/modals\/text?t=%3Cp%3ESee%20parameeter%20m%C3%A4%C3%A4rab%20seadme%20laiuse.%3C%2Fp%3E\" id=\"widget-df5-66-ts-24-p-0c-i-a3a-g-b-u-a2-584\" rel=\"nofollow noopener\" target=\"_blank\"><\/a><\/td><td> 4.59 cm <\/td><\/tr><tr><td> K\u00f5rgus:\u00a0 <a href=\"https:\/\/kaup24.ee\/et\/seo\/hide\/et\/misc\/modals\/text?t=%3Cp%3ESee%20parameeter%20m%C3%A4%C3%A4rab%20seadme%20k%C3%B5rguse.%3C%2Fp%3E\" id=\"widget-512-83-ts-b1-p-5e-i-4cc-g-e-u-e9-6ef\" rel=\"nofollow noopener\" target=\"_blank\"><\/a><\/td><td> 1.07 cm <\/td><\/tr><tr><td> Lisainfo:\u00a0 <a href=\"https:\/\/kaup24.ee\/et\/seo\/hide\/et\/misc\/modals\/text?t=Lisateave%20spetsifikatsioonide%20v%C3%B5i%20muude%20funktsioonide%20kohta.\" id=\"widget-d88-2e-ts-f5-p-4e-i-8b7-g-d-u-b7-de0\" rel=\"nofollow noopener\" target=\"_blank\"><\/a><\/td><td> Sissetuleva k\u00f5ne ja s\u00f5numi m\u00e4rguanne <\/td><\/tr><tr><td> Kaal:\u00a0 <a href=\"https:\/\/kaup24.ee\/et\/seo\/hide\/et\/misc\/modals\/text?t=%3Cp%3EV%C3%A4%C3%A4rtus%2C%20mis%20n%C3%A4itab%20kauba%20kaalu%3C%2Fp%3E\" id=\"widget-d77-2c-ts-fa-p-01-i-4d7-g-f-u-ab-566\" rel=\"nofollow noopener\" target=\"_blank\"><\/a><\/td><td> 41 g <\/td><\/tr><tr><td> Aku eluiga: <\/td><td> 30 h <\/td><\/tr><tr><td> Veekindlus:\u00a0 <a href=\"https:\/\/kaup24.ee\/et\/seo\/hide\/et\/misc\/modals\/text?t=%3Cp%3EN%C3%A4itab%2C%20kas%20nutikell%20on%20veekindel%20v%C3%B5i%20mitte.%3C%2Fp%3E\" id=\"widget-cc9-b9-ts-10-p-93-i-79d-g-e-u-bb-a52\" rel=\"nofollow noopener\" target=\"_blank\"><\/a><\/td><td><a href=\"https:\/\/kaup24.ee\/et\/mobiiltelefonid-foto-videokaamerad\/nutikellad-ja-nutivorud\/nutikellad-smartwatch?f%5B12946%5D%5B20322274%5D=jah\" rel=\"nofollow noopener\" target=\"_blank\"> Jah <\/a><\/td><\/tr><tr><td> GPS:\u00a0 <a href=\"https:\/\/kaup24.ee\/et\/seo\/hide\/et\/misc\/modals\/text?t=%3Cp%3EN%C3%A4itab%2C%20kas%20GPS%20on%20olemas%20v%C3%B5i%20mitte.%3C%2Fp%3E\" id=\"widget-5fe-1f-ts-1f-p-1f-i-284-g-0-u-65-0ce\" rel=\"nofollow noopener\" target=\"_blank\"><\/a><\/td><td><a href=\"https:\/\/kaup24.ee\/et\/mobiiltelefonid-foto-videokaamerad\/nutikellad-ja-nutivorud\/nutikellad-smartwatch?f%5B12958%5D%5B20322344%5D=jah\" rel=\"nofollow noopener\" target=\"_blank\"> Jah <\/a><\/td><\/tr><\/tbody><\/table>\n","protected":false},"excerpt":{"rendered":"<p>Nutikell Huawei Watch GT 2 + Dok stantsion , t\u00f6\u00f6korras! Ekranil palju kriimud KIRJELDUS Kaubam\u00e4rk:\u00a0 Huawei Ekraani suurus (tollid):\u00a0 1.39 V\u00e4rv:\u00a0 Must Ekraani t\u00fc\u00fcp:\u00a0 AMOLED Ekraani resolutsioon:\u00a0 454 x 454 Puutetundlik ekraan:\u00a0 Jah Rihma materjal: Silikoon Veekindluse tase:\u00a0 5 ATM Bluetooth:\u00a0 Jah NFC:\u00a0 T\u00e4psustamata Wi-Fi:\u00a0 Ei \u00dchilduvus:\u00a0 iOS Aku maht:\u00a0 455 mAh M\u00e4lu:\u00a0 4 GB [&hellip;]<\/p>\n","protected":false},"featured_media":26913,"comment_status":"closed","ping_status":"open","template":"","meta":{"inline_featured_image":false},"product_brand":[],"product_cat":[176],"product_tag":[],"class_list":{"0":"post-26912","1":"product","2":"type-product","3":"status-publish","4":"has-post-thumbnail","6":"product_cat-smart-chasy","7":"pa_asukoht-mustamae","8":"pa_seisukord-ispolzovano","10":"first","11":"instock","12":"taxable","13":"shipping-taxable","14":"purchasable","15":"product-type-simple"},"_links":{"self":[{"href":"https:\/\/a-pant.ee\/ru\/wp-json\/wp\/v2\/product\/26912","targetHints":{"allow":["GET"]}}],"collection":[{"href":"https:\/\/a-pant.ee\/ru\/wp-json\/wp\/v2\/product"}],"about":[{"href":"https:\/\/a-pant.ee\/ru\/wp-json\/wp\/v2\/types\/product"}],"replies":[{"embeddable":true,"href":"https:\/\/a-pant.ee\/ru\/wp-json\/wp\/v2\/comments?post=26912"}],"wp:featuredmedia":[{"embeddable":true,"href":"https:\/\/a-pant.ee\/ru\/wp-json\/wp\/v2\/media\/26913"}],"wp:attachment":[{"href":"https:\/\/a-pant.ee\/ru\/wp-json\/wp\/v2\/media?parent=26912"}],"wp:term":[{"taxonomy":"product_brand","embeddable":true,"href":"https:\/\/a-pant.ee\/ru\/wp-json\/wp\/v2\/product_brand?post=26912"},{"taxonomy":"product_cat","embeddable":true,"href":"https:\/\/a-pant.ee\/ru\/wp-json\/wp\/v2\/product_cat?post=26912"},{"taxonomy":"product_tag","embeddable":true,"href":"https:\/\/a-pant.ee\/ru\/wp-json\/wp\/v2\/product_tag?post=26912"}],"curies":[{"name":"wp","href":"https:\/\/api.w.org\/{rel}","templated":true}]}}