{"id":26904,"date":"2026-02-04T03:06:43","date_gmt":"2026-02-04T00:06:43","guid":{"rendered":"https:\/\/a-pant.ee\/product\/planshet-microsoft-surface-3-zaryadka\/"},"modified":"2026-02-22T12:33:08","modified_gmt":"2026-02-22T09:33:08","slug":"planshet-microsoft-surface-3-zaryadka","status":"publish","type":"product","link":"https:\/\/a-pant.ee\/ru\/product\/planshet-microsoft-surface-3-zaryadka\/","title":{"rendered":"\u041f\u043b\u0430\u043d\u0448\u0435\u0442 Microsoft Surface 3 + \u0437\u0430\u0440\u044f\u0434\u043a\u0430"},"content":{"rendered":"\n<p> Tahvelarvuti Microsoft Surface 3 + laadija\u00a0, heas seisu- ja t\u00f6\u00f6korras! <\/p><p> KIRJELDUS <br \/><br \/> Ekraan: 10,8-tolline ClearType Full HD Plus ekraan. Eraldusv\u00f5ime: 1920 x 1280. Kuvasuhe: 3:2. Puuteekraan: 10-punktiline multi-touch. <br \/> Protsessor: neljatuumaline Intel Atom x7-Z8700 (2 MB vahem\u00e4lu, 1,6 GHz Intel Burstiga kuni 2,4 GHz) <br \/> M\u00e4lu\/RAM: 128 GB m\u00e4lu ja 4 GB RAM. <br \/> V\u00f5rk (juhtmevaba ja mobiilside): Wi-Fi (802.11 a\/b\/g\/n\/ac), Bluetooth 4.0. <br \/> Portid: t\u00e4issuuruses USB 3.0, Mini DisplayPort, microSD-kaardi lugeja, Micro USB laadimisport, peakomplekti pesa, kaane port. <br \/> Tarkvara: Windows 10. <br \/> Kaamerad, video ja heli: 3,5-megapiksline esikaamera, 8,0-megapiksline autofookusega tagakaamera, mikrofon, stereok\u00f5larid Dolby heliga. <br \/> Andurid: valgusandur &#8212; l\u00e4hedusandur &#8212; kiirendusm\u00f5\u00f5tur &#8212; g\u00fcroskoop &#8212; magnetomeeter <br \/> Suurus: 10,52 x 7,36 x 0,34 tolli (267 x 187 x 8,7 mm) <br \/> Kaal: 1,37 naela (622 g) <br \/> Surface Pliiatsi tugi <\/p>\n","protected":false},"excerpt":{"rendered":"<p>Tahvelarvuti Microsoft Surface 3 + laadija\u00a0, heas seisu- ja t\u00f6\u00f6korras! KIRJELDUS Ekraan: 10,8-tolline ClearType Full HD Plus ekraan. Eraldusv\u00f5ime: 1920 x 1280. Kuvasuhe: 3:2. Puuteekraan: 10-punktiline multi-touch. Protsessor: neljatuumaline Intel Atom x7-Z8700 (2 MB vahem\u00e4lu, 1,6 GHz Intel Burstiga kuni 2,4 GHz) M\u00e4lu\/RAM: 128 GB m\u00e4lu ja 4 GB RAM. V\u00f5rk (juhtmevaba ja mobiilside): Wi-Fi [&hellip;]<\/p>\n","protected":false},"featured_media":26905,"comment_status":"closed","ping_status":"open","template":"","meta":{"inline_featured_image":false},"product_brand":[],"product_cat":[180],"product_tag":[],"class_list":{"0":"post-26904","1":"product","2":"type-product","3":"status-publish","4":"has-post-thumbnail","6":"product_cat-planshety","7":"pa_asukoht-lasnamae","8":"pa_seisukord-ispolzovano","10":"first","11":"instock","12":"taxable","13":"shipping-taxable","14":"purchasable","15":"product-type-simple"},"_links":{"self":[{"href":"https:\/\/a-pant.ee\/ru\/wp-json\/wp\/v2\/product\/26904","targetHints":{"allow":["GET"]}}],"collection":[{"href":"https:\/\/a-pant.ee\/ru\/wp-json\/wp\/v2\/product"}],"about":[{"href":"https:\/\/a-pant.ee\/ru\/wp-json\/wp\/v2\/types\/product"}],"replies":[{"embeddable":true,"href":"https:\/\/a-pant.ee\/ru\/wp-json\/wp\/v2\/comments?post=26904"}],"wp:featuredmedia":[{"embeddable":true,"href":"https:\/\/a-pant.ee\/ru\/wp-json\/wp\/v2\/media\/26905"}],"wp:attachment":[{"href":"https:\/\/a-pant.ee\/ru\/wp-json\/wp\/v2\/media?parent=26904"}],"wp:term":[{"taxonomy":"product_brand","embeddable":true,"href":"https:\/\/a-pant.ee\/ru\/wp-json\/wp\/v2\/product_brand?post=26904"},{"taxonomy":"product_cat","embeddable":true,"href":"https:\/\/a-pant.ee\/ru\/wp-json\/wp\/v2\/product_cat?post=26904"},{"taxonomy":"product_tag","embeddable":true,"href":"https:\/\/a-pant.ee\/ru\/wp-json\/wp\/v2\/product_tag?post=26904"}],"curies":[{"name":"wp","href":"https:\/\/api.w.org\/{rel}","templated":true}]}}