{"id":26886,"date":"2026-02-04T03:01:28","date_gmt":"2026-02-04T00:01:28","guid":{"rendered":"https:\/\/a-pant.ee\/product\/televizor-samsung-ue40h6200aw-pult\/"},"modified":"2026-02-22T12:33:13","modified_gmt":"2026-02-22T09:33:13","slug":"televizor-samsung-ue40h6200aw-pult","status":"publish","type":"product","link":"https:\/\/a-pant.ee\/ru\/product\/televizor-samsung-ue40h6200aw-pult\/","title":{"rendered":"\u0422\u0435\u043b\u0435\u0432\u0438\u0437\u043e\u0440 Samsung UE40H6200AW + \u041f\u0443\u043b\u044c\u0442"},"content":{"rendered":"\n<p> Teler Samsung UE40H6200AW + Pult\u00a0, heas seisu- ja t\u00f6\u00f6korras! <\/p><p> KIRJELDUS <\/p><p> Ekraani diagonaal * 101,6 cm (40 tolli) <\/p><p> T\u00fc\u00fcp HD * Full HD. <\/p><p> Ekraani kuju * Lame <\/p><p> Toetatud videovormingud 1080p. <\/p><p> Toetatud eraldusv\u00f5imed 1920 x 1080 (HD 1080) <\/p><p> Kaadri interpolatsiooni tehnoloogia * CMR (Clear Motion Rate) 200. <\/p><p> Loomulik v\u00e4rskendussagedus 60 Hz. <\/p><p> Ekraani eraldusv\u00f5ime * 1920 x 1080 pikslit <\/p>\n","protected":false},"excerpt":{"rendered":"<p>Teler Samsung UE40H6200AW + Pult\u00a0, heas seisu- ja t\u00f6\u00f6korras! KIRJELDUS Ekraani diagonaal * 101,6 cm (40 tolli) T\u00fc\u00fcp HD * Full HD. Ekraani kuju * Lame Toetatud videovormingud 1080p. Toetatud eraldusv\u00f5imed 1920 x 1080 (HD 1080) Kaadri interpolatsiooni tehnoloogia * CMR (Clear Motion Rate) 200. Loomulik v\u00e4rskendussagedus 60 Hz. Ekraani eraldusv\u00f5ime * 1920 x 1080 [&hellip;]<\/p>\n","protected":false},"featured_media":26887,"comment_status":"closed","ping_status":"open","template":"","meta":{"inline_featured_image":false},"product_brand":[],"product_cat":[162],"product_tag":[],"class_list":{"0":"post-26886","1":"product","2":"type-product","3":"status-publish","4":"has-post-thumbnail","6":"product_cat-elektronika-drugoe","7":"pa_asukoht-mustamae","8":"pa_seisukord-ispolzovano","10":"first","11":"instock","12":"taxable","13":"shipping-taxable","14":"purchasable","15":"product-type-simple"},"_links":{"self":[{"href":"https:\/\/a-pant.ee\/ru\/wp-json\/wp\/v2\/product\/26886","targetHints":{"allow":["GET"]}}],"collection":[{"href":"https:\/\/a-pant.ee\/ru\/wp-json\/wp\/v2\/product"}],"about":[{"href":"https:\/\/a-pant.ee\/ru\/wp-json\/wp\/v2\/types\/product"}],"replies":[{"embeddable":true,"href":"https:\/\/a-pant.ee\/ru\/wp-json\/wp\/v2\/comments?post=26886"}],"wp:featuredmedia":[{"embeddable":true,"href":"https:\/\/a-pant.ee\/ru\/wp-json\/wp\/v2\/media\/26887"}],"wp:attachment":[{"href":"https:\/\/a-pant.ee\/ru\/wp-json\/wp\/v2\/media?parent=26886"}],"wp:term":[{"taxonomy":"product_brand","embeddable":true,"href":"https:\/\/a-pant.ee\/ru\/wp-json\/wp\/v2\/product_brand?post=26886"},{"taxonomy":"product_cat","embeddable":true,"href":"https:\/\/a-pant.ee\/ru\/wp-json\/wp\/v2\/product_cat?post=26886"},{"taxonomy":"product_tag","embeddable":true,"href":"https:\/\/a-pant.ee\/ru\/wp-json\/wp\/v2\/product_tag?post=26886"}],"curies":[{"name":"wp","href":"https:\/\/api.w.org\/{rel}","templated":true}]}}