{"id":26878,"date":"2026-02-04T03:01:28","date_gmt":"2026-02-04T00:01:28","guid":{"rendered":"https:\/\/a-pant.ee\/product\/akkumulyatornyy-gaykovert-milwaukeem18-fmtiw2f12\/"},"modified":"2026-02-22T12:33:13","modified_gmt":"2026-02-22T09:33:13","slug":"akkumulyatornyj-gajkovert-milwaukeem18-fmtiw2f12-aku-50ach","status":"publish","type":"product","link":"https:\/\/a-pant.ee\/ru\/product\/akkumulyatornyj-gajkovert-milwaukeem18-fmtiw2f12-aku-50ach\/","title":{"rendered":"\u0410\u043a\u043a\u0443\u043c\u0443\u043b\u044f\u0442\u043e\u0440\u043d\u044b\u0439 \u0433\u0430\u0439\u043a\u043e\u0432\u0435\u0440\u0442 MilwaukeeM18 FMTIW2F12 + \u0430\u043a\u0443 5,0\u0410\u0447"},"content":{"rendered":"\n<p> Akul\u00f6\u00f6kmutrikeeraja Milwaukee M18 FMTIW2F12 ilma aku\u00a0, heas seisu- ja t\u00f6\u00f6korras! <\/p><p> KIRJELDUS <\/p><p> Padruni t\u00fc\u00fcp <br \/> ruudukujuline h\u00f5\u00f5rdr\u00f5ngaga <br \/> Padruni suurus <br \/> 1\/2 tolli <br \/> Max p\u00f6\u00f6rdemoment <br \/> 745 Nm <br \/> Maksimaalne kinnituse suurus, M <br \/> 22 <br \/> Kiiruse reguleerimine <br \/> Jah <br \/> M\u00f5ju olemasolu <br \/> Seal on <br \/> Maksimaalne l\u00f6\u00f6gisagedus <br \/> 3100 l\u00f6\u00f6ki\/min <br \/> Reversi olemasolu <br \/> Seal on <br \/> Taustvalgustuse olemasolu <br \/> Seal on <br \/> Netokaal <br \/> 2 kg <br \/> Mootori t\u00fc\u00fcp <br \/> harjadeta <br \/> Spindli kiirus <br \/> 0-1250 \/ 0-1325 \/ 0-1950 \/ 0-2575 p\u00f6\u00f6ret minutis <br \/> L\u00f6\u00f6ksagedus <br \/> 0-900 \/ 0-2100 \/ 0-3100 l\u00f6\u00f6ki minutis <\/p>\n","protected":false},"excerpt":{"rendered":"<p>Akul\u00f6\u00f6kmutrikeeraja Milwaukee M18 FMTIW2F12 ilma aku\u00a0, heas seisu- ja t\u00f6\u00f6korras! KIRJELDUS Padruni t\u00fc\u00fcp ruudukujuline h\u00f5\u00f5rdr\u00f5ngaga Padruni suurus 1\/2 tolli Max p\u00f6\u00f6rdemoment 745 Nm Maksimaalne kinnituse suurus, M 22 Kiiruse reguleerimine Jah M\u00f5ju olemasolu Seal on Maksimaalne l\u00f6\u00f6gisagedus 3100 l\u00f6\u00f6ki\/min Reversi olemasolu Seal on Taustvalgustuse olemasolu Seal on Netokaal 2 kg Mootori t\u00fc\u00fcp harjadeta Spindli kiirus [&hellip;]<\/p>\n","protected":false},"featured_media":26879,"comment_status":"closed","ping_status":"open","template":"","meta":{"inline_featured_image":false},"product_brand":[],"product_cat":[246],"product_tag":[],"class_list":{"0":"post-26878","1":"product","2":"type-product","3":"status-publish","4":"has-post-thumbnail","6":"product_cat-instrumenty-drugoe","7":"pa_asukoht-lasnamae","8":"pa_seisukord-ispolzovano","10":"first","11":"instock","12":"taxable","13":"shipping-taxable","14":"purchasable","15":"product-type-simple"},"_links":{"self":[{"href":"https:\/\/a-pant.ee\/ru\/wp-json\/wp\/v2\/product\/26878","targetHints":{"allow":["GET"]}}],"collection":[{"href":"https:\/\/a-pant.ee\/ru\/wp-json\/wp\/v2\/product"}],"about":[{"href":"https:\/\/a-pant.ee\/ru\/wp-json\/wp\/v2\/types\/product"}],"replies":[{"embeddable":true,"href":"https:\/\/a-pant.ee\/ru\/wp-json\/wp\/v2\/comments?post=26878"}],"wp:featuredmedia":[{"embeddable":true,"href":"https:\/\/a-pant.ee\/ru\/wp-json\/wp\/v2\/media\/26879"}],"wp:attachment":[{"href":"https:\/\/a-pant.ee\/ru\/wp-json\/wp\/v2\/media?parent=26878"}],"wp:term":[{"taxonomy":"product_brand","embeddable":true,"href":"https:\/\/a-pant.ee\/ru\/wp-json\/wp\/v2\/product_brand?post=26878"},{"taxonomy":"product_cat","embeddable":true,"href":"https:\/\/a-pant.ee\/ru\/wp-json\/wp\/v2\/product_cat?post=26878"},{"taxonomy":"product_tag","embeddable":true,"href":"https:\/\/a-pant.ee\/ru\/wp-json\/wp\/v2\/product_tag?post=26878"}],"curies":[{"name":"wp","href":"https:\/\/api.w.org\/{rel}","templated":true}]}}