{"id":26865,"date":"2026-02-04T03:01:28","date_gmt":"2026-02-04T00:01:28","guid":{"rendered":"https:\/\/a-pant.ee\/product\/noutbuk-dell-inspiron-15-n2830-w8\/"},"modified":"2026-02-22T12:33:12","modified_gmt":"2026-02-22T09:33:12","slug":"noutbuk-dell-inspiron-15-n2830-w8-zaryadkasumkakorobka","status":"publish","type":"product","link":"https:\/\/a-pant.ee\/ru\/product\/noutbuk-dell-inspiron-15-n2830-w8-zaryadkasumkakorobka\/","title":{"rendered":"\u041d\u043e\u0443\u0442\u0431\u0443\u043a Dell Inspiron 15 N2830 W8 + \u0417\u0430\u0440\u044f\u0434\u043a\u0430,\u0441\u0443\u043c\u043a\u0430,\u043a\u043e\u0440\u043e\u0431\u043a\u0430"},"content":{"rendered":"\n<p> S\u00fclearvuti Dell Inspiron 15 N2830 W8 + Laadija,Kott, Karp, heas seisu- ja t\u00f6\u00f6korras! <\/p><p> KIRJELDUS <\/p><p> Protsessor (CPU) : Intel Celeron N2830 2,16Ghz <\/p><p> Operatiiv m\u00e4lu : 4GB <\/p><p> Videokaart (CPU): Intel <\/p><p> K\u00f5vaketas: HDD 500GB <\/p><p> Operatsioonis\u00fcsteem: Windows 8 Professional <\/p>\n","protected":false},"excerpt":{"rendered":"<p>S\u00fclearvuti Dell Inspiron 15 N2830 W8 + Laadija,Kott, Karp, heas seisu- ja t\u00f6\u00f6korras! KIRJELDUS Protsessor (CPU) : Intel Celeron N2830 2,16Ghz Operatiiv m\u00e4lu : 4GB Videokaart (CPU): Intel K\u00f5vaketas: HDD 500GB Operatsioonis\u00fcsteem: Windows 8 Professional<\/p>\n","protected":false},"featured_media":26866,"comment_status":"closed","ping_status":"closed","template":"","meta":{"inline_featured_image":false},"product_brand":[],"product_cat":[179],"product_tag":[],"class_list":{"0":"post-26865","1":"product","2":"type-product","3":"status-publish","4":"has-post-thumbnail","6":"product_cat-noutbuki","7":"pa_asukoht-mustamae","8":"pa_seisukord-ispolzovano","10":"first","11":"instock","12":"sale","13":"taxable","14":"shipping-taxable","15":"purchasable","16":"product-type-simple"},"_links":{"self":[{"href":"https:\/\/a-pant.ee\/ru\/wp-json\/wp\/v2\/product\/26865","targetHints":{"allow":["GET"]}}],"collection":[{"href":"https:\/\/a-pant.ee\/ru\/wp-json\/wp\/v2\/product"}],"about":[{"href":"https:\/\/a-pant.ee\/ru\/wp-json\/wp\/v2\/types\/product"}],"replies":[{"embeddable":true,"href":"https:\/\/a-pant.ee\/ru\/wp-json\/wp\/v2\/comments?post=26865"}],"wp:featuredmedia":[{"embeddable":true,"href":"https:\/\/a-pant.ee\/ru\/wp-json\/wp\/v2\/media\/26866"}],"wp:attachment":[{"href":"https:\/\/a-pant.ee\/ru\/wp-json\/wp\/v2\/media?parent=26865"}],"wp:term":[{"taxonomy":"product_brand","embeddable":true,"href":"https:\/\/a-pant.ee\/ru\/wp-json\/wp\/v2\/product_brand?post=26865"},{"taxonomy":"product_cat","embeddable":true,"href":"https:\/\/a-pant.ee\/ru\/wp-json\/wp\/v2\/product_cat?post=26865"},{"taxonomy":"product_tag","embeddable":true,"href":"https:\/\/a-pant.ee\/ru\/wp-json\/wp\/v2\/product_tag?post=26865"}],"curies":[{"name":"wp","href":"https:\/\/api.w.org\/{rel}","templated":true}]}}