{"id":26858,"date":"2026-02-04T03:01:28","date_gmt":"2026-02-04T00:01:28","guid":{"rendered":"https:\/\/a-pant.ee\/product\/mobilnyy-telefon-blackview-bv6000-32gb\/"},"modified":"2026-02-22T12:33:12","modified_gmt":"2026-02-22T09:33:12","slug":"mobilnyj-telefon-blackview-bv6000-32gb","status":"publish","type":"product","link":"https:\/\/a-pant.ee\/ru\/product\/mobilnyj-telefon-blackview-bv6000-32gb\/","title":{"rendered":"\u041c\u043e\u0431\u0438\u043b\u044c\u043d\u044b\u0439 \u0442\u0435\u043b\u0435\u0444\u043e\u043d Blackview BV6000 32Gb"},"content":{"rendered":"\n<p> Mobiiltelefon Blackview BV6000 32Gb\u00a0, heas seisu- ja t\u00f6\u00f6korras! <\/p><p> KIRJELDUS <\/p><p> Toote t\u00fc\u00fcp\u00a0Mobiil- ja nutitelefonid <\/p><p> Kaubam\u00e4rk\u00a0Blackview <\/p><p> Mudel\u00a0BV6000 <\/p><p> Mobiiltelefoni t\u00fc\u00fcp\u00a0Puutetundliku ekraaniga <\/p><p> V\u00e4rv\u00a0Must <\/p><p> Korpuse materjal\u00a0Alumiinium, Plastik <\/p><p> Toetatud SIM-kaartide arv\u00a02 <\/p><p> SIM-kaardi t\u00fc\u00fcp\u00a0Micro SIM <\/p><p> Installitud operatsioonis\u00fcsteem\u00a0Android <\/p><p> Installitud operatsioonis\u00fcsteemi versioon\u00a06.0 (Marshmallow) <\/p><p> Ekraani suurus\u00a04.7 &#187; <\/p><p> Ekraani eraldusv\u00f5ime\u00a0720 x 1280 <\/p><p> Kuva t\u00fc\u00fcp\u00a0IPS <\/p><p> Suurema vastupidavusega ekraan\u00a0Corning Gorilla Glass 3 <\/p><p> Protsessori mudel\u00a0Octa-core 2.0 GHz Cortex-A53 <\/p><p> Protsessori tuumad\u00a08 <\/p><p> Videokaardi mudel\u00a0ARM Mali-T860 <\/p><p> Operatiivm\u00e4lu (RAM)\u00a03 GB <\/p><p> M\u00e4lumaht\u00a032 GB <\/p><p> Toetatud m\u00e4lukaardid\u00a0Micro SD <\/p><p> Tagumine kaamera\u00a013 MP <\/p><p> Eesmine kaamera\u00a05 MP <\/p><p> WiFi-liides\u00a0Jah <\/p><p> WiFi Direct liides\u00a0Ei <\/p><p> 3G kommunikatsiooni tugi\u00a0Jah <\/p><p> 4G kommunikatsiooni tugi\u00a0Jah <\/p><p> Bluetooth-liides\u00a0Jah <\/p><p> Bluetoothi versioon\u00a04.0 <\/p><p> NFC\u00a0Jah <\/p><p> USB-liidese t\u00fc\u00fcp\u00a0Micro USB <\/p><p> Navigatsiooni (GPS) funktsioon\u00a0Jah <\/p><p> FM-raadio\u00a0Jah <\/p><p> K\u00f5rvaklappide pesa\u00a0On (3,5 mm) <\/p><p> Aku t\u00fc\u00fcp\u00a0LiPo <\/p><p> Aku maht\u00a04500 mAh <\/p><p> Aku kiirlaadimine\u00a0Ei <\/p><p> Juhtmeta laadimine\u00a0Ei <\/p><p> Ooteaeg kuni\u00a0504 h <\/p><p> K\u00f5neaeg kuni\u00a024 h <\/p><p> Kaal koos akuga\u00a0247 g <\/p><p> Erikaitse\u00a0L\u00f6\u00f6gikindel , Niiskuskindel, Tolmukindel <\/p><p> S\u00f5rmej\u00e4lje lugeja\u00a0Ei <\/p><p> N\u00e4otuvastus\u00a0Ei <\/p><p> Audiofailide vormingud\u00a0AMR, FLAC, MP3, WAV <\/p><p> Videofailide formaadid\u00a0AVI, FLV, MKV, MOV, MP4 <\/p><p> Toetatud keeled\u00a0Inglise, L\u00e4ti, Vene <\/p><p> T\u00e4iendav info\u00a0Kiibistik: MediaTek MT6755. Kiirendusm\u00f5\u00f5tur. L\u00e4hedusandur. Valgussensor. Manomeeter. <\/p>\n","protected":false},"excerpt":{"rendered":"<p>Mobiiltelefon Blackview BV6000 32Gb\u00a0, heas seisu- ja t\u00f6\u00f6korras! KIRJELDUS Toote t\u00fc\u00fcp\u00a0Mobiil- ja nutitelefonid Kaubam\u00e4rk\u00a0Blackview Mudel\u00a0BV6000 Mobiiltelefoni t\u00fc\u00fcp\u00a0Puutetundliku ekraaniga V\u00e4rv\u00a0Must Korpuse materjal\u00a0Alumiinium, Plastik Toetatud SIM-kaartide arv\u00a02 SIM-kaardi t\u00fc\u00fcp\u00a0Micro SIM Installitud operatsioonis\u00fcsteem\u00a0Android Installitud operatsioonis\u00fcsteemi versioon\u00a06.0 (Marshmallow) Ekraani suurus\u00a04.7 &#187; Ekraani eraldusv\u00f5ime\u00a0720 x 1280 Kuva t\u00fc\u00fcp\u00a0IPS Suurema vastupidavusega ekraan\u00a0Corning Gorilla Glass 3 Protsessori mudel\u00a0Octa-core 2.0 GHz Cortex-A53 Protsessori [&hellip;]<\/p>\n","protected":false},"featured_media":26859,"comment_status":"closed","ping_status":"open","template":"","meta":{"inline_featured_image":false},"product_brand":[],"product_cat":[171],"product_tag":[],"class_list":{"0":"post-26858","1":"product","2":"type-product","3":"status-publish","4":"has-post-thumbnail","6":"product_cat-mobilnye-telefony","7":"pa_asukoht-lasnamae","8":"pa_seisukord-ispolzovano","10":"first","11":"instock","12":"taxable","13":"shipping-taxable","14":"purchasable","15":"product-type-simple"},"_links":{"self":[{"href":"https:\/\/a-pant.ee\/ru\/wp-json\/wp\/v2\/product\/26858","targetHints":{"allow":["GET"]}}],"collection":[{"href":"https:\/\/a-pant.ee\/ru\/wp-json\/wp\/v2\/product"}],"about":[{"href":"https:\/\/a-pant.ee\/ru\/wp-json\/wp\/v2\/types\/product"}],"replies":[{"embeddable":true,"href":"https:\/\/a-pant.ee\/ru\/wp-json\/wp\/v2\/comments?post=26858"}],"wp:featuredmedia":[{"embeddable":true,"href":"https:\/\/a-pant.ee\/ru\/wp-json\/wp\/v2\/media\/26859"}],"wp:attachment":[{"href":"https:\/\/a-pant.ee\/ru\/wp-json\/wp\/v2\/media?parent=26858"}],"wp:term":[{"taxonomy":"product_brand","embeddable":true,"href":"https:\/\/a-pant.ee\/ru\/wp-json\/wp\/v2\/product_brand?post=26858"},{"taxonomy":"product_cat","embeddable":true,"href":"https:\/\/a-pant.ee\/ru\/wp-json\/wp\/v2\/product_cat?post=26858"},{"taxonomy":"product_tag","embeddable":true,"href":"https:\/\/a-pant.ee\/ru\/wp-json\/wp\/v2\/product_tag?post=26858"}],"curies":[{"name":"wp","href":"https:\/\/api.w.org\/{rel}","templated":true}]}}