{"id":26853,"date":"2026-02-04T03:01:28","date_gmt":"2026-02-04T00:01:28","guid":{"rendered":"https:\/\/a-pant.ee\/product\/elektrosamokat-inokim-ox-zaryadka\/"},"modified":"2026-02-22T12:33:12","modified_gmt":"2026-02-22T09:33:12","slug":"elektrosamokat-inokim-ox-zaryadka","status":"publish","type":"product","link":"https:\/\/a-pant.ee\/ru\/product\/elektrosamokat-inokim-ox-zaryadka\/","title":{"rendered":"\u042d\u043b\u0435\u043a\u0442\u0440\u043e\u0441\u0430\u043c\u043e\u043a\u0430\u0442 Inokim OX + \u0437\u0430\u0440\u044f\u0434\u043a\u0430"},"content":{"rendered":"\n<p> Elektriline t\u00f5ukeratas Inokim OX + laadija\u00a0, heas seisu- ja t\u00f6\u00f6korras! <\/p><p> KIRJELDUS <\/p><p> maksimaalne kiirus 25 km\/h <\/p><p> maksimaalne s\u00f5iduulatus (kuni) 50 km <\/p><p> maksimaalne kandev\u00f5ime 120 kg <\/p><p> mootori v\u00f5imsus 1000 W <\/p><p> rehvit\u00fc\u00fcp \u00f5hk <\/p><p> tuled eesmised, tagumised, LED <\/p><p> eesmine pidur Trummel <\/p><p> tagumine pidur Ketas <\/p><p> amordid eesmised, tagumised <\/p><p> seisujalg Jah <\/p><p> veot\u00fc\u00fcp tagavedu <\/p><p> eemaldatav aku Ei <\/p><p> aku laadimisaeg 8 h <\/p><p> tootja Inokim <\/p><p> kaal 26 kg <\/p><p> laius 58 cm <\/p><p> k\u00f5rgus 128 cm <\/p>\n","protected":false},"excerpt":{"rendered":"<p>Elektriline t\u00f5ukeratas Inokim OX + laadija\u00a0, heas seisu- ja t\u00f6\u00f6korras! KIRJELDUS maksimaalne kiirus 25 km\/h maksimaalne s\u00f5iduulatus (kuni) 50 km maksimaalne kandev\u00f5ime 120 kg mootori v\u00f5imsus 1000 W rehvit\u00fc\u00fcp \u00f5hk tuled eesmised, tagumised, LED eesmine pidur Trummel tagumine pidur Ketas amordid eesmised, tagumised seisujalg Jah veot\u00fc\u00fcp tagavedu eemaldatav aku Ei aku laadimisaeg 8 h tootja [&hellip;]<\/p>\n","protected":false},"featured_media":26854,"comment_status":"closed","ping_status":"open","template":"","meta":{"inline_featured_image":false},"product_brand":[],"product_cat":[215],"product_tag":[],"class_list":{"0":"post-26853","1":"product","2":"type-product","3":"status-publish","4":"has-post-thumbnail","6":"product_cat-elektricheskie-samokaty","7":"product_shipping_class-oversize","8":"pa_asukoht-lasnamae","9":"pa_seisukord-ispolzovano","11":"first","12":"instock","13":"taxable","14":"shipping-taxable","15":"purchasable","16":"product-type-simple"},"_links":{"self":[{"href":"https:\/\/a-pant.ee\/ru\/wp-json\/wp\/v2\/product\/26853","targetHints":{"allow":["GET"]}}],"collection":[{"href":"https:\/\/a-pant.ee\/ru\/wp-json\/wp\/v2\/product"}],"about":[{"href":"https:\/\/a-pant.ee\/ru\/wp-json\/wp\/v2\/types\/product"}],"replies":[{"embeddable":true,"href":"https:\/\/a-pant.ee\/ru\/wp-json\/wp\/v2\/comments?post=26853"}],"wp:featuredmedia":[{"embeddable":true,"href":"https:\/\/a-pant.ee\/ru\/wp-json\/wp\/v2\/media\/26854"}],"wp:attachment":[{"href":"https:\/\/a-pant.ee\/ru\/wp-json\/wp\/v2\/media?parent=26853"}],"wp:term":[{"taxonomy":"product_brand","embeddable":true,"href":"https:\/\/a-pant.ee\/ru\/wp-json\/wp\/v2\/product_brand?post=26853"},{"taxonomy":"product_cat","embeddable":true,"href":"https:\/\/a-pant.ee\/ru\/wp-json\/wp\/v2\/product_cat?post=26853"},{"taxonomy":"product_tag","embeddable":true,"href":"https:\/\/a-pant.ee\/ru\/wp-json\/wp\/v2\/product_tag?post=26853"}],"curies":[{"name":"wp","href":"https:\/\/api.w.org\/{rel}","templated":true}]}}